{"id":1049,"date":"2022-01-23T19:38:29","date_gmt":"2022-01-23T17:38:29","guid":{"rendered":"https:\/\/superstore.ee\/?page_id=1049"},"modified":"2024-08-14T21:49:53","modified_gmt":"2024-08-14T19:49:53","slug":"kontakt","status":"publish","type":"page","link":"https:\/\/superstore.ee\/index.php\/kontakt\/","title":{"rendered":"Info"},"content":{"rendered":"\n<p>Email:&nbsp;<strong>superstore.estonia@gmail.ee<\/strong><\/p>\n\n\n\n<h3 class=\"wp-block-heading\">Ettev\u00f5tte andmed<\/h3>\n\n\n\n<p><strong>BEAUTYSUPERSTORE O\u00dc<\/strong><br>Registrikood: 17032636<br>Email: <strong>superstore.estonia@gmail.ee<\/strong><br>Aadress: K\u00f5rkja tn 14-2, Harkuj\u00e4rve k\u00fcla, Harku vald, Harjumaa, 76912<\/p>\n\n\n\n<p><\/p>\n","protected":false},"excerpt":{"rendered":"<p>Email:&nbsp;superstore.estonia@gmail.ee Ettev\u00f5tte andmed BEAUTYSUPERSTORE O\u00dcRegistrikood: 17032636Email: superstore.estonia@gmail.eeAadress: K\u00f5rkja tn 14-2, Harkuj\u00e4rve k\u00fcla, Harku vald, Harjumaa, 76912<\/p>\n","protected":false},"author":1,"featured_media":0,"parent":0,"menu_order":0,"comment_status":"closed","ping_status":"closed","template":"","meta":{"footnotes":""},"class_list":["post-1049","page","type-page","status-publish","hentry"],"jetpack_shortlink":"https:\/\/wp.me\/PdzjgJ-gV","jetpack_sharing_enabled":true,"jetpack_likes_enabled":true,"_links":{"self":[{"href":"https:\/\/superstore.ee\/index.php\/wp-json\/wp\/v2\/pages\/1049","targetHints":{"allow":["GET"]}}],"collection":[{"href":"https:\/\/superstore.ee\/index.php\/wp-json\/wp\/v2\/pages"}],"about":[{"href":"https:\/\/superstore.ee\/index.php\/wp-json\/wp\/v2\/types\/page"}],"author":[{"embeddable":true,"href":"https:\/\/superstore.ee\/index.php\/wp-json\/wp\/v2\/users\/1"}],"replies":[{"embeddable":true,"href":"https:\/\/superstore.ee\/index.php\/wp-json\/wp\/v2\/comments?post=1049"}],"version-history":[{"count":6,"href":"https:\/\/superstore.ee\/index.php\/wp-json\/wp\/v2\/pages\/1049\/revisions"}],"predecessor-version":[{"id":17446,"href":"https:\/\/superstore.ee\/index.php\/wp-json\/wp\/v2\/pages\/1049\/revisions\/17446"}],"wp:attachment":[{"href":"https:\/\/superstore.ee\/index.php\/wp-json\/wp\/v2\/media?parent=1049"}],"curies":[{"name":"wp","href":"https:\/\/api.w.org\/{rel}","templated":true}]}}