{"id":17428,"date":"2024-08-14T21:23:13","date_gmt":"2024-08-14T19:23:13","guid":{"rendered":"https:\/\/superstore.ee\/?page_id=17428"},"modified":"2024-08-14T21:43:23","modified_gmt":"2024-08-14T19:43:23","slug":"kontakt-2","status":"publish","type":"page","link":"https:\/\/superstore.ee\/index.php\/kontakt-2\/","title":{"rendered":"Kontakt"},"content":{"rendered":"\n<div class=\"wp-block-jetpack-contact-info\">\n<div class=\"wp-block-jetpack-email\"><a href=\"mailto:superstore.estonia@gmail.ee\">superstore.estonia@gmail.ee<\/a><\/div>\n<\/div>\n\n\n\n<div class=\"wp-block-jetpack-markdown\"><p>Email: <strong>superstore.estonia@gmail.ee<\/strong><\/p>\n<h3>Ettev\u00f5tte andmed<\/h3>\n<p><strong>BEAUTYSUPERSTORE O\u00dc<\/strong><br>\nRegistrikood: 17032636<br>\nEmail: superstore.estonia@gmail.ee<br>\nAadress: K\u00f5rkja tn 14-2, Harkuj\u00e4rve k\u00fcla, Harku vald, Harjumaa, 76912<\/p>\n<\/div>\n\n\n\n<p><\/p>\n","protected":false},"excerpt":{"rendered":"","protected":false},"author":1,"featured_media":0,"parent":0,"menu_order":0,"comment_status":"closed","ping_status":"closed","template":"","meta":{"footnotes":""},"class_list":["post-17428","page","type-page","status-publish","hentry"],"jetpack_shortlink":"https:\/\/wp.me\/PdzjgJ-4x6","jetpack_sharing_enabled":true,"jetpack_likes_enabled":true,"_links":{"self":[{"href":"https:\/\/superstore.ee\/index.php\/wp-json\/wp\/v2\/pages\/17428","targetHints":{"allow":["GET"]}}],"collection":[{"href":"https:\/\/superstore.ee\/index.php\/wp-json\/wp\/v2\/pages"}],"about":[{"href":"https:\/\/superstore.ee\/index.php\/wp-json\/wp\/v2\/types\/page"}],"author":[{"embeddable":true,"href":"https:\/\/superstore.ee\/index.php\/wp-json\/wp\/v2\/users\/1"}],"replies":[{"embeddable":true,"href":"https:\/\/superstore.ee\/index.php\/wp-json\/wp\/v2\/comments?post=17428"}],"version-history":[{"count":4,"href":"https:\/\/superstore.ee\/index.php\/wp-json\/wp\/v2\/pages\/17428\/revisions"}],"predecessor-version":[{"id":17444,"href":"https:\/\/superstore.ee\/index.php\/wp-json\/wp\/v2\/pages\/17428\/revisions\/17444"}],"wp:attachment":[{"href":"https:\/\/superstore.ee\/index.php\/wp-json\/wp\/v2\/media?parent=17428"}],"curies":[{"name":"wp","href":"https:\/\/api.w.org\/{rel}","templated":true}]}}