{"id":3,"date":"2021-12-04T14:34:35","date_gmt":"2021-12-04T14:34:35","guid":{"rendered":"https:\/\/superstore.ee\/?page_id=3"},"modified":"2024-08-14T21:24:43","modified_gmt":"2024-08-14T19:24:43","slug":"andmekaitsetingimused","status":"publish","type":"page","link":"https:\/\/superstore.ee\/index.php\/andmekaitsetingimused\/","title":{"rendered":"Privaatsustingimused"},"content":{"rendered":"\n<div class=\"wp-block-jetpack-markdown\"><p>K\u00e4esolevad privaatsustingimused kirjeldavad, kuidas superstore.ee (\u201cmeie\u201d, \u201cmeie oma\u201d, \u201cmeid\u201d), mida haldab BEAUTYSUPERSTORE O\u00dc (Registrikood: 17032636), kogub, kasutab ja avaldab teie isikuandmeid, kui k\u00fclastate meie veebilehte v\u00f5i teete ostu.<\/p>\n<h3>Kogutavad andmed<\/h3>\n<p>Kui k\u00fclastate meie veebilehte, kogume automaatselt teatud teavet teie seadme kohta, sealhulgas teavet teie veebibrauseri, IP-aadressi, ajav\u00f6\u00f6ndi ja teie seadmesse installitud k\u00fcpsiste kohta. Lisaks sellele, kui teete ostu v\u00f5i proovite ostu sooritada, kogume teilt teavet, sealhulgas teie nime, arveldusaadressi, tarneteavet ja makseteavet (n\u00e4iteks krediitkaardinumber).<\/p>\n<h3>K\u00fcpsised<\/h3>\n<p>Kasutame k\u00fcpsiseid ja sarnaseid tehnoloogiaid, et t\u00e4iustada teie kasutajakogemust, j\u00e4lgida veebilehe kasutamist ning pakkuda isikup\u00e4rastatud reklaame. K\u00fcpsiseid v\u00f5idakse kasutada ka teie seadme tuvastamiseks, kui tulevikus meie veebilehte k\u00fclastate.<\/p>\n<h3>Andmete kasutamine<\/h3>\n<p>Kasutame kogutud andmeid peamiselt selleks, et t\u00e4ita teie tellimused, t\u00f6\u00f6delda makseid ja pakkuda kliendituge. Samuti v\u00f5ime kasutada teie andmeid, et saata teile teavet meie toodete ja teenuste kohta v\u00f5i muul viisil teiega suhelda.<\/p>\n<h3>Andmete jagamine<\/h3>\n<p>V\u00f5ime jagada teie isikuandmeid kolmandate osapooltega, kes aitavad meil pakkuda oma teenuseid, n\u00e4iteks makseteenuse pakkujad ja tarnefirmad. Tagame, et k\u00f5ik kolmandad osapooled j\u00e4rgivad meie andmekaitse n\u00f5udeid.<\/p>\n<h3>Teie \u00f5igused<\/h3>\n<p>Teil on \u00f5igus taotleda juurdep\u00e4\u00e4su oma isikuandmetele, nende parandamist v\u00f5i kustutamist. Kui soovite seda teha, v\u00f5tke meiega \u00fchendust allolevate kontaktandmete kaudu.<\/p>\n<h3>Andmete s\u00e4ilitamine<\/h3>\n<p>S\u00e4ilitame teie isikuandmeid ainult nii kaua, kui see on vajalik nende eesm\u00e4rkide t\u00e4itmiseks, milleks need koguti, v\u00f5i kui seadus seda n\u00f5uab.<\/p>\n<h3>Privaatsustingimuste muutmine<\/h3>\n<p>V\u00f5ime neid privaatsustingimusi aeg-ajalt uuendada, et kajastada muudatusi meie tavadest v\u00f5i muudel operatiivsetel, juriidilistel v\u00f5i regulatiivsetel p\u00f5hjustel.<\/p>\n<h3>Kontaktinfo<\/h3>\n<p>Kui teil on k\u00fcsimusi meie privaatsustingimuste kohta, v\u00f5tke meiega \u00fchendust:<\/p>\n<p><strong>BEAUTYSUPERSTORE O\u00dc<\/strong><br>\nRegistrikood: 17032636<br>\nEmail: superstore.estonia@gmail.ee<br>\nAadress: K\u00f5rkja tn 14-2, Harkuj\u00e4rve k\u00fcla, Harku vald, Harjumaa, 76912<\/p>\n<hr>\n<p>K\u00e4esolevad privaatsustingimused on koostatud teie privaatsuse kaitsmiseks ja meie veebiteenuste sujuva toimimise tagamiseks.<\/p>\n<\/div>\n","protected":false},"excerpt":{"rendered":"","protected":false},"author":1,"featured_media":0,"parent":0,"menu_order":0,"comment_status":"closed","ping_status":"open","template":"","meta":{"footnotes":""},"class_list":["post-3","page","type-page","status-publish","hentry"],"jetpack_shortlink":"https:\/\/wp.me\/PdzjgJ-3","jetpack_sharing_enabled":true,"jetpack_likes_enabled":true,"_links":{"self":[{"href":"https:\/\/superstore.ee\/index.php\/wp-json\/wp\/v2\/pages\/3","targetHints":{"allow":["GET"]}}],"collection":[{"href":"https:\/\/superstore.ee\/index.php\/wp-json\/wp\/v2\/pages"}],"about":[{"href":"https:\/\/superstore.ee\/index.php\/wp-json\/wp\/v2\/types\/page"}],"author":[{"embeddable":true,"href":"https:\/\/superstore.ee\/index.php\/wp-json\/wp\/v2\/users\/1"}],"replies":[{"embeddable":true,"href":"https:\/\/superstore.ee\/index.php\/wp-json\/wp\/v2\/comments?post=3"}],"version-history":[{"count":9,"href":"https:\/\/superstore.ee\/index.php\/wp-json\/wp\/v2\/pages\/3\/revisions"}],"predecessor-version":[{"id":17432,"href":"https:\/\/superstore.ee\/index.php\/wp-json\/wp\/v2\/pages\/3\/revisions\/17432"}],"wp:attachment":[{"href":"https:\/\/superstore.ee\/index.php\/wp-json\/wp\/v2\/media?parent=3"}],"curies":[{"name":"wp","href":"https:\/\/api.w.org\/{rel}","templated":true}]}}