{"id":10110,"date":"2023-04-21T13:46:36","date_gmt":"2023-04-21T11:46:36","guid":{"rendered":"https:\/\/superstore.ee\/?post_type=product&#038;p=10110"},"modified":"2024-07-13T16:44:10","modified_gmt":"2024-07-13T14:44:10","slug":"ultramatt-huulepulk-kiko-milano-charming-escape-luxurious-matte-lipstick","status":"publish","type":"product","link":"https:\/\/superstore.ee\/index.php\/toode\/ultramatt-huulepulk-kiko-milano-charming-escape-luxurious-matte-lipstick\/","title":{"rendered":"Ultramatt huulepulk KIKO Milano Charming Escape Luxurious Matte Lipstick"},"content":{"rendered":"","protected":false},"excerpt":{"rendered":"<p class=\"price\">\ud83c\uddea\ud83c\uddea Ultramatt huulepulk KIKO Milano Charming Escape Luxurious Matte Lipstick<\/p>\n<div class=\"woocommerce-product-details__short-description\">\n<ul>\n<li class=\"ProductDetails__Description visible-md\" role=\"heading\" data-size=\"medium\" aria-level=\"1\">Huulepulk on kreemja tekstuuriga, ei j\u00e4ta j\u00e4\u00e4ki, v\u00e4ga pehme ja meeldiv huultel.<\/li>\n<li class=\"ProductDetails__Description visible-md\" role=\"heading\" data-size=\"medium\" aria-level=\"1\">Rikastatud oliivi\u00f5liga<\/li>\n<li>Apelsini\u00f5ie l\u00f5hnaga<\/li>\n<li class=\"ProductDetails__Description visible-md\" role=\"heading\" data-size=\"medium\" aria-level=\"1\">Uskumatult lihtne peale kanda<\/li>\n<\/ul>\n<div role=\"heading\" data-size=\"medium\" aria-level=\"1\">\n<p>\ud83c\uddf7\ud83c\uddfa KIKO Milano \u0443\u043b\u044c\u0442\u0440\u0430\u043c\u0430\u0442\u043e\u0432\u0430\u044f \u043f\u043e\u043c\u0430\u0434\u0430<\/p>\n<ul>\n<li>\u0418\u043c\u0435\u0435\u0442 \u043a\u0440\u0435\u043c\u043e\u0432\u0443\u044e \u0442\u0435\u043a\u0441\u0442\u0443\u0440\u0443, \u043d\u0435 \u043e\u0441\u0442\u0430\u0432\u043b\u044f\u0435\u0442 \u0441\u043b\u0435\u0434\u043e\u0432, \u043e\u0447\u0435\u043d\u044c \u043c\u044f\u0433\u043a\u0430\u044f \u0438 \u043f\u0440\u0438\u044f\u0442\u043d\u0430\u044f \u043d\u0430 \u0433\u0443\u0431\u0430\u0445.<\/li>\n<li>\u041e\u0431\u043e\u0433\u0430\u0449\u0435\u043d\u0430 \u043e\u043b\u0438\u0432\u043a\u043e\u0432\u044b\u043c \u043c\u0430\u0441\u043b\u043e\u043c<\/li>\n<li>\u0421 \u0430\u0440\u043e\u043c\u0430\u0442\u043e\u043c \u0446\u0432\u0435\u0442\u043e\u0432 \u0430\u043f\u0435\u043b\u044c\u0441\u0438\u043d\u0430<\/li>\n<li>\u041d\u0435\u0432\u0435\u0440\u043e\u044f\u0442\u043d\u043e \u043b\u0435\u0433\u043a\u043e \u043d\u0430\u043d\u043e\u0441\u0438\u0442\u044c<\/li>\n<\/ul>\n<\/div>\n<div role=\"heading\" data-size=\"medium\" aria-level=\"1\">\ud83c\uddfa\ud83c\uddf8 KIKO Milano Charming Escape Luxurious Matte Lipstick<\/div>\n<ul>\n<li>Ultra matte no-transfer lipstick and velvety finish<\/li>\n<li>Enriched with olive oil of Italian origin<\/li>\n<li>It has a creamy, no-transfer texture, extremely soft and comfortable on the lips<\/li>\n<li>Scented with an orange blossom fragrance<\/li>\n<li>it\u2019s incredibly easy to apply<\/li>\n<\/ul>\n<\/div>\n","protected":false},"featured_media":11838,"template":"","meta":{"jetpack_publicize_message":"","jetpack_publicize_feature_enabled":true,"jetpack_social_post_already_shared":false,"jetpack_social_options":{"image_generator_settings":{"template":"highway","default_image_id":0,"font":"","enabled":false},"version":2}},"product_brand":[],"product_cat":[340,631],"product_tag":[],"class_list":{"0":"post-10110","1":"product","2":"type-product","3":"status-publish","4":"has-post-thumbnail","6":"product_cat-kiko-milano","7":"product_cat-sale","8":"pa_varv-01-creamy-cappuccino","9":"pa_varv-02-milky-coffee","10":"pa_varv-03-elegant-rosewood","11":"pa_varv-04-dainty-mauve","12":"pa_varv-05-pinkish-lily","13":"pa_varv-407","15":"first","16":"outofstock","17":"sale","18":"shipping-taxable","19":"product-type-variable"},"jetpack_publicize_connections":[],"jetpack_sharing_enabled":true,"jetpack_likes_enabled":true,"_links":{"self":[{"href":"https:\/\/superstore.ee\/index.php\/wp-json\/wp\/v2\/product\/10110","targetHints":{"allow":["GET"]}}],"collection":[{"href":"https:\/\/superstore.ee\/index.php\/wp-json\/wp\/v2\/product"}],"about":[{"href":"https:\/\/superstore.ee\/index.php\/wp-json\/wp\/v2\/types\/product"}],"wp:featuredmedia":[{"embeddable":true,"href":"https:\/\/superstore.ee\/index.php\/wp-json\/wp\/v2\/media\/11838"}],"wp:attachment":[{"href":"https:\/\/superstore.ee\/index.php\/wp-json\/wp\/v2\/media?parent=10110"}],"wp:term":[{"taxonomy":"product_brand","embeddable":true,"href":"https:\/\/superstore.ee\/index.php\/wp-json\/wp\/v2\/product_brand?post=10110"},{"taxonomy":"product_cat","embeddable":true,"href":"https:\/\/superstore.ee\/index.php\/wp-json\/wp\/v2\/product_cat?post=10110"},{"taxonomy":"product_tag","embeddable":true,"href":"https:\/\/superstore.ee\/index.php\/wp-json\/wp\/v2\/product_tag?post=10110"}],"curies":[{"name":"wp","href":"https:\/\/api.w.org\/{rel}","templated":true}]}}