{"id":10309,"date":"2023-04-28T13:43:03","date_gmt":"2023-04-28T11:43:03","guid":{"rendered":"https:\/\/superstore.ee\/?post_type=product&#038;p=10309"},"modified":"2023-07-06T11:46:44","modified_gmt":"2023-07-06T09:46:44","slug":"toitev-ja-rahustav-naomask-kiko-milano-green-me-gentle-face-mask","status":"publish","type":"product","link":"https:\/\/superstore.ee\/index.php\/toode\/toitev-ja-rahustav-naomask-kiko-milano-green-me-gentle-face-mask\/","title":{"rendered":"Toitev ja rahustav n\u00e4omask KIKO Milano Green Me Gentle Face Mask"},"content":{"rendered":"","protected":false},"excerpt":{"rendered":"<p>\ud83c\uddea\ud83c\uddea Toitev ja rahustav n\u00e4omask KIKO Milano Green Me Gentle Face Mask<\/p>\n<p>Vegan valem, mis sisaldab 97% looduslikku p\u00e4ritolu toorainest saadud koostisosi. Rikastatud <em><strong>sheav\u00f5i, granaat\u00f5unaseemne-, mandli-, sarapuup\u00e4hkli-, kirsi- ja oliivi\u00f5liga<\/strong><\/em>. Sobib tundlikule nahale. Mittekomedogeenne.<\/p>\n<p><strong>Kasutamine<\/strong>: Kandke puhtale, kuivale nahale. Laske m\u00f5juda 10 minutit ja loputage hoolikalt. Kasutage 1-2 korda n\u00e4dalas.<\/p>\n<p>\ud83c\uddf7\ud83c\uddfa \u041f\u0438\u0442\u0430\u0442\u0435\u043b\u044c\u043d\u0430\u044f \u0438 \u0443\u0441\u043f\u043e\u043a\u0430\u0438\u0432\u0430\u044e\u0449\u0430\u044f \u043c\u0430\u0441\u043a\u0430 \u0434\u043b\u044f \u043b\u0438\u0446\u0430 KIKO Milano<\/p>\n<p>\u0412\u0435\u0433\u0430\u043d\u0441\u043a\u0430\u044f \u0444\u043e\u0440\u043c\u0443\u043b\u0430, \u0441\u043e\u0441\u0442\u043e\u044f\u0449\u0430\u044f \u0438\u0437 97% \u0438\u043d\u0433\u0440\u0435\u0434\u0438\u0435\u043d\u0442\u043e\u0432, \u043f\u043e\u043b\u0443\u0447\u0435\u043d\u043d\u044b\u0445 \u0438\u0437 \u0441\u044b\u0440\u044c\u044f \u043f\u0440\u0438\u0440\u043e\u0434\u043d\u043e\u0433\u043e \u043f\u0440\u043e\u0438\u0441\u0445\u043e\u0436\u0434\u0435\u043d\u0438\u044f. \u041e\u0431\u043e\u0433\u0430\u0449\u0435\u043d\u0430 \u043c\u0430\u0441\u043b\u0430\u043c\u0438: <strong><em>\u0448\u0438, \u0441\u0435\u043c\u044f\u043d \u0433\u0440\u0430\u043d\u0430\u0442\u0430, \u043c\u0438\u043d\u0434\u0430\u043b\u044f, \u043b\u0435\u0441\u043d\u043e\u0433\u043e \u043e\u0440\u0435\u0445\u0430, \u0432\u0438\u0448\u043d\u0438 \u0438 \u043e\u043b\u0438\u0432\u044b<\/em><\/strong>. <span style=\"font-weight: 400;\">\u041a\u0440\u0435\u043c\u043e\u0432\u0430\u044f \u0442\u0435\u043a\u0441\u0442\u0443\u0440\u0430 \u043f\u043e\u0434\u0445\u043e\u0434\u0438\u0442 \u0434\u043b\u044f \u0447\u0443\u0432\u0441\u0442\u0432\u0438\u0442\u0435\u043b\u044c\u043d\u043e\u0439 \u043a\u043e\u0436\u0438.<\/span>\u00a0\u041d\u0435\u043a\u043e\u043c\u0435\u0434\u043e\u0433\u0435\u043d\u043d\u044b\u0439.<\/p>\n<p><strong>\u0421\u043f\u043e\u0441\u043e\u0431 \u043f\u0440\u0438\u043c\u0435\u043d\u0435\u043d\u0438\u044f<\/strong>: <span style=\"font-weight: 400;\">\u041d\u0430\u043d\u0435\u0441\u0438\u0442\u0435 \u043d\u0430 \u043e\u0447\u0438\u0449\u0435\u043d\u043d\u0443\u044e \u043a\u043e\u0436\u0443, \u043e\u0441\u0442\u0430\u0432\u044c\u0442\u0435 \u043d\u0430 10 \u043c\u0438\u043d\u0443\u0442 \u0438 \u0441\u043c\u043e\u0439\u0442\u0435. <\/span>\u0418\u0441\u043f\u043e\u043b\u044c\u0437\u0443\u0439\u0442\u0435 1-2 \u0440\u0430\u0437\u0430 \u0432 \u043d\u0435\u0434\u0435\u043b\u044e.<\/p>\n<p>\ud83c\uddfa\ud83c\uddf8 KIKO Milano Green Me Gentle Face Mask<\/p>\n<p>Its vegan formula, with 97% of ingredients deriving from raw materials of natural origin, is enriched with shea butter and pomegranate seed, almond, hazelnut, cherry and olive oil.<\/p>\n<p>Nourishing and gently soothing your skin. It is clinically tested on sensitive skin,\u00a0 dermatologically tested. Non-comedogenic.<\/p>\n<div class=\"ProductInfo__Tab Tab\" data-scrollable=\"true\" data-component=\"Tabs\" data-boilerplate-active=\"true\">\n<div class=\"Tab__Body Tab__Body--Classic\">\n<div id=\"tabinfo-3\" class=\"Tab__Body__Content fade active\" data-tab-panel=\"true\" aria-hidden=\"false\">\n<div class=\"Tab__Body__Content__Text\">\n<p><strong>How to use: <\/strong>Apply a small amount onto clean, dry skin. Let it sit for 10 minutes and carefully rinse. Use 1-2 a week.<\/p>\n<\/div>\n<\/div>\n<\/div>\n<\/div>\n<div class=\"ProductInfo__Images\"><picture class=\"ProductInfo__Images__Item\" data-type=\"image\"><source class=\"js-lightweight-src\" srcset=\"\/\/images.kikocosmetics.com\/mediaObject\/2022\/launches\/green-me\/Launch_NoFilter_ProductPage-Tris_FaceMask-01\/webp-resolutions\/res-400x400\/Launch_NoFilter_ProductPage-Tris_FaceMask-01.webp\" type=\"image\/webp\" data-srcset=\"\/\/images.kikocosmetics.com\/mediaObject\/2022\/launches\/green-me\/Launch_NoFilter_ProductPage-Tris_FaceMask-01\/webp-resolutions\/res-400x400\/Launch_NoFilter_ProductPage-Tris_FaceMask-01.webp\" \/><source class=\"js-src\" srcset=\"\/\/images.kikocosmetics.com\/mediaObject\/2022\/launches\/green-me\/Launch_NoFilter_ProductPage-Tris_FaceMask-01\/original\/Launch_NoFilter_ProductPage-Tris_FaceMask-01.jpg\" type=\"image\/jpeg\" data-srcset=\"\/\/images.kikocosmetics.com\/mediaObject\/2022\/launches\/green-me\/Launch_NoFilter_ProductPage-Tris_FaceMask-01\/original\/Launch_NoFilter_ProductPage-Tris_FaceMask-01.jpg\" \/><\/picture><\/div>\n","protected":false},"featured_media":10313,"template":"","meta":{"jetpack_publicize_message":"","jetpack_publicize_feature_enabled":true,"jetpack_social_post_already_shared":false,"jetpack_social_options":{"image_generator_settings":{"template":"highway","default_image_id":0,"font":"","enabled":false},"version":2}},"product_brand":[],"product_cat":[340],"product_tag":[],"class_list":{"0":"post-10309","1":"product","2":"type-product","3":"status-publish","4":"has-post-thumbnail","6":"product_cat-kiko-milano","8":"first","9":"outofstock","10":"shipping-taxable","11":"purchasable","12":"product-type-simple"},"jetpack_publicize_connections":[],"jetpack_sharing_enabled":true,"jetpack_likes_enabled":true,"_links":{"self":[{"href":"https:\/\/superstore.ee\/index.php\/wp-json\/wp\/v2\/product\/10309","targetHints":{"allow":["GET"]}}],"collection":[{"href":"https:\/\/superstore.ee\/index.php\/wp-json\/wp\/v2\/product"}],"about":[{"href":"https:\/\/superstore.ee\/index.php\/wp-json\/wp\/v2\/types\/product"}],"wp:featuredmedia":[{"embeddable":true,"href":"https:\/\/superstore.ee\/index.php\/wp-json\/wp\/v2\/media\/10313"}],"wp:attachment":[{"href":"https:\/\/superstore.ee\/index.php\/wp-json\/wp\/v2\/media?parent=10309"}],"wp:term":[{"taxonomy":"product_brand","embeddable":true,"href":"https:\/\/superstore.ee\/index.php\/wp-json\/wp\/v2\/product_brand?post=10309"},{"taxonomy":"product_cat","embeddable":true,"href":"https:\/\/superstore.ee\/index.php\/wp-json\/wp\/v2\/product_cat?post=10309"},{"taxonomy":"product_tag","embeddable":true,"href":"https:\/\/superstore.ee\/index.php\/wp-json\/wp\/v2\/product_tag?post=10309"}],"curies":[{"name":"wp","href":"https:\/\/api.w.org\/{rel}","templated":true}]}}