{"id":10326,"date":"2023-04-28T16:09:29","date_gmt":"2023-04-28T14:09:29","guid":{"rendered":"https:\/\/superstore.ee\/?post_type=product&#038;p=10326"},"modified":"2024-07-15T11:01:02","modified_gmt":"2024-07-15T09:01:02","slug":"kerge-matt-naopraimer-kiko-milano-charming-escape-watery-blurring-primer","status":"publish","type":"product","link":"https:\/\/superstore.ee\/index.php\/toode\/kerge-matt-naopraimer-kiko-milano-charming-escape-watery-blurring-primer\/","title":{"rendered":"Kerge matt n\u00e4opraimer KIKO Milano Charming Escape Watery Blurring Primer"},"content":{"rendered":"","protected":false},"excerpt":{"rendered":"<p>\ud83c\uddea\ud83c\uddea Kerge matt n\u00e4opraimer KIKO Milano Charming Escape Watery Blurring Primer<\/p>\n<ul>\n<li>Annab nahale loomuliku mati viimistluse.<\/li>\n<li>Koostises Itaalia salvei.<\/li>\n<li>Loob ideaalse meigip\u00f5hja, parandab meigi p\u00fcsivust ja annab nahale meeldiva v\u00e4rskustunde.<\/li>\n<li>V\u00e4rske ja kerge geeljas tekstuur, millel on niisutavad omadused.<\/li>\n<li>Meeldiv jasmiini ja kaerapiima aroom.<\/li>\n<\/ul>\n<p>\ud83c\uddf7\ud83c\uddfa KIKO Milano \u043b\u0435\u0433\u043a\u0438\u0439 \u043f\u0440\u0430\u0439\u043c\u0435\u0440 \u0434\u043b\u044f \u043b\u0438\u0446\u0430, \u043f\u0440\u0438\u0434\u0430\u044e\u0449\u0438\u0439 \u043a\u043e\u0436\u0435 \u0435\u0441\u0442\u0435\u0441\u0442\u0432\u0435\u043d\u043d\u044b\u0439 \u043c\u0430\u0442\u043e\u0432\u044b\u0439 \u044d\u0444\u0444\u0435\u043a\u0442.<\/p>\n<ul>\n<li><span style=\"font-weight: 400;\">\u0421\u043e\u0437\u0434\u0430\u043d\u0430 \u043d\u0430 \u043e\u0441\u043d\u043e\u0432\u0435 \u0438\u0442\u0430\u043b\u044c\u044f\u043d\u0441\u043a\u043e\u0433\u043e \u0448\u0430\u043b\u0444\u0435\u044f. <\/span><\/li>\n<li>\u0421\u043e\u0437\u0434\u0430\u0435\u0442 \u0431\u0435\u0437\u0443\u043f\u0440\u0435\u0447\u043d\u0443\u044e \u043e\u0441\u043d\u043e\u0432\u0443 \u043f\u043e\u0434 \u043c\u0430\u043a\u0438\u044f\u0436, \u0443\u043b\u0443\u0447\u0448\u0430\u0435\u0442 \u0441\u0442\u043e\u0439\u043a\u043e\u0441\u0442\u044c \u043c\u0430\u043a\u0438\u044f\u0436\u0430 \u0438 \u0434\u0430\u0440\u0438\u0442 \u043a\u043e\u0436\u0435 \u043f\u0440\u0438\u044f\u0442\u043d\u043e\u0435 \u043e\u0449\u0443\u0449\u0435\u043d\u0438\u0435 \u0441\u0432\u0435\u0436\u0435\u0441\u0442\u0438.<\/li>\n<li>\u041e\u0431\u043b\u0430\u0434\u0430\u0435\u0442 \u0441\u0432\u0435\u0436\u0435\u0439 \u0438 \u043d\u0435\u0432\u0435\u0441\u043e\u043c\u043e\u0439 \u0433\u0435\u043b\u0435\u0432\u043e\u0439 \u0442\u0435\u043a\u0441\u0442\u0443\u0440\u043e\u0439 \u0441 \u0443\u0432\u043b\u0430\u0436\u043d\u044f\u044e\u0449\u0438\u043c\u0438 \u0441\u0432\u043e\u0439\u0441\u0442\u0432\u0430\u043c\u0438.<\/li>\n<li><span style=\"font-weight: 400;\">\u0418\u043c\u0435\u0435\u0442 \u043e\u0447\u0435\u043d\u044c \u043f\u0440\u0438\u044f\u0442\u043d\u044b\u0439 \u0430\u0440\u043e\u043c\u0430\u0442 \u0436\u0430\u0441\u043c\u0438\u043d\u0430 \u0438 \u043e\u0432\u0441\u044f\u043d\u043e\u0433\u043e \u043c\u043e\u043b\u043e\u043a\u0430.<\/span><\/li>\n<\/ul>\n<p>\ud83c\uddfa\ud83c\uddf8 KIKO Milano Charming Escape Watery Blurring Primer<\/p>\n<ul>\n<li>Light face primer that provides the skin with a natural matte effect<\/li>\n<li>Creates a flawless make-up base, improves the hold of your make-up, and infuses the skin with a pleasant sensation of freshness<\/li>\n<li>It\u2019s enriched with the sage of Italian origin<\/li>\n<li>It has a fresh and weightless gel texture with moisturising properties<\/li>\n<li>It\u2019s pleasantly scented with an enveloping jasmine and oat milk fragrance<\/li>\n<\/ul>\n","protected":false},"featured_media":10332,"template":"","meta":{"jetpack_publicize_message":"","jetpack_publicize_feature_enabled":true,"jetpack_social_post_already_shared":false,"jetpack_social_options":{"image_generator_settings":{"template":"highway","default_image_id":0,"font":"","enabled":false},"version":2}},"product_brand":[],"product_cat":[340,631],"product_tag":[],"class_list":{"0":"post-10326","1":"product","2":"type-product","3":"status-publish","4":"has-post-thumbnail","6":"product_cat-kiko-milano","7":"product_cat-sale","9":"first","10":"outofstock","11":"sale","12":"shipping-taxable","13":"purchasable","14":"product-type-simple"},"jetpack_publicize_connections":[],"jetpack_sharing_enabled":true,"jetpack_likes_enabled":true,"_links":{"self":[{"href":"https:\/\/superstore.ee\/index.php\/wp-json\/wp\/v2\/product\/10326","targetHints":{"allow":["GET"]}}],"collection":[{"href":"https:\/\/superstore.ee\/index.php\/wp-json\/wp\/v2\/product"}],"about":[{"href":"https:\/\/superstore.ee\/index.php\/wp-json\/wp\/v2\/types\/product"}],"wp:featuredmedia":[{"embeddable":true,"href":"https:\/\/superstore.ee\/index.php\/wp-json\/wp\/v2\/media\/10332"}],"wp:attachment":[{"href":"https:\/\/superstore.ee\/index.php\/wp-json\/wp\/v2\/media?parent=10326"}],"wp:term":[{"taxonomy":"product_brand","embeddable":true,"href":"https:\/\/superstore.ee\/index.php\/wp-json\/wp\/v2\/product_brand?post=10326"},{"taxonomy":"product_cat","embeddable":true,"href":"https:\/\/superstore.ee\/index.php\/wp-json\/wp\/v2\/product_cat?post=10326"},{"taxonomy":"product_tag","embeddable":true,"href":"https:\/\/superstore.ee\/index.php\/wp-json\/wp\/v2\/product_tag?post=10326"}],"curies":[{"name":"wp","href":"https:\/\/api.w.org\/{rel}","templated":true}]}}