{"id":10351,"date":"2023-04-28T18:17:59","date_gmt":"2023-04-28T16:17:59","guid":{"rendered":"https:\/\/superstore.ee\/?post_type=product&#038;p=10351"},"modified":"2024-11-07T21:10:50","modified_gmt":"2024-11-07T18:10:50","slug":"lauvarvi-palett-kiko-milano-smart-eyeshadow-palette-02-warm-tones","status":"publish","type":"product","link":"https:\/\/superstore.ee\/index.php\/toode\/lauvarvi-palett-kiko-milano-smart-eyeshadow-palette-02-warm-tones\/","title":{"rendered":"Lauv\u00e4rvipalett KIKO Milano Smart Eyeshadow Palette (02 Warm Tones)"},"content":{"rendered":"","protected":false},"excerpt":{"rendered":"<div class=\"ProductDetails__Name visible-md\">\n<div role=\"heading\" data-size=\"medium\" aria-level=\"1\">\n<div class=\"woocommerce-product-details__short-description\">\n<p>\ud83c\uddea\ud83c\uddea Lauv\u00e4rvi palett KIKO Milano\u00a0(<span style=\"font-weight: 400;\">02 Warm Tones<\/span>)<\/p>\n<p>Palett sisaldab 10 erinevat tooni pressitud puuderlauv\u00e4rvi j\u00e4rgmiste viimistlustega: p\u00e4rlmutter, matt ja satiin. Kreemjas tekstuur tagab kohese katvuse ja seguneb kergesti, j\u00e4ttes silmalaud katsudes sametiseks. Kaasas kahepoolne aplikaator ja peegel.<\/p>\n<p>V\u00e4hendatud suurus sobib ideaalselt paleti kaasav\u00f5tmiseks.<\/p>\n<\/div>\n<div class=\"woocommerce-product-details__short-description\">\n<p>\ud83c\uddf7\ud83c\uddfa \u041f\u0430\u043b\u0435\u0442\u043a\u0430 \u0442\u0435\u043d\u0435\u0439 \u0434\u043b\u044f \u0432\u0435\u043a KIKO Milano (<span style=\"font-weight: 400;\">02 Warm Tones<\/span>)<\/p>\n<p>\u041f\u0430\u043b\u0438\u0442\u0440\u0430 \u0441\u043e\u0434\u0435\u0440\u0436\u0438\u0442 10 \u043e\u0442\u0442\u0435\u043d\u043a\u043e\u0432 \u043f\u0440\u0435\u0441\u0441\u043e\u0432\u0430\u043d\u043d\u044b\u0445 \u043f\u0443\u0434\u0440\u043e\u0432\u044b\u0445 \u0442\u0435\u043d\u0435\u0439 \u0441\u043e \u0441\u043b\u0435\u0434\u0443\u044e\u0449\u0438\u043c\u0438 \u043f\u043e\u043a\u0440\u044b\u0442\u0438\u044f\u043c\u0438: \u043f\u0435\u0440\u043b\u0430\u043c\u0443\u0442\u0440\u043e\u0432\u044b\u0439, \u043c\u0430\u0442\u043e\u0432\u044b\u0439 \u0438 \u0441\u0430\u0442\u0438\u043d\u043e\u0432\u044b\u0439. \u041a\u0440\u0435\u043c\u043e\u0432\u0430\u044f \u0442\u0435\u043a\u0441\u0442\u0443\u0440\u0430 \u043b\u0435\u0433\u043a\u043e \u0440\u0430\u0441\u0442\u0443\u0448\u0435\u0432\u044b\u0432\u0430\u0435\u0442\u0441\u044f, \u0434\u0435\u043b\u0430\u044f \u0432\u0435\u043a\u0438 \u0431\u0430\u0440\u0445\u0430\u0442\u0438\u0441\u0442\u044b\u043c\u0438. \u0414\u0432\u0443\u0441\u0442\u043e\u0440\u043e\u043d\u043d\u0438\u0439 \u0430\u043f\u043f\u043b\u0438\u043a\u0430\u0442\u043e\u0440 \u0438 \u0437\u0435\u0440\u043a\u0430\u043b\u043e \u0432 \u043a\u043e\u043c\u043f\u043b\u0435\u043a\u0442\u0435.<\/p>\n<p>\u0423\u043c\u0435\u043d\u044c\u0448\u0435\u043d\u043d\u044b\u0439 \u0440\u0430\u0437\u043c\u0435\u0440 \u0438\u0434\u0435\u0430\u043b\u044c\u043d\u043e \u043f\u043e\u0434\u0445\u043e\u0434\u0438\u0442 \u0434\u043b\u044f \u0442\u043e\u0433\u043e, \u0447\u0442\u043e\u0431\u044b \u0431\u0440\u0430\u0442\u044c \u043f\u0430\u043b\u0435\u0442\u043a\u0443 \u0441 \u0441\u043e\u0431\u043e\u0439.<\/p>\n<p>\ud83c\uddfa\ud83c\uddf8 KIKO Milano Smart Eyeshadow Palette (<span style=\"font-weight: 400;\">02 Warm Tones<\/span>). 10 different shades of pressed powder eyeshadow with the following finishes: pearl, matte and satin. The creamy texture blends easily, leaving the eyelids velvety to the touch. Double-ended applicator and mirror included.<\/p>\n<p>The reduced size is ideal for taking it with you everywhere.<\/p>\n<\/div>\n<\/div>\n<\/div>\n","protected":false},"featured_media":10357,"template":"","meta":{"jetpack_publicize_message":"","jetpack_publicize_feature_enabled":true,"jetpack_social_post_already_shared":false,"jetpack_social_options":{"image_generator_settings":{"template":"highway","default_image_id":0,"font":"","enabled":false},"version":2}},"product_brand":[],"product_cat":[340],"product_tag":[],"class_list":{"0":"post-10351","1":"product","2":"type-product","3":"status-publish","4":"has-post-thumbnail","6":"product_cat-kiko-milano","8":"first","9":"outofstock","10":"shipping-taxable","11":"purchasable","12":"product-type-simple"},"jetpack_publicize_connections":[],"jetpack_sharing_enabled":true,"jetpack_likes_enabled":true,"_links":{"self":[{"href":"https:\/\/superstore.ee\/index.php\/wp-json\/wp\/v2\/product\/10351","targetHints":{"allow":["GET"]}}],"collection":[{"href":"https:\/\/superstore.ee\/index.php\/wp-json\/wp\/v2\/product"}],"about":[{"href":"https:\/\/superstore.ee\/index.php\/wp-json\/wp\/v2\/types\/product"}],"wp:featuredmedia":[{"embeddable":true,"href":"https:\/\/superstore.ee\/index.php\/wp-json\/wp\/v2\/media\/10357"}],"wp:attachment":[{"href":"https:\/\/superstore.ee\/index.php\/wp-json\/wp\/v2\/media?parent=10351"}],"wp:term":[{"taxonomy":"product_brand","embeddable":true,"href":"https:\/\/superstore.ee\/index.php\/wp-json\/wp\/v2\/product_brand?post=10351"},{"taxonomy":"product_cat","embeddable":true,"href":"https:\/\/superstore.ee\/index.php\/wp-json\/wp\/v2\/product_cat?post=10351"},{"taxonomy":"product_tag","embeddable":true,"href":"https:\/\/superstore.ee\/index.php\/wp-json\/wp\/v2\/product_tag?post=10351"}],"curies":[{"name":"wp","href":"https:\/\/api.w.org\/{rel}","templated":true}]}}