{"id":10364,"date":"2023-04-28T18:59:30","date_gmt":"2023-04-28T16:59:30","guid":{"rendered":"https:\/\/superstore.ee\/?post_type=product&#038;p=10364"},"modified":"2025-02-21T10:25:25","modified_gmt":"2025-02-21T08:25:25","slug":"kauapusiv-veekindel-huulepliiats-kiko-milano-creamy-colour-comfort-lip-liner","status":"publish","type":"product","link":"https:\/\/superstore.ee\/index.php\/toode\/kauapusiv-veekindel-huulepliiats-kiko-milano-creamy-colour-comfort-lip-liner\/","title":{"rendered":"Kauap\u00fcsiv veekindel huulepliiats\u00a0KIKO Milano Creamy Colour Comfort Lip Liner"},"content":{"rendered":"","protected":false},"excerpt":{"rendered":"<p>\ud83c\uddea\ud83c\uddea Kauap\u00fcsiv veekindel huulepliiats KIKO Milano. \u00d5rna tekstuuriga, lihtne peale kanda. Parandab huulepulga vastupidavust ja ei m\u00e4\u00e4rdu. Mittekomedogeenne.<\/p>\n<p>\ud83c\uddf7\ud83c\uddfa \u0412\u043e\u0434\u043e\u0441\u0442\u043e\u0439\u043a\u0438\u0439 \u043a\u0430\u0440\u0430\u043d\u0434\u0430\u0448 \u0434\u043b\u044f \u0433\u0443\u0431 KIKO Milano. \u041d\u0435\u0436\u043d\u0430\u044f \u0442\u0435\u043a\u0441\u0442\u0443\u0440\u0430 \u043b\u0435\u0433\u043a\u043e \u043d\u0430\u043d\u043e\u0441\u0438\u0442\u0441\u044f \u0438 \u0440\u0430\u0441\u0442\u0443\u0448\u0435\u0432\u044b\u0432\u0430\u0435\u0442\u0441\u044f. \u0423\u043b\u0443\u0447\u0448\u0430\u0435\u0442 \u0441\u0442\u043e\u0439\u043a\u043e\u0441\u0442\u044c \u0433\u0443\u0431\u043d\u043e\u0439 \u043f\u043e\u043c\u0430\u0434\u044b \u0438 \u043d\u0435 \u0440\u0430\u0437\u043c\u0430\u0437\u044b\u0432\u0430\u0435\u0442\u0441\u044f. \u041d\u0435\u043a\u043e\u043c\u0435\u0434\u043e\u0433\u0435\u043d\u043d\u044b\u0439.<\/p>\n<p>\ud83c\uddfa\ud83c\uddf8 KIKO Milano Creamy Colour Comfort Lip Liner. Long-lasting waterproof lip pencil. The delicate texture glides on and blends easily. Improves the lipstick&#8217;s hold and never smudges. Non-comedogenic.<\/p>\n","protected":false},"featured_media":10375,"template":"","meta":{"jetpack_publicize_message":"","jetpack_publicize_feature_enabled":true,"jetpack_social_post_already_shared":false,"jetpack_social_options":{"image_generator_settings":{"template":"highway","default_image_id":0,"font":"","enabled":false},"version":2}},"product_brand":[],"product_cat":[911,340,631],"product_tag":[],"class_list":{"0":"post-10364","1":"product","2":"type-product","3":"status-publish","4":"has-post-thumbnail","6":"product_cat-huuled","7":"product_cat-kiko-milano","8":"product_cat-sale","9":"pa_varv-457","10":"pa_varv-305-orange-red","11":"pa_varv-309-coral-pink","12":"pa_varv-460","13":"pa_varv-317-natural-rose","15":"first","16":"outofstock","17":"sale","18":"shipping-taxable","19":"purchasable","20":"product-type-simple"},"jetpack_publicize_connections":[],"jetpack_sharing_enabled":true,"jetpack_likes_enabled":true,"_links":{"self":[{"href":"https:\/\/superstore.ee\/index.php\/wp-json\/wp\/v2\/product\/10364","targetHints":{"allow":["GET"]}}],"collection":[{"href":"https:\/\/superstore.ee\/index.php\/wp-json\/wp\/v2\/product"}],"about":[{"href":"https:\/\/superstore.ee\/index.php\/wp-json\/wp\/v2\/types\/product"}],"wp:featuredmedia":[{"embeddable":true,"href":"https:\/\/superstore.ee\/index.php\/wp-json\/wp\/v2\/media\/10375"}],"wp:attachment":[{"href":"https:\/\/superstore.ee\/index.php\/wp-json\/wp\/v2\/media?parent=10364"}],"wp:term":[{"taxonomy":"product_brand","embeddable":true,"href":"https:\/\/superstore.ee\/index.php\/wp-json\/wp\/v2\/product_brand?post=10364"},{"taxonomy":"product_cat","embeddable":true,"href":"https:\/\/superstore.ee\/index.php\/wp-json\/wp\/v2\/product_cat?post=10364"},{"taxonomy":"product_tag","embeddable":true,"href":"https:\/\/superstore.ee\/index.php\/wp-json\/wp\/v2\/product_tag?post=10364"}],"curies":[{"name":"wp","href":"https:\/\/api.w.org\/{rel}","templated":true}]}}