{"id":10389,"date":"2023-04-28T19:54:58","date_gmt":"2023-04-28T17:54:58","guid":{"rendered":"https:\/\/superstore.ee\/?post_type=product&#038;p=10389"},"modified":"2024-08-14T13:10:30","modified_gmt":"2024-08-14T11:10:30","slug":"spf-50-matt-puuder-jumestuskreem-kiko-milano-dolce-diva-powder-foundation-spf-50","status":"publish","type":"product","link":"https:\/\/superstore.ee\/index.php\/toode\/spf-50-matt-puuder-jumestuskreem-kiko-milano-dolce-diva-powder-foundation-spf-50\/","title":{"rendered":"SPF 50 matt puuder jumestuskreem KIKO Milano Dolce Diva Powder Foundation Spf 50"},"content":{"rendered":"","protected":false},"excerpt":{"rendered":"<p>\ud83c\uddea\ud83c\uddea KIKO Milano SPF 50 matt puuder jumestuskreem. Veekindel ja higikindel. Eksklusiivne tekstuur v\u00f5imaldab kasutada nii m\u00e4rg- kui ka kuivkatet. Meeldiva kookose l\u00f5hnaga. Kaasas sisseehitatud peegel ja aplikaator.<\/p>\n<p>\ud83c\uddf7\ud83c\uddfa KIKO Milano \u043c\u0430\u0442\u043e\u0432\u0430\u044f \u0442\u043e\u043d\u0430\u043b\u044c\u043d\u0430\u044f \u043f\u0443\u0434\u0440\u0430 \u0441 SPF 50, \u0432\u043e\u0434\u043e\u0441\u0442\u043e\u0439\u043a\u0430\u044f \u0438 \u0443\u0441\u0442\u043e\u0439\u0447\u0438\u0432\u0430\u044f \u043a \u043f\u043e\u0442\u0443. \u042d\u043a\u0441\u043a\u043b\u044e\u0437\u0438\u0432\u043d\u0430\u044f \u0442\u0435\u043a\u0441\u0442\u0443\u0440\u0430 \u043f\u043e\u0437\u0432\u043e\u043b\u044f\u0435\u0442 \u0438\u0441\u043f\u043e\u043b\u044c\u0437\u043e\u0432\u0430\u0442\u044c \u043a\u0430\u043a \u0432\u043b\u0430\u0436\u043d\u043e\u0435, \u0442\u0430\u043a \u0438 \u0441\u0443\u0445\u043e\u0435 \u043f\u043e\u043a\u0440\u044b\u0442\u0438\u0435. \u0418\u043c\u0435\u0435\u0442 \u043f\u0440\u0438\u044f\u0442\u043d\u044b\u0439 \u0437\u0430\u043f\u0430\u0445 \u043a\u043e\u043a\u043e\u0441\u0430. \u0412 \u043a\u043e\u043c\u043f\u043b\u0435\u043a\u0442\u0435 \u0432\u0441\u0442\u0440\u043e\u0435\u043d\u043d\u043e\u0435 \u0437\u0435\u0440\u043a\u0430\u043b\u043e \u0438 \u0433\u0443\u0431\u043a\u0430-\u0430\u043f\u043f\u043b\u0438\u043a\u0430\u0442\u043e\u0440.<\/p>\n<p>\ud83c\uddfa\ud83c\uddf8 KIKO Milano Dolce Diva Powder Foundation Spf 50. Matte-finish Wet &amp; Dry powder foundation, water- and sweat-resistant. Exclusive buildable texture allows for both wet and dry use. It has a pleasant coconut scent. Has an integrated mirror and an applicator sponge.<\/p>\n","protected":false},"featured_media":10397,"template":"","meta":{"jetpack_publicize_message":"","jetpack_publicize_feature_enabled":true,"jetpack_social_post_already_shared":false,"jetpack_social_options":{"image_generator_settings":{"template":"highway","default_image_id":0,"font":"","enabled":false},"version":2}},"product_brand":[],"product_cat":[340,631],"product_tag":[],"class_list":{"0":"post-10389","1":"product","2":"type-product","3":"status-publish","4":"has-post-thumbnail","6":"product_cat-kiko-milano","7":"product_cat-sale","8":"pa_varv-02-porcelain","9":"pa_varv-03-nb-11-05-taas-saadaval","10":"pa_varv-03-light-beige","11":"pa_varv-04-honey","12":"pa_varv-05-almond","14":"first","15":"outofstock","16":"sale","17":"shipping-taxable","18":"product-type-variable"},"jetpack_publicize_connections":[],"jetpack_sharing_enabled":true,"jetpack_likes_enabled":true,"_links":{"self":[{"href":"https:\/\/superstore.ee\/index.php\/wp-json\/wp\/v2\/product\/10389","targetHints":{"allow":["GET"]}}],"collection":[{"href":"https:\/\/superstore.ee\/index.php\/wp-json\/wp\/v2\/product"}],"about":[{"href":"https:\/\/superstore.ee\/index.php\/wp-json\/wp\/v2\/types\/product"}],"wp:featuredmedia":[{"embeddable":true,"href":"https:\/\/superstore.ee\/index.php\/wp-json\/wp\/v2\/media\/10397"}],"wp:attachment":[{"href":"https:\/\/superstore.ee\/index.php\/wp-json\/wp\/v2\/media?parent=10389"}],"wp:term":[{"taxonomy":"product_brand","embeddable":true,"href":"https:\/\/superstore.ee\/index.php\/wp-json\/wp\/v2\/product_brand?post=10389"},{"taxonomy":"product_cat","embeddable":true,"href":"https:\/\/superstore.ee\/index.php\/wp-json\/wp\/v2\/product_cat?post=10389"},{"taxonomy":"product_tag","embeddable":true,"href":"https:\/\/superstore.ee\/index.php\/wp-json\/wp\/v2\/product_tag?post=10389"}],"curies":[{"name":"wp","href":"https:\/\/api.w.org\/{rel}","templated":true}]}}