{"id":10503,"date":"2023-04-30T13:48:28","date_gmt":"2023-04-30T11:48:28","guid":{"rendered":"https:\/\/superstore.ee\/?post_type=product&#038;p=10503"},"modified":"2026-02-02T20:36:41","modified_gmt":"2026-02-02T18:36:41","slug":"nahtamatu-uliohukesed-stringid-calvin-klein-3tk","status":"publish","type":"product","link":"https:\/\/superstore.ee\/index.php\/toode\/nahtamatu-uliohukesed-stringid-calvin-klein-3tk\/","title":{"rendered":"N\u00e4htamatu \u00fcli\u00f5hukesed stringid Calvin Klein (3tk) S, M"},"content":{"rendered":"","protected":false},"excerpt":{"rendered":"<p><span style=\"font-weight: 400;\">\ud83c\uddea\ud83c\uddeaN\u00e4htamatu \u00fcli\u00f5hukesed stringid Calvin Klein (3tk)<\/span><\/p>\n<p><span style=\"font-weight: 400;\">Suurused: S, M<\/span><\/p>\n<p><span style=\"font-weight: 400;\">Materjal: 73% nailon 27% elastaan, vooder: 100% puuvill<\/span><\/p>\n<p><span style=\"font-weight: 400;\">\ud83c\uddf7\ud83c\uddfa\u041d\u0435\u0432\u0438\u0434\u0438\u043c\u044b\u0435 \u0443\u043b\u044c\u0442\u0440\u0430-\u0442\u043e\u043d\u043a\u0438\u0435 \u0441\u0442\u0440\u0438\u043d\u0433\u0438 Calvin Klein, \u043a\u043e\u043c\u043f\u043b\u0435\u043a\u0442 \u0438\u0437 3 \u0448\u0442\u0443\u043a<\/span><\/p>\n<p><span style=\"font-weight: 400;\">\u0420\u0430\u0437\u043c\u0435\u0440\u044b: S, M<\/span><\/p>\n<p><span style=\"font-weight: 400;\">\u041c\u0430\u0442\u0435\u0440\u0438\u0430\u043b: 73% \u043d\u0435\u0439\u043b\u043e\u043d, 27% \u044d\u043b\u0430\u0441\u0442\u0430\u043d, \u043f\u043e\u0434\u043a\u043b\u0430\u0434\u043a\u0430: 100% \u0445\u043b\u043e\u043f\u043e\u043a.<\/span><\/p>\n<p><span style=\"font-weight: 400;\">\ud83c\uddfa\ud83c\uddf8 Invisible <\/span><span style=\"font-weight: 400;\">Calvin Klein 3 Pack Thong<\/span><\/p>\n<p><span style=\"font-weight: 400;\">Sizes: S, M<\/span><\/p>\n<p><span style=\"font-weight: 400;\">Material: 73% nylon 27% elastane, gusset 100% cotton<\/span><\/p>\n","protected":false},"featured_media":3820,"template":"","meta":{"jetpack_publicize_message":"","jetpack_publicize_feature_enabled":true,"jetpack_social_post_already_shared":true,"jetpack_social_options":{"image_generator_settings":{"template":"highway","default_image_id":0,"font":"","enabled":false},"version":2}},"product_brand":[],"product_cat":[631],"product_tag":[],"class_list":{"0":"post-10503","1":"product","2":"type-product","3":"status-publish","4":"has-post-thumbnail","6":"product_cat-sale","7":"pa_suurus-l","8":"pa_suurus-m","9":"pa_suurus-s","10":"pa_suurus-xl","11":"pa_suurus-xs","13":"first","14":"instock","15":"sale","16":"shipping-taxable","17":"purchasable","18":"product-type-variable"},"jetpack_publicize_connections":[],"jetpack_sharing_enabled":true,"jetpack_likes_enabled":true,"_links":{"self":[{"href":"https:\/\/superstore.ee\/index.php\/wp-json\/wp\/v2\/product\/10503","targetHints":{"allow":["GET"]}}],"collection":[{"href":"https:\/\/superstore.ee\/index.php\/wp-json\/wp\/v2\/product"}],"about":[{"href":"https:\/\/superstore.ee\/index.php\/wp-json\/wp\/v2\/types\/product"}],"wp:featuredmedia":[{"embeddable":true,"href":"https:\/\/superstore.ee\/index.php\/wp-json\/wp\/v2\/media\/3820"}],"wp:attachment":[{"href":"https:\/\/superstore.ee\/index.php\/wp-json\/wp\/v2\/media?parent=10503"}],"wp:term":[{"taxonomy":"product_brand","embeddable":true,"href":"https:\/\/superstore.ee\/index.php\/wp-json\/wp\/v2\/product_brand?post=10503"},{"taxonomy":"product_cat","embeddable":true,"href":"https:\/\/superstore.ee\/index.php\/wp-json\/wp\/v2\/product_cat?post=10503"},{"taxonomy":"product_tag","embeddable":true,"href":"https:\/\/superstore.ee\/index.php\/wp-json\/wp\/v2\/product_tag?post=10503"}],"curies":[{"name":"wp","href":"https:\/\/api.w.org\/{rel}","templated":true}]}}