{"id":1061,"date":"2022-01-24T23:56:06","date_gmt":"2022-01-24T21:56:06","guid":{"rendered":"https:\/\/superstore.ee\/?post_type=product&#038;p=1061"},"modified":"2022-02-10T17:04:47","modified_gmt":"2022-02-10T15:04:47","slug":"meeste-tommy-hilfiger-t-sark","status":"publish","type":"product","link":"https:\/\/superstore.ee\/index.php\/toode\/meeste-tommy-hilfiger-t-sark\/","title":{"rendered":"Meeste Tommy Hilfiger t-s\u00e4rk"},"content":{"rendered":"","protected":false},"excerpt":{"rendered":"<p>\ud83c\uddea\ud83c\uddea Uus originaalne meeste Tommy Hilfiger t-s\u00e4rk<\/p>\n<p>Suurus: M (sobib M-L suurusele)<\/p>\n<p>Materjal: 100% puuvill<\/p>\n<p>V\u00e4rvid: tumesinine, hall, valge<\/p>\n<p>NB! T-s\u00e4rk on uus, kuid sildid puuduvad (v\u00f5etud v\u00e4lja kinkekarbist, kus oli mitu s\u00e4rki)<\/p>\n<p>\ud83c\uddf7\ud83c\uddfa \u041d\u043e\u0432\u0430\u044f \u043e\u0440\u0438\u0433\u0438\u043d\u0430\u043b\u044c\u043d\u0430\u044f \u043c\u0443\u0436\u0441\u043a\u0430\u044f Tommy Hilfiger \u0444\u0443\u0442\u0431\u043e\u043b\u043a\u0430<\/p>\n<p>\u0420\u0430\u0437\u043c\u0435\u0440: M (\u043f\u043e\u0434\u043e\u0439\u0434\u0451\u0442 \u043d\u0430 \u041c-L \u0440\u0430\u0437\u043c\u0435\u0440)<\/p>\n<p>\u041c\u0430\u0442\u0435\u0440\u0438\u0430\u043b: 100% \u0445\u043b\u043e\u043f\u043e\u043a<\/p>\n<p>\u0426\u0432\u0435\u0442\u0430: \u0442\u0435\u043c\u043d\u043e-\u0441\u0438\u043d\u0438\u0439, \u0441\u0435\u0440\u044b\u0439, \u0431\u0435\u043b\u044b\u0439<\/p>\n<p>NB! \u0424\u0443\u0442\u0431\u043e\u043b\u043a\u0430 \u043d\u043e\u0432\u0430\u044f, \u043d\u043e \u0431\u0438\u0440\u043a\u0438 \u043e\u0442\u0441\u0443\u0442\u0441\u0442\u0432\u0443\u044e\u0442 (\u0432\u0437\u044f\u0442\u0430 \u0438\u0437 \u043f\u043e\u0434\u0430\u0440\u043e\u0447\u043d\u043e\u0439 \u0443\u043f\u0430\u043a\u043e\u0432\u043a\u0438, \u0432 \u043a\u043e\u0442\u043e\u0440\u043e\u0439 \u0431\u044b\u043b\u043e \u043d\u0435\u0441\u043a\u043e\u043b\u044c\u043a\u043e \u0444\u0443\u0442\u0431\u043e\u043b\u043e\u043a \u0432\u043c\u0435\u0441\u0442\u0435)<\/p>\n<p>\ud83c\uddfa\ud83c\uddf8Men\u2019s original Tommy Hilfiger T-shirt<\/p>\n<p>Size: M (fits M-L size)<\/p>\n<p>Material: 100% cotton<\/p>\n<p>Colors: dark blue, gray, white<\/p>\n<p>NB! The t-shirt is new, but the tags are missing (taken from a gift box that contained several t-shirts together)<\/p>\n","protected":false},"featured_media":1058,"template":"","meta":{"jetpack_publicize_message":"","jetpack_publicize_feature_enabled":true,"jetpack_social_post_already_shared":true,"jetpack_social_options":{"image_generator_settings":{"template":"highway","default_image_id":0,"font":"","enabled":false},"version":2}},"product_brand":[],"product_cat":[15],"product_tag":[],"class_list":{"0":"post-1061","1":"product","2":"type-product","3":"status-publish","4":"has-post-thumbnail","6":"product_cat-maaramata","7":"pa_suurus-m","8":"pa_varv-hall","9":"pa_varv-sinine","10":"pa_varv-valge","12":"first","13":"outofstock","14":"shipping-taxable","15":"product-type-variable"},"jetpack_publicize_connections":[],"jetpack_sharing_enabled":true,"jetpack_likes_enabled":true,"_links":{"self":[{"href":"https:\/\/superstore.ee\/index.php\/wp-json\/wp\/v2\/product\/1061","targetHints":{"allow":["GET"]}}],"collection":[{"href":"https:\/\/superstore.ee\/index.php\/wp-json\/wp\/v2\/product"}],"about":[{"href":"https:\/\/superstore.ee\/index.php\/wp-json\/wp\/v2\/types\/product"}],"wp:featuredmedia":[{"embeddable":true,"href":"https:\/\/superstore.ee\/index.php\/wp-json\/wp\/v2\/media\/1058"}],"wp:attachment":[{"href":"https:\/\/superstore.ee\/index.php\/wp-json\/wp\/v2\/media?parent=1061"}],"wp:term":[{"taxonomy":"product_brand","embeddable":true,"href":"https:\/\/superstore.ee\/index.php\/wp-json\/wp\/v2\/product_brand?post=1061"},{"taxonomy":"product_cat","embeddable":true,"href":"https:\/\/superstore.ee\/index.php\/wp-json\/wp\/v2\/product_cat?post=1061"},{"taxonomy":"product_tag","embeddable":true,"href":"https:\/\/superstore.ee\/index.php\/wp-json\/wp\/v2\/product_tag?post=1061"}],"curies":[{"name":"wp","href":"https:\/\/api.w.org\/{rel}","templated":true}]}}