{"id":11135,"date":"2023-07-04T15:48:38","date_gmt":"2023-07-04T13:48:38","guid":{"rendered":"https:\/\/superstore.ee\/?post_type=product&#038;p=11135"},"modified":"2026-02-01T17:30:40","modified_gmt":"2026-02-01T15:30:40","slug":"victorias-secret-kehasprei-250ml-sunlit-resort-collection-fragrance-mist","status":"publish","type":"product","link":"https:\/\/superstore.ee\/index.php\/toode\/victorias-secret-kehasprei-250ml-sunlit-resort-collection-fragrance-mist\/","title":{"rendered":"Victoria\u2019s Secret Kehasprei (250ml) Sunlit Resort Collection Fragrance Mist"},"content":{"rendered":"","protected":false},"excerpt":{"rendered":"<p>\ud83c\uddea\ud83c\uddea Victoria\u2019s Secret Kehasprei (250ml)<\/p>\n<ul>\n<li><strong>Island Market<\/strong> \u2013 T\u00fc\u00fcp: v\u00e4rske lilleline, Noodid: granadill, liilia, v\u00e4rske greip.<\/li>\n<li><strong>Private Sundeck<\/strong> \u2013 t\u00fc\u00fcp: lilleline ja puuviljane, Noodid: tsitruselised, tonka oad, ananass.<\/li>\n<li><strong>Poolside Service<\/strong> \u2013 t\u00fc\u00fcp: p\u00e4ikeselised lilled, Noodid: gardeenia, froteeriie, papaia.<\/li>\n<li><strong>Garden View <\/strong>\u2013 t\u00fc\u00fcp: v\u00e4rske lilleline, Noodid: hibisk, t\u00e4htvili, mandariin.<\/li>\n<\/ul>\n<p>Kauakestva l\u00f5hnaelamuse saamiseks \u00fchendage sobiva l\u00f5hnakreemiga.<\/p>\n<p><strong>NB! Kosmeetika ostmisel palun valige tarneviisiks Smartpost!<\/strong><\/p>\n<p>\ud83c\uddf7\ud83c\uddfa Victoria\u2019s Secret \u0421\u043f\u0440\u0435\u0439 \u0434\u043b\u044f \u0442\u0435\u043b\u0430 (250ml)<\/p>\n<ul>\n<li><strong>Island Market<\/strong> \u2013 \u0422\u0438\u043f: \u0446\u0432\u0435\u0442\u043e\u0447\u043d\u044b\u0439 \u0441\u0432\u0435\u0436\u0438\u0439, \u041d\u043e\u0442\u044b: \u043c\u0430\u0440\u0430\u043a\u0443\u0439\u044f, \u043b\u0438\u043b\u0438\u044f, \u0441\u0432\u0435\u0436\u0438\u0439 \u0433\u0440\u0435\u0439\u043f\u0444\u0440\u0443\u0442.<\/li>\n<li><strong>Private Sundeck<\/strong> \u2013 \u0422\u0438\u043f: \u0446\u0432\u0435\u0442\u043e\u0447\u043d\u043e-\u0444\u0440\u0443\u043a\u0442\u043e\u0432\u044b\u0439, \u041d\u043e\u0442\u044b: \u0446\u0438\u0442\u0440\u0443\u0441\u043e\u0432\u044b\u0435, \u043c\u0435\u0434\u043e\u0432\u044b\u0435 \u0431\u043e\u0431\u044b \u0442\u043e\u043d\u043a\u0430, \u0430\u043d\u0430\u043d\u0430\u0441.<\/li>\n<li><strong>Poolside Service<\/strong> \u2013 \u0422\u0438\u043f: \u0441\u043e\u043b\u043d\u0435\u0447\u043d\u043e-\u0446\u0432\u0435\u0442\u043e\u0447\u043d\u044b\u0439, \u041d\u043e\u0442\u044b: \u0433\u0430\u0440\u0434\u0435\u043d\u0438\u044f, \u043c\u0430\u0445\u0440\u043e\u0432\u0430\u044f \u0442\u043a\u0430\u043d\u044c, \u043f\u0430\u043f\u0430\u0439\u044f.<\/li>\n<li><strong>Garden View<\/strong> \u2013 \u0422\u0438\u043f: \u0441\u0432\u0435\u0436\u0438\u0439 \u0446\u0432\u0435\u0442\u043e\u0447\u043d\u044b\u0439, \u043d\u043e\u0442\u044b: \u0433\u0438\u0431\u0438\u0441\u043a\u0443\u0441, \u043a\u0430\u0440\u0430\u043c\u0431\u043e\u043b\u0430, \u043c\u0430\u043d\u0434\u0430\u0440\u0438\u043d.<\/li>\n<\/ul>\n<p>\u0421\u043e\u0447\u0435\u0442\u0430\u0439\u0442\u0435 \u0441 \u0441\u043e\u043e\u0442\u0432\u0435\u0442\u0441\u0442\u0432\u0443\u044e\u0449\u0438\u043c \u043b\u043e\u0441\u044c\u043e\u043d\u043e\u043c Fragrance Lotion \u0434\u043b\u044f \u0434\u043b\u0438\u0442\u0435\u043b\u044c\u043d\u043e\u0433\u043e \u043e\u0449\u0443\u0449\u0435\u043d\u0438\u044f \u0430\u0440\u043e\u043c\u0430\u0442\u0430.<\/p>\n<p><strong>NB! \u041f\u0440\u0438 \u043f\u043e\u043a\u0443\u043f\u043a\u0435 \u043a\u043e\u0441\u043c\u0435\u0442\u0438\u043a\u0438 \u0432\u044b\u0431\u0435\u0440\u0438\u0442\u0435 \u043f\u043e\u0436\u0430\u043b\u0443\u0439\u0441\u0442\u0430 Smartpost \u0434\u043e\u0441\u0442\u0430\u0432\u043a\u0443!<\/strong><\/p>\n<p>\ud83c\uddfa\ud83c\uddf8 Victoria\u2019s Secret Sunlit Resort Collection <span style=\"font-weight: 400;\">Fragrance Mist<\/span> (250ml)<\/p>\n<ul>\n<li><strong>Island Market <\/strong> \u2013 Type: Floral Fresh, Notes: bright passionfruit, tiger lily, fresh grapefruit.<\/li>\n<li><strong>Private Sundeck <\/strong>\u2013 Type: Floral Fruity, Notes: solar citrus, honey tonka, lush pineapple.<\/li>\n<li><strong>Poolside Service<\/strong> \u2013 Type: Solar Floral, Notes: warm gardenia, terry cloth, juicy papaya.<\/li>\n<li><strong>Garden View <\/strong>\u2013 Type: Fresh floral, Notes: blooming hibiscus, golden starfruit, radiant mandarin.<\/li>\n<\/ul>\n<p>Pair with matching Fragrance Lotion for a long-lasting fragrance experience.<\/p>\n<p><strong>NB! When buying cosmetics, please choose a Smartpost delivery.<\/strong><\/p>\n","protected":false},"featured_media":11681,"template":"","meta":{"jetpack_publicize_message":"","jetpack_publicize_feature_enabled":true,"jetpack_social_post_already_shared":false,"jetpack_social_options":{"image_generator_settings":{"template":"highway","default_image_id":0,"font":"","enabled":false},"version":2}},"product_brand":[],"product_cat":[631,341],"product_tag":[],"class_list":{"0":"post-11135","1":"product","2":"type-product","3":"status-publish","4":"has-post-thumbnail","6":"product_cat-sale","7":"product_cat-victorias-secret","8":"pa_lohn-garden-view","9":"pa_lohn-island-market","10":"pa_lohn-poolside-service","11":"pa_lohn-private-sundeck","13":"first","14":"instock","15":"sale","16":"shipping-taxable","17":"purchasable","18":"product-type-variable"},"jetpack_publicize_connections":[],"jetpack_sharing_enabled":true,"jetpack_likes_enabled":true,"_links":{"self":[{"href":"https:\/\/superstore.ee\/index.php\/wp-json\/wp\/v2\/product\/11135","targetHints":{"allow":["GET"]}}],"collection":[{"href":"https:\/\/superstore.ee\/index.php\/wp-json\/wp\/v2\/product"}],"about":[{"href":"https:\/\/superstore.ee\/index.php\/wp-json\/wp\/v2\/types\/product"}],"wp:featuredmedia":[{"embeddable":true,"href":"https:\/\/superstore.ee\/index.php\/wp-json\/wp\/v2\/media\/11681"}],"wp:attachment":[{"href":"https:\/\/superstore.ee\/index.php\/wp-json\/wp\/v2\/media?parent=11135"}],"wp:term":[{"taxonomy":"product_brand","embeddable":true,"href":"https:\/\/superstore.ee\/index.php\/wp-json\/wp\/v2\/product_brand?post=11135"},{"taxonomy":"product_cat","embeddable":true,"href":"https:\/\/superstore.ee\/index.php\/wp-json\/wp\/v2\/product_cat?post=11135"},{"taxonomy":"product_tag","embeddable":true,"href":"https:\/\/superstore.ee\/index.php\/wp-json\/wp\/v2\/product_tag?post=11135"}],"curies":[{"name":"wp","href":"https:\/\/api.w.org\/{rel}","templated":true}]}}