{"id":11186,"date":"2023-07-05T19:52:15","date_gmt":"2023-07-05T17:52:15","guid":{"rendered":"https:\/\/superstore.ee\/?post_type=product&#038;p=11186"},"modified":"2023-12-17T19:52:29","modified_gmt":"2023-12-17T17:52:29","slug":"victorias-secret-island-market-komplekt-kehasprei-kehalosjoon","status":"publish","type":"product","link":"https:\/\/superstore.ee\/index.php\/toode\/victorias-secret-island-market-komplekt-kehasprei-kehalosjoon\/","title":{"rendered":"Victoria\u2019s Secret Island Market komplekt (Kehasprei + Kehalosjoon)"},"content":{"rendered":"","protected":false},"excerpt":{"rendered":"<p>\ud83c\uddea\ud83c\uddea Victoria\u2019s Secret komplekt (Kehasprei 250ml + Parf\u00fcmeeritud Kehalosjoon 236ml)<\/p>\n<p><strong>Island Market<\/strong> \u2013 T\u00fc\u00fcp: v\u00e4rske lilleline, Noodid: granadill, liilia, v\u00e4rske greip.<\/p>\n<p><strong>NB! Kosmeetika ostmisel palun valige tarneviisiks Smartpost!<\/strong><\/p>\n<p>\ud83c\uddf7\ud83c\uddfa Victoria\u2019s Secret \u043a\u043e\u043c\u043f\u043b\u0435\u043a\u0442 (\u0421\u043f\u0440\u0435\u0439 \u0434\u043b\u044f \u0442\u0435\u043b\u0430 250ml + \u041f\u0430\u0440\u0444\u044e\u043c\u0438\u0440\u043e\u0432\u0430\u043d\u043d\u044b\u0439 \u043b\u043e\u0441\u044c\u043e\u043d 236ml)<\/p>\n<p><strong>Island Market<\/strong> \u2013 \u0422\u0438\u043f: \u0446\u0432\u0435\u0442\u043e\u0447\u043d\u044b\u0439 \u0441\u0432\u0435\u0436\u0438\u0439, \u041d\u043e\u0442\u044b: \u043c\u0430\u0440\u0430\u043a\u0443\u0439\u044f, \u043b\u0438\u043b\u0438\u044f, \u0441\u0432\u0435\u0436\u0438\u0439 \u0433\u0440\u0435\u0439\u043f\u0444\u0440\u0443\u0442.<\/p>\n<p><strong>NB! \u041f\u0440\u0438 \u043f\u043e\u043a\u0443\u043f\u043a\u0435 \u043a\u043e\u0441\u043c\u0435\u0442\u0438\u043a\u0438 \u0432\u044b\u0431\u0435\u0440\u0438\u0442\u0435 \u043f\u043e\u0436\u0430\u043b\u0443\u0439\u0441\u0442\u0430 Smartpost \u0434\u043e\u0441\u0442\u0430\u0432\u043a\u0443!<\/strong><\/p>\n<p>\ud83c\uddfa\ud83c\uddf8 Victoria\u2019s Secret set (Fragrance Mist 250ml + Fragrance Lotion 236ml)<\/p>\n<p><strong>Island Market <\/strong> \u2013 Type: Floral Fresh, Notes: bright passionfruit, tiger lily, fresh grapefruit.<\/p>\n<p><strong>NB! When buying cosmetics, please choose a Smartpost delivery.<\/strong><\/p>\n","protected":false},"featured_media":11717,"template":"","meta":{"jetpack_publicize_message":"","jetpack_publicize_feature_enabled":true,"jetpack_social_post_already_shared":false,"jetpack_social_options":{"image_generator_settings":{"template":"highway","default_image_id":0,"font":"","enabled":false},"version":2}},"product_brand":[],"product_cat":[342,341],"product_tag":[],"class_list":{"0":"post-11186","1":"product","2":"type-product","3":"status-publish","4":"has-post-thumbnail","6":"product_cat-komplektid-victorias-secret","7":"product_cat-victorias-secret","9":"first","10":"outofstock","11":"sale","12":"shipping-taxable","13":"purchasable","14":"product-type-simple"},"jetpack_publicize_connections":[],"jetpack_sharing_enabled":true,"jetpack_likes_enabled":true,"_links":{"self":[{"href":"https:\/\/superstore.ee\/index.php\/wp-json\/wp\/v2\/product\/11186","targetHints":{"allow":["GET"]}}],"collection":[{"href":"https:\/\/superstore.ee\/index.php\/wp-json\/wp\/v2\/product"}],"about":[{"href":"https:\/\/superstore.ee\/index.php\/wp-json\/wp\/v2\/types\/product"}],"wp:featuredmedia":[{"embeddable":true,"href":"https:\/\/superstore.ee\/index.php\/wp-json\/wp\/v2\/media\/11717"}],"wp:attachment":[{"href":"https:\/\/superstore.ee\/index.php\/wp-json\/wp\/v2\/media?parent=11186"}],"wp:term":[{"taxonomy":"product_brand","embeddable":true,"href":"https:\/\/superstore.ee\/index.php\/wp-json\/wp\/v2\/product_brand?post=11186"},{"taxonomy":"product_cat","embeddable":true,"href":"https:\/\/superstore.ee\/index.php\/wp-json\/wp\/v2\/product_cat?post=11186"},{"taxonomy":"product_tag","embeddable":true,"href":"https:\/\/superstore.ee\/index.php\/wp-json\/wp\/v2\/product_tag?post=11186"}],"curies":[{"name":"wp","href":"https:\/\/api.w.org\/{rel}","templated":true}]}}