{"id":11191,"date":"2023-07-05T20:21:11","date_gmt":"2023-07-05T18:21:11","guid":{"rendered":"https:\/\/superstore.ee\/?post_type=product&#038;p=11191"},"modified":"2024-02-04T16:51:20","modified_gmt":"2024-02-04T14:51:20","slug":"victorias-secret-poolside-service-komplekt-kehasprei-kehalosjoon","status":"publish","type":"product","link":"https:\/\/superstore.ee\/index.php\/toode\/victorias-secret-poolside-service-komplekt-kehasprei-kehalosjoon\/","title":{"rendered":"Victoria\u2019s Secret Poolside Service komplekt (Kehasprei + Kehalosjoon)"},"content":{"rendered":"","protected":false},"excerpt":{"rendered":"<p>\ud83c\uddea\ud83c\uddea Victoria\u2019s Secret komplekt (Kehasprei 250ml + Parf\u00fcmeeritud Kehalosjoon 236ml)<\/p>\n<p><strong>Poolside Service<\/strong> \u2013 t\u00fc\u00fcp: p\u00e4ikeselised lilled, Noodid: gardeenia, froteeriie, papaia.<\/p>\n<p><strong>NB! Kosmeetika ostmisel palun valige tarneviisiks Smartpost!<\/strong><\/p>\n<p>\ud83c\uddf7\ud83c\uddfa Victoria\u2019s Secret \u043a\u043e\u043c\u043f\u043b\u0435\u043a\u0442 (\u0421\u043f\u0440\u0435\u0439 \u0434\u043b\u044f \u0442\u0435\u043b\u0430 250ml + \u041f\u0430\u0440\u0444\u044e\u043c\u0438\u0440\u043e\u0432\u0430\u043d\u043d\u044b\u0439 \u043b\u043e\u0441\u044c\u043e\u043d 236ml)<\/p>\n<p><strong>Poolside Service<\/strong> \u2013 \u0422\u0438\u043f: \u0441\u043e\u043b\u043d\u0435\u0447\u043d\u043e-\u0446\u0432\u0435\u0442\u043e\u0447\u043d\u044b\u0439, \u041d\u043e\u0442\u044b: \u0433\u0430\u0440\u0434\u0435\u043d\u0438\u044f, \u043c\u0430\u0445\u0440\u043e\u0432\u0430\u044f \u0442\u043a\u0430\u043d\u044c, \u043f\u0430\u043f\u0430\u0439\u044f.<\/p>\n<p><strong>NB! \u041f\u0440\u0438 \u043f\u043e\u043a\u0443\u043f\u043a\u0435 \u043a\u043e\u0441\u043c\u0435\u0442\u0438\u043a\u0438 \u0432\u044b\u0431\u0435\u0440\u0438\u0442\u0435 \u043f\u043e\u0436\u0430\u043b\u0443\u0439\u0441\u0442\u0430 Smartpost \u0434\u043e\u0441\u0442\u0430\u0432\u043a\u0443!<\/strong><\/p>\n<p>\ud83c\uddfa\ud83c\uddf8 Victoria\u2019s Secret set (Fragrance Mist 250ml + Fragrance Lotion 236ml)<\/p>\n<p><strong>Poolside Service<\/strong> \u2013 Type: Solar Floral, Notes: warm gardenia, terry cloth, juicy papaya.<\/p>\n<p><strong>NB! When buying cosmetics, please choose a Smartpost delivery.<\/strong><\/p>\n","protected":false},"featured_media":11724,"template":"","meta":{"jetpack_publicize_message":"","jetpack_publicize_feature_enabled":true,"jetpack_social_post_already_shared":false,"jetpack_social_options":{"image_generator_settings":{"template":"highway","default_image_id":0,"font":"","enabled":false},"version":2}},"product_brand":[],"product_cat":[342,341],"product_tag":[],"class_list":{"0":"post-11191","1":"product","2":"type-product","3":"status-publish","4":"has-post-thumbnail","6":"product_cat-komplektid-victorias-secret","7":"product_cat-victorias-secret","9":"first","10":"outofstock","11":"sale","12":"shipping-taxable","13":"purchasable","14":"product-type-simple"},"jetpack_publicize_connections":[],"jetpack_sharing_enabled":true,"jetpack_likes_enabled":true,"_links":{"self":[{"href":"https:\/\/superstore.ee\/index.php\/wp-json\/wp\/v2\/product\/11191","targetHints":{"allow":["GET"]}}],"collection":[{"href":"https:\/\/superstore.ee\/index.php\/wp-json\/wp\/v2\/product"}],"about":[{"href":"https:\/\/superstore.ee\/index.php\/wp-json\/wp\/v2\/types\/product"}],"wp:featuredmedia":[{"embeddable":true,"href":"https:\/\/superstore.ee\/index.php\/wp-json\/wp\/v2\/media\/11724"}],"wp:attachment":[{"href":"https:\/\/superstore.ee\/index.php\/wp-json\/wp\/v2\/media?parent=11191"}],"wp:term":[{"taxonomy":"product_brand","embeddable":true,"href":"https:\/\/superstore.ee\/index.php\/wp-json\/wp\/v2\/product_brand?post=11191"},{"taxonomy":"product_cat","embeddable":true,"href":"https:\/\/superstore.ee\/index.php\/wp-json\/wp\/v2\/product_cat?post=11191"},{"taxonomy":"product_tag","embeddable":true,"href":"https:\/\/superstore.ee\/index.php\/wp-json\/wp\/v2\/product_tag?post=11191"}],"curies":[{"name":"wp","href":"https:\/\/api.w.org\/{rel}","templated":true}]}}