{"id":11195,"date":"2023-07-05T20:31:26","date_gmt":"2023-07-05T18:31:26","guid":{"rendered":"https:\/\/superstore.ee\/?post_type=product&#038;p=11195"},"modified":"2024-07-24T20:36:52","modified_gmt":"2024-07-24T18:36:52","slug":"victorias-secret-kehasprei-250ml-limited-edition-elemental-escape-fragrance-mist","status":"publish","type":"product","link":"https:\/\/superstore.ee\/index.php\/toode\/victorias-secret-kehasprei-250ml-limited-edition-elemental-escape-fragrance-mist\/","title":{"rendered":"Victoria\u2019s Secret Kehasprei (250ml) Limited Edition Elemental Escape Fragrance Mist"},"content":{"rendered":"","protected":false},"excerpt":{"rendered":"<p>\ud83c\uddea\ud83c\uddea Victoria\u2019s Secret Kehasprei (250ml)<\/p>\n<ul>\n<li><strong>Warm Horizon<\/strong> \u2013 T\u00fc\u00fcp: p\u00e4ikeseline lilleline, Noodid: mandariin, plumeria kroonlehed, merevaik.<\/li>\n<li><strong>Lush Air<\/strong> \u2013 T\u00fc\u00fcp: lillelised tsitrusviljad, Noodid: lootos, soolatud muskus, tsitruseline toonik.<\/li>\n<li><strong>Jasmine Rain<\/strong> \u2013\u00a0 T\u00fc\u00fcp: p\u00e4ikeseline lilleline, Noodid: jasmiin, pirn, kookosvesi.<\/li>\n<li><strong>Cool Blooms<\/strong> \u2013 T\u00fc\u00fcp: puuviljane v\u00e4rske, Noodid: melon, m\u00e4gi\u00f5ied, kasepuu.<\/li>\n<\/ul>\n<p><strong>NB! Kosmeetika ostmisel palun valige tarneviisiks Smartpost!<\/strong><\/p>\n<p>\ud83c\uddf7\ud83c\uddfa Victoria\u2019s Secret \u0421\u043f\u0440\u0435\u0439 \u0434\u043b\u044f \u0442\u0435\u043b\u0430 (250ml)<\/p>\n<ul>\n<li><strong>Warm Horizon<\/strong> \u2014 \u0422\u0438\u043f: \u0441\u043e\u043b\u043d\u0435\u0447\u043d\u044b\u0439 \u0446\u0432\u0435\u0442\u043e\u0447\u043d\u044b\u0439, \u041d\u043e\u0442\u044b: \u043c\u0430\u043d\u0434\u0430\u0440\u0438\u043d, \u043b\u0435\u043f\u0435\u0441\u0442\u043a\u0438 \u043f\u043b\u044e\u043c\u0435\u0440\u0438\u0438, \u044f\u043d\u0442\u0430\u0440\u044c.<\/li>\n<li><strong>Lush Air<\/strong> \u2014 \u0422\u0438\u043f: \u0446\u0432\u0435\u0442\u043e\u0447\u043d\u044b\u0439 \u0446\u0438\u0442\u0440\u0443\u0441\u043e\u0432\u044b\u0439, \u041d\u043e\u0442\u044b: \u0446\u0432\u0435\u0442\u043e\u043a \u043b\u043e\u0442\u043e\u0441\u0430, \u0441\u043e\u043b\u0435\u043d\u044b\u0439 \u043c\u0443\u0441\u043a\u0443\u0441, \u0446\u0438\u0442\u0440\u0443\u0441\u043e\u0432\u044b\u0439 \u0442\u043e\u043d\u0438\u043a.<\/li>\n<li><strong>Jasmine Rain<\/strong> \u2014 \u0422\u0438\u043f: \u0441\u043e\u043b\u043d\u0435\u0447\u043d\u044b\u0439 \u0446\u0432\u0435\u0442\u043e\u0447\u043d\u044b\u0439, \u041d\u043e\u0442\u044b: \u0436\u0430\u0441\u043c\u0438\u043d, \u0433\u0440\u0443\u0448\u0430, \u043a\u043e\u043a\u043e\u0441.<\/li>\n<li><strong>Cool Blooms<\/strong> \u2014 \u0422\u0438\u043f: \u0444\u0440\u0443\u043a\u0442\u043e\u0432\u043e-\u0441\u0432\u0435\u0436\u0438\u0439, \u041d\u043e\u0442\u044b: \u0434\u044b\u043d\u044f, \u0433\u043e\u0440\u043d\u044b\u0435 \u0446\u0432\u0435\u0442\u044b, \u0434\u0435\u0440\u0435\u0432\u043e \u0431\u0435\u0440\u0435\u0437\u044b.<\/li>\n<\/ul>\n<p><strong>NB! \u041f\u0440\u0438 \u043f\u043e\u043a\u0443\u043f\u043a\u0435 \u043a\u043e\u0441\u043c\u0435\u0442\u0438\u043a\u0438 \u0432\u044b\u0431\u0435\u0440\u0438\u0442\u0435 \u043f\u043e\u0436\u0430\u043b\u0443\u0439\u0441\u0442\u0430 Smartpost \u0434\u043e\u0441\u0442\u0430\u0432\u043a\u0443!<\/strong><\/p>\n<p>\ud83c\uddfa\ud83c\uddf8 Victoria\u2019s Secret Sunlit Resort Collection <span style=\"font-weight: 400;\">Fragrance Mist<\/span> (250ml)<\/p>\n<ul>\n<li><strong>Warm Horizon<\/strong> \u2013 Type: Solar Floral, Notes: solar tangerine, plumeria petals, amber woods.<\/li>\n<li><strong>Lush Air <\/strong>\u2013 Type: Floral Citrus, Notes: lotus flower, salted musk, citrus tonic.<\/li>\n<li><strong>Jasmine Rain<\/strong> \u2013\u00a0 Type: Solar Floral, Notes: ivory jasmine, dewy pear, coconut water.<\/li>\n<li><strong>Cool Blooms <\/strong>\u2013 Type: Fruity Fresh, Notes: iced melon, mountain blooms, vanilla birchwood.<\/li>\n<\/ul>\n<p><strong>NB! When buying cosmetics, please choose a Smartpost delivery.<\/strong><\/p>\n","protected":false},"featured_media":11831,"template":"","meta":{"jetpack_publicize_message":"","jetpack_publicize_feature_enabled":true,"jetpack_social_post_already_shared":false,"jetpack_social_options":{"image_generator_settings":{"template":"highway","default_image_id":0,"font":"","enabled":false},"version":2}},"product_brand":[],"product_cat":[631,341],"product_tag":[],"class_list":{"0":"post-11195","1":"product","2":"type-product","3":"status-publish","4":"has-post-thumbnail","6":"product_cat-sale","7":"product_cat-victorias-secret","8":"pa_lohn-cool-blooms","9":"pa_lohn-jasmine-rain","10":"pa_lohn-lush-air","11":"pa_lohn-warm-horizon","13":"first","14":"outofstock","15":"sale","16":"shipping-taxable","17":"product-type-variable"},"jetpack_publicize_connections":[],"jetpack_sharing_enabled":true,"jetpack_likes_enabled":true,"_links":{"self":[{"href":"https:\/\/superstore.ee\/index.php\/wp-json\/wp\/v2\/product\/11195","targetHints":{"allow":["GET"]}}],"collection":[{"href":"https:\/\/superstore.ee\/index.php\/wp-json\/wp\/v2\/product"}],"about":[{"href":"https:\/\/superstore.ee\/index.php\/wp-json\/wp\/v2\/types\/product"}],"wp:featuredmedia":[{"embeddable":true,"href":"https:\/\/superstore.ee\/index.php\/wp-json\/wp\/v2\/media\/11831"}],"wp:attachment":[{"href":"https:\/\/superstore.ee\/index.php\/wp-json\/wp\/v2\/media?parent=11195"}],"wp:term":[{"taxonomy":"product_brand","embeddable":true,"href":"https:\/\/superstore.ee\/index.php\/wp-json\/wp\/v2\/product_brand?post=11195"},{"taxonomy":"product_cat","embeddable":true,"href":"https:\/\/superstore.ee\/index.php\/wp-json\/wp\/v2\/product_cat?post=11195"},{"taxonomy":"product_tag","embeddable":true,"href":"https:\/\/superstore.ee\/index.php\/wp-json\/wp\/v2\/product_tag?post=11195"}],"curies":[{"name":"wp","href":"https:\/\/api.w.org\/{rel}","templated":true}]}}