{"id":11208,"date":"2023-07-05T20:55:56","date_gmt":"2023-07-05T18:55:56","guid":{"rendered":"https:\/\/superstore.ee\/?post_type=product&#038;p=11208"},"modified":"2024-07-08T11:30:23","modified_gmt":"2024-07-08T09:30:23","slug":"victorias-secret-parfumeeritud-kehalosjoon-236ml-limited-edition-elemental-escape-fragrance-lotion","status":"publish","type":"product","link":"https:\/\/superstore.ee\/index.php\/toode\/victorias-secret-parfumeeritud-kehalosjoon-236ml-limited-edition-elemental-escape-fragrance-lotion\/","title":{"rendered":"Victoria\u2019s Secret Parf\u00fcmeeritud Kehalosjoon (236ml) Limited Edition Elemental Escape Fragrance Lotion"},"content":{"rendered":"","protected":false},"excerpt":{"rendered":"<p>\ud83c\uddea\ud83c\uddea Victoria\u2019s Secret Parf\u00fcmeeritud Kehalosjoon (236ml)<\/p>\n<p><strong>Warm Horizon<\/strong> \u2013 T\u00fc\u00fcp: p\u00e4ikeseline lilleline, Noodid: mandariin, plumeria kroonlehed, merevaik.<\/p>\n<p>Kauakestva l\u00f5hnaelamuse saamiseks \u00fchendage sobiva kehaspreiga.<\/p>\n<p><strong>NB! Kosmeetika ostmisel palun valige tarneviisiks Smartpost!<\/strong><\/p>\n<p>\ud83c\uddf7\ud83c\uddfa Victoria\u2019s Secret \u041f\u0430\u0440\u0444\u044e\u043c\u0438\u0440\u043e\u0432\u0430\u043d\u043d\u044b\u0439 \u043b\u043e\u0441\u044c\u043e\u043d \u0434\u043b\u044f \u0442\u0435\u043b\u0430 (236ml)<\/p>\n<p><strong>Warm Horizon<\/strong> \u2014 \u0422\u0438\u043f: \u0441\u043e\u043b\u043d\u0435\u0447\u043d\u044b\u0439 \u0446\u0432\u0435\u0442\u043e\u0447\u043d\u044b\u0439, \u041d\u043e\u0442\u044b: \u043c\u0430\u043d\u0434\u0430\u0440\u0438\u043d, \u043b\u0435\u043f\u0435\u0441\u0442\u043a\u0438 \u043f\u043b\u044e\u043c\u0435\u0440\u0438\u0438, \u044f\u043d\u0442\u0430\u0440\u044c.<\/p>\n<p>\u0421\u043e\u0447\u0435\u0442\u0430\u0439\u0442\u0435 \u0441 \u0441\u043e\u043e\u0442\u0432\u0435\u0442\u0441\u0442\u0432\u0443\u044e\u0449\u0438\u043c \u0441\u043f\u0440\u0435\u0435\u043c \u0434\u043b\u044f \u0442\u0435\u043b\u0430 \u0434\u043b\u044f \u0434\u043b\u0438\u0442\u0435\u043b\u044c\u043d\u043e\u0433\u043e \u043e\u0449\u0443\u0449\u0435\u043d\u0438\u044f \u0430\u0440\u043e\u043c\u0430\u0442\u0430.<\/p>\n<p><strong>NB! \u041f\u0440\u0438 \u043f\u043e\u043a\u0443\u043f\u043a\u0435 \u043a\u043e\u0441\u043c\u0435\u0442\u0438\u043a\u0438 \u0432\u044b\u0431\u0435\u0440\u0438\u0442\u0435 \u043f\u043e\u0436\u0430\u043b\u0443\u0439\u0441\u0442\u0430 Smartpost \u0434\u043e\u0441\u0442\u0430\u0432\u043a\u0443!<\/strong><\/p>\n<p>\ud83c\uddfa\ud83c\uddf8 Victoria\u2019s Secret Limited Edition Elemental Escape Fragrance Lotion (236ml)<\/p>\n<p><strong>Warm Horizon<\/strong> \u2013 Type: Solar Floral, Notes: solar tangerine, plumeria petals, amber woods.<\/p>\n<p>Pair with matching Fragrance Mist for a long-lasting fragrance experience.<\/p>\n<p><strong>NB! When buying cosmetics, please choose a Smartpost delivery.<\/strong><\/p>\n","protected":false},"featured_media":11851,"template":"","meta":{"jetpack_publicize_message":"","jetpack_publicize_feature_enabled":true,"jetpack_social_post_already_shared":false,"jetpack_social_options":{"image_generator_settings":{"template":"highway","default_image_id":0,"font":"","enabled":false},"version":2}},"product_brand":[],"product_cat":[631,341],"product_tag":[],"class_list":{"0":"post-11208","1":"product","2":"type-product","3":"status-publish","4":"has-post-thumbnail","6":"product_cat-sale","7":"product_cat-victorias-secret","8":"pa_lohn-garden-view","9":"pa_lohn-island-market","10":"pa_lohn-poolside-service","11":"pa_lohn-private-sundeck","13":"first","14":"outofstock","15":"sale","16":"shipping-taxable","17":"purchasable","18":"product-type-simple"},"jetpack_publicize_connections":[],"jetpack_sharing_enabled":true,"jetpack_likes_enabled":true,"_links":{"self":[{"href":"https:\/\/superstore.ee\/index.php\/wp-json\/wp\/v2\/product\/11208","targetHints":{"allow":["GET"]}}],"collection":[{"href":"https:\/\/superstore.ee\/index.php\/wp-json\/wp\/v2\/product"}],"about":[{"href":"https:\/\/superstore.ee\/index.php\/wp-json\/wp\/v2\/types\/product"}],"wp:featuredmedia":[{"embeddable":true,"href":"https:\/\/superstore.ee\/index.php\/wp-json\/wp\/v2\/media\/11851"}],"wp:attachment":[{"href":"https:\/\/superstore.ee\/index.php\/wp-json\/wp\/v2\/media?parent=11208"}],"wp:term":[{"taxonomy":"product_brand","embeddable":true,"href":"https:\/\/superstore.ee\/index.php\/wp-json\/wp\/v2\/product_brand?post=11208"},{"taxonomy":"product_cat","embeddable":true,"href":"https:\/\/superstore.ee\/index.php\/wp-json\/wp\/v2\/product_cat?post=11208"},{"taxonomy":"product_tag","embeddable":true,"href":"https:\/\/superstore.ee\/index.php\/wp-json\/wp\/v2\/product_tag?post=11208"}],"curies":[{"name":"wp","href":"https:\/\/api.w.org\/{rel}","templated":true}]}}