{"id":11365,"date":"2023-07-15T16:32:34","date_gmt":"2023-07-15T14:32:34","guid":{"rendered":"https:\/\/superstore.ee\/?post_type=product&#038;p=11365"},"modified":"2023-11-06T17:33:41","modified_gmt":"2023-11-06T15:33:41","slug":"victorias-secret-kehasprei-250ml-limited-edition-into-the-clouds-fragrance-mist","status":"publish","type":"product","link":"https:\/\/superstore.ee\/index.php\/toode\/victorias-secret-kehasprei-250ml-limited-edition-into-the-clouds-fragrance-mist\/","title":{"rendered":"Victoria\u2019s Secret Kehasprei (250ml) Limited Edition Into the Clouds Fragrance Mist"},"content":{"rendered":"","protected":false},"excerpt":{"rendered":"<p>\ud83c\uddea\ud83c\uddea Victoria\u2019s Secret Kehasprei (250ml)<\/p>\n<ul>\n<li><strong>Orange Flower Sun<\/strong> \u2013 T\u00fc\u00fcp: lilleline puuviljane, Noodid: tsitrusviljade \u00f5ied, p\u00f5sepuu, n\u00e4rimiskumm.<\/li>\n<li><strong>Floral Morning Dream<\/strong> \u2013 T\u00fc\u00fcp: lilleline, Noodid: hommikukaste, maikelluke, v\u00e4rske kuslapuu.<\/li>\n<li><strong>Pastel Sugar Sky<\/strong> \u2013 T\u00fc\u00fcp: lilleline magus, noodid: vaniljeorhidee, suhkruvatt, lavendli muskus.<\/li>\n<\/ul>\n<p><strong>NB! Kosmeetika ostmisel palun valige tarneviisiks Smartpost!<\/strong><\/p>\n<p>\ud83c\uddf7\ud83c\uddfa Victoria\u2019s Secret \u0421\u043f\u0440\u0435\u0439 \u0434\u043b\u044f \u0442\u0435\u043b\u0430 (250ml)<\/p>\n<ul>\n<li><strong>Orange Flower Sun<\/strong> \u2013 \u0422\u0438\u043f: \u0446\u0432\u0435\u0442\u043e\u0447\u043d\u043e-\u0444\u0440\u0443\u043a\u0442\u043e\u0432\u044b\u0439, \u043d\u043e\u0442\u044b: \u043f\u0440\u043e\u0431\u0443\u0436\u0434\u0430\u044e\u0449\u0438\u0435\u0441\u044f \u0446\u0432\u0435\u0442\u044b \u0446\u0438\u0442\u0440\u0443\u0441\u043e\u0432\u044b\u0445, \u0440\u0443\u043c\u044f\u043d\u0430, \u0436\u0435\u0432\u0430\u0442\u0435\u043b\u044c\u043d\u0430\u044f \u0440\u0435\u0437\u0438\u043d\u043a\u0430.<\/li>\n<li><strong>Floral Morning Dream<\/strong> \u2013 \u0422\u0438\u043f: \u0446\u0432\u0435\u0442\u043e\u0447\u043d\u044b\u0439, \u041d\u043e\u0442\u044b: \u0443\u0442\u0440\u0435\u043d\u043d\u044f\u044f \u0440\u043e\u0441\u0430, \u043b\u0430\u043d\u0434\u044b\u0448, \u0441\u0432\u0435\u0436\u0430\u044f \u0436\u0438\u043c\u043e\u043b\u043e\u0441\u0442\u044c.<\/li>\n<li><strong>Pastel Sugar Sky<\/strong> \u2013 \u0442\u0438\u043f: \u0446\u0432\u0435\u0442\u043e\u0447\u043d\u044b\u0439 \u0433\u0443\u0440\u043c\u0430\u043d\u0441\u043a\u0438\u0439, \u043d\u043e\u0442\u044b: \u0432\u0430\u043d\u0438\u043b\u044c\u043d\u0430\u044f \u043e\u0440\u0445\u0438\u0434\u0435\u044f, \u0441\u043b\u0430\u0434\u043a\u0430\u044f \u0432\u0430\u0442\u0430, \u043b\u0430\u0432\u0430\u043d\u0434\u043e\u0432\u044b\u0439 \u043c\u0443\u0441\u043a\u0443\u0441.<\/li>\n<\/ul>\n<p><strong>NB! \u041f\u0440\u0438 \u043f\u043e\u043a\u0443\u043f\u043a\u0435 \u043a\u043e\u0441\u043c\u0435\u0442\u0438\u043a\u0438 \u0432\u044b\u0431\u0435\u0440\u0438\u0442\u0435 \u043f\u043e\u0436\u0430\u043b\u0443\u0439\u0441\u0442\u0430 Smartpost \u0434\u043e\u0441\u0442\u0430\u0432\u043a\u0443!<\/strong><\/p>\n<p>\ud83c\uddfa\ud83c\uddf8 Victoria\u2019s Secret Limited Edition Into the Clouds Fragrance Mist\u00a0(250ml)<\/p>\n<ul>\n<li><strong>Orange Flower Sun<\/strong> \u2013 Type: Floral Fruity, Notes: citrus blossoms awaken, blush wood, bubblegum petals.<\/li>\n<li><strong>Floral Morning Dream <\/strong>\u2013 Type: Floral, Notes: morning dew, lily of the valley, fresh honeysuckle.<\/li>\n<li><strong>Pastel Sugar Sky<\/strong> \u2013\u00a0 Type: Floral Gourmand, Notes: vanilla orchid, cotton candy, lavender musk.<\/li>\n<\/ul>\n<p><strong>NB! When buying cosmetics, please choose a Smartpost delivery.<\/strong><\/p>\n","protected":false},"featured_media":11986,"template":"","meta":{"jetpack_publicize_message":"","jetpack_publicize_feature_enabled":true,"jetpack_social_post_already_shared":false,"jetpack_social_options":{"image_generator_settings":{"template":"highway","default_image_id":0,"font":"","enabled":false},"version":2}},"product_brand":[],"product_cat":[341],"product_tag":[],"class_list":{"0":"post-11365","1":"product","2":"type-product","3":"status-publish","4":"has-post-thumbnail","6":"product_cat-victorias-secret","7":"pa_lohn-floral-morning-dream","8":"pa_lohn-orange-flower-sun","9":"pa_lohn-pastel-sugar-sky","11":"first","12":"outofstock","13":"sale","14":"shipping-taxable","15":"product-type-variable"},"jetpack_publicize_connections":[],"jetpack_sharing_enabled":true,"jetpack_likes_enabled":true,"_links":{"self":[{"href":"https:\/\/superstore.ee\/index.php\/wp-json\/wp\/v2\/product\/11365","targetHints":{"allow":["GET"]}}],"collection":[{"href":"https:\/\/superstore.ee\/index.php\/wp-json\/wp\/v2\/product"}],"about":[{"href":"https:\/\/superstore.ee\/index.php\/wp-json\/wp\/v2\/types\/product"}],"wp:featuredmedia":[{"embeddable":true,"href":"https:\/\/superstore.ee\/index.php\/wp-json\/wp\/v2\/media\/11986"}],"wp:attachment":[{"href":"https:\/\/superstore.ee\/index.php\/wp-json\/wp\/v2\/media?parent=11365"}],"wp:term":[{"taxonomy":"product_brand","embeddable":true,"href":"https:\/\/superstore.ee\/index.php\/wp-json\/wp\/v2\/product_brand?post=11365"},{"taxonomy":"product_cat","embeddable":true,"href":"https:\/\/superstore.ee\/index.php\/wp-json\/wp\/v2\/product_cat?post=11365"},{"taxonomy":"product_tag","embeddable":true,"href":"https:\/\/superstore.ee\/index.php\/wp-json\/wp\/v2\/product_tag?post=11365"}],"curies":[{"name":"wp","href":"https:\/\/api.w.org\/{rel}","templated":true}]}}