{"id":11428,"date":"2023-07-18T16:14:05","date_gmt":"2023-07-18T14:14:05","guid":{"rendered":"https:\/\/superstore.ee\/?post_type=product&#038;p=11428"},"modified":"2023-12-10T14:04:18","modified_gmt":"2023-12-10T12:04:18","slug":"victorias-secret-kehapesukreem-sheavoiga-236ml-aloe-water-hibiscus","status":"publish","type":"product","link":"https:\/\/superstore.ee\/index.php\/toode\/victorias-secret-kehapesukreem-sheavoiga-236ml-aloe-water-hibiscus\/","title":{"rendered":"Victoria\u2019s Secret Kehapesukreem sheav\u00f5iga (236ml) Aloe Water &amp; Hibiscus"},"content":{"rendered":"","protected":false},"excerpt":{"rendered":"<p><span style=\"font-weight: 400\">\ud83c\uddea\ud83c\uddea Victoria\u2019s Secret kehapesukreem sheav\u00f5iga (236ml). Niisutab ja puhastab nahka.<\/span><\/p>\n<p><strong>Aloe Water &amp; Hibiscus<\/strong>\u00a0\u2013 T\u00fc\u00fcp: V\u00e4rske lilleline \u2022 Aaloe. Hibisk. Botaaniline inspiratsioon.<\/p>\n<p><span style=\"font-weight: 400\">Kombineerige sobiva kehasprei, kehakreemi, kehakoorija ja niisutava keha\u00f5liga.<\/span><\/p>\n<p><strong>NB! Kosmeetika ostmisel palun valige tarneviisiks Smartpost!<\/strong><\/p>\n<p><span style=\"font-weight: 400\">\ud83c\uddf7\ud83c\uddfa <\/span><span style=\"font-weight: 400\">\u041a\u0440\u0435\u043c \u0434\u043b\u044f \u043c\u044b\u0442\u044c\u044f \u0442\u0435\u043b\u0430 \u043e\u0442 Victoria&#8217;s Secret \u043d\u0430 \u043e\u0441\u043d\u043e\u0432\u0435 \u043c\u0430\u0441\u043b\u0430 \u0448\u0438 (236\u043c\u043b).\u00a0 <\/span><span style=\"font-weight: 400\">\u0423\u0432\u043b\u0430\u0436\u043d\u044f\u0435\u0442 \u0438 \u043e\u0447\u0438\u0449\u0430\u0435\u0442 \u043a\u043e\u0436\u0443 \u043e\u0434\u043d\u043e\u0432\u0440\u0435\u043c\u0435\u043d\u043d\u043e. \u041a\u043e\u0436\u0430 \u0441\u0442\u0430\u043d\u043e\u0432\u0438\u0442\u0441\u044f \u0431\u043e\u043b\u0435\u0435 \u0443\u0432\u043b\u0430\u0436\u043d\u0435\u043d\u043d\u043e\u0439 \u0443\u0436\u0435 \u043f\u043e\u0441\u043b\u0435 \u043f\u0435\u0440\u0432\u043e\u0433\u043e \u043c\u044b\u0442\u044c\u044f.<\/span><\/p>\n<div class=\"sc-s4utl4-0 iHWVeS prism-layout-item-flex prism-layout-item sc-1dho2f2-9 fhkzkI\">\n<div class=\"sc-1dho2f2-4 lnIKHc\">\n<p><strong>Aloe Water &amp; Hibiscus<\/strong> \u2013 \u0422\u0438\u043f: \u0421\u0432\u0435\u0436\u0438\u0439 \u0446\u0432\u0435\u0442\u043e\u0447\u043d\u044b\u0439 \u2022 \u0410\u043b\u043e\u044d. \u0413\u0438\u0431\u0438\u0441\u043a\u0443\u0441. \u0411\u043e\u0442\u0430\u043d\u0438\u0447\u0435\u0441\u043a\u043e\u0435 \u0432\u0434\u043e\u0445\u043d\u043e\u0432\u0435\u043d\u0438\u0435.<\/p>\n<\/div>\n<\/div>\n<p><span style=\"font-weight: 400\">\u0421\u043e\u0447\u0435\u0442\u0430\u0439\u0442\u0435 \u0441 \u043f\u043e\u0434\u0445\u043e\u0434\u044f\u0449\u0438\u043c \u0441\u043f\u0440\u0435\u0435\u043c \u0434\u043b\u044f \u0442\u0435\u043b\u0430, \u043b\u043e\u0441\u044c\u043e\u043d\u043e\u043c, \u0441\u043a\u0440\u0430\u0431\u043e\u043c \u0438 \u0443\u0432\u043b\u0430\u0436\u043d\u044f\u044e\u0449\u0438\u043c \u043c\u0430\u0441\u043b\u043e\u043c \u0434\u043b\u044f \u0442\u0435\u043b\u0430.<\/span><\/p>\n<p><strong>NB! \u041f\u0440\u0438 \u043f\u043e\u043a\u0443\u043f\u043a\u0435 \u043a\u043e\u0441\u043c\u0435\u0442\u0438\u043a\u0438 \u0432\u044b\u0431\u0435\u0440\u0438\u0442\u0435 \u043f\u043e\u0436\u0430\u043b\u0443\u0439\u0441\u0442\u0430 Smartpost \u0434\u043e\u0441\u0442\u0430\u0432\u043a\u0443!<\/strong><\/p>\n<p><span style=\"font-weight: 400\">\ud83c\uddfa\ud83c\uddf8<\/span><span style=\"font-weight: 400\">Body wash cream with Shea Butter-infused formula (236ml). Moisturizes and cleanses the skin at the same time. Skin feels more hydrated after just one wash.<\/span><\/p>\n<div class=\"sc-s4utl4-0 iHWVeS prism-layout-item-flex prism-layout-item sc-1dho2f2-9 fhkzkI\">\n<div class=\"sc-1dho2f2-4 lnIKHc\">\n<p><strong>Aloe Water &amp; Hibiscus<\/strong>\u00a0\u2013 Type: Fresh Floral \u2022 Aloe Water. Hibiscus. Botanical Inspiration.<\/p>\n<\/div>\n<\/div>\n<p><span style=\"font-weight: 400\">To maximize your scent benefit, pair with matching Fragrance Mist, Body Lotion, Exfoliating Body Scrub, and Hydrating Body Butter.<\/span><\/p>\n<p><strong>NB! When buying cosmetics, please choose a Smartpos delivery!<\/strong><\/p>\n","protected":false},"featured_media":11429,"template":"","meta":{"jetpack_publicize_message":"","jetpack_publicize_feature_enabled":true,"jetpack_social_post_already_shared":false,"jetpack_social_options":{"image_generator_settings":{"template":"highway","default_image_id":0,"font":"","enabled":false},"version":2}},"product_brand":[],"product_cat":[341],"product_tag":[],"class_list":{"0":"post-11428","1":"product","2":"type-product","3":"status-publish","4":"has-post-thumbnail","6":"product_cat-victorias-secret","7":"pa_lohn-cucumber-green-tea","8":"pa_lohn-jasmine-elderberry","9":"pa_lohn-water-lily-sea-salt","11":"first","12":"outofstock","13":"sale","14":"shipping-taxable","15":"purchasable","16":"product-type-simple"},"jetpack_publicize_connections":[],"jetpack_sharing_enabled":true,"jetpack_likes_enabled":true,"_links":{"self":[{"href":"https:\/\/superstore.ee\/index.php\/wp-json\/wp\/v2\/product\/11428","targetHints":{"allow":["GET"]}}],"collection":[{"href":"https:\/\/superstore.ee\/index.php\/wp-json\/wp\/v2\/product"}],"about":[{"href":"https:\/\/superstore.ee\/index.php\/wp-json\/wp\/v2\/types\/product"}],"wp:featuredmedia":[{"embeddable":true,"href":"https:\/\/superstore.ee\/index.php\/wp-json\/wp\/v2\/media\/11429"}],"wp:attachment":[{"href":"https:\/\/superstore.ee\/index.php\/wp-json\/wp\/v2\/media?parent=11428"}],"wp:term":[{"taxonomy":"product_brand","embeddable":true,"href":"https:\/\/superstore.ee\/index.php\/wp-json\/wp\/v2\/product_brand?post=11428"},{"taxonomy":"product_cat","embeddable":true,"href":"https:\/\/superstore.ee\/index.php\/wp-json\/wp\/v2\/product_cat?post=11428"},{"taxonomy":"product_tag","embeddable":true,"href":"https:\/\/superstore.ee\/index.php\/wp-json\/wp\/v2\/product_tag?post=11428"}],"curies":[{"name":"wp","href":"https:\/\/api.w.org\/{rel}","templated":true}]}}