{"id":11445,"date":"2023-07-22T14:21:14","date_gmt":"2023-07-22T12:21:14","guid":{"rendered":"https:\/\/superstore.ee\/?post_type=product&#038;p=11445"},"modified":"2023-12-10T19:28:33","modified_gmt":"2023-12-10T17:28:33","slug":"victorias-secret-aaloe-komplekt-kehaoli-kehapesukreem","status":"publish","type":"product","link":"https:\/\/superstore.ee\/index.php\/toode\/victorias-secret-aaloe-komplekt-kehaoli-kehapesukreem\/","title":{"rendered":"Victoria\u2019s Secret Aaloe komplekt (Keha\u00f5li + Kehapesukreem)"},"content":{"rendered":"","protected":false},"excerpt":{"rendered":"<p>\ud83c\uddea\ud83c\uddeaVictoria\u2019s Secret\u00a0<strong>Aloe Water &amp; Hibiscus<\/strong> komplekt (N<span style=\"font-weight: 400;\">iisutav <\/span>K<span style=\"font-weight: 400;\">eha\u00f5li <\/span> 200ml + K<span style=\"font-weight: 400;\">ehapesukreem <\/span>236ml) Natural Beauty<\/p>\n<ul>\n<li>Victoria\u2019s Secret\u00a0<strong>Aloe Water &amp; Hibiscus<\/strong> <span style=\"font-weight: 400;\">Keha\u00f5li <\/span>(200ml). \u00d5rn valem jojoba\u00f5liga imendub kiiresti ja annab sileda ja terve v\u00e4limusega naha.<\/li>\n<li>Victoria\u2019s Secret\u00a0<strong>Aloe Water &amp; Hibiscus<\/strong> K<span style=\"font-weight: 400;\">ehapesukreem sheav\u00f5iga <\/span> (236ml) Natural Beauty <span style=\"font-weight: 400;\">Body wash cream<\/span><\/li>\n<\/ul>\n<p><strong>L\u00f5hnastiil<\/strong>: V\u00e4rske lilleline \u2022 Aaloe. Hibisk. Botaaniline inspiratsioon.<\/p>\n<p><strong>NB! Kosmeetika ostmisel palun valige tarneviisiks Smartpost!<\/strong><\/p>\n<p>\ud83c\uddf7\ud83c\uddfa\u00a0Victoria\u2019s Secret\u00a0<strong>Aloe Water &amp; Hibiscus\u00a0<\/strong>\u043a\u043e\u043c\u043f\u043b\u0435\u043a\u0442 (\u0423<span style=\"font-weight: 400;\">\u0432\u043b\u0430\u0436\u043d\u044f\u044e\u0449\u0435\u0435 \u043c\u0430\u0441\u043b\u043e \u0434\u043b\u044f \u0442\u0435\u043b\u0430<\/span> 200ml + <span style=\"font-weight: 400;\">\u041a\u0440\u0435\u043c \u0434\u043b\u044f \u043c\u044b\u0442\u044c\u044f \u0442\u0435\u043b\u0430<\/span>\u00a0236ml) Natural Beauty<\/p>\n<ul>\n<li>Victoria\u2019s Secret <span style=\"font-weight: 400;\">\u0443\u0432\u043b\u0430\u0436\u043d\u044f\u044e\u0449\u0435\u0435 \u043c\u0430\u0441\u043b\u043e \u0434\u043b\u044f \u0442\u0435\u043b\u0430<\/span>\u00a0<strong>Aloe Water &amp; Hibiscus<\/strong> (200ml). \u041d\u0435\u0436\u043d\u0430\u044f \u0444\u043e\u0440\u043c\u0443\u043b\u0430 \u0441 \u043c\u0430\u0441\u043b\u043e\u043c \u0436\u043e\u0436\u043e\u0431\u0430 \u0431\u044b\u0441\u0442\u0440\u043e \u0432\u043f\u0438\u0442\u044b\u0432\u0430\u0435\u0442\u0441\u044f, \u0434\u0435\u043b\u0430\u044f \u043a\u043e\u0436\u0443 \u0433\u043b\u0430\u0434\u043a\u043e\u0439 \u0438 \u0437\u0434\u043e\u0440\u043e\u0432\u043e\u0439.<\/li>\n<li>Victoria\u2019s Secret\u00a0<strong>Aloe Water &amp; Hibiscus<\/strong><strong> <span style=\"font-weight: 400;\">\u041a\u0440\u0435\u043c \u0434\u043b\u044f \u043c\u044b\u0442\u044c\u044f \u0442\u0435\u043b\u0430 \u043d\u0430 \u043e\u0441\u043d\u043e\u0432\u0435 \u043c\u0430\u0441\u043b\u0430 \u0448\u0438<\/span><\/strong> (236ml) Natural Beauty <span style=\"font-weight: 400;\">Body wash cream<\/span><\/li>\n<\/ul>\n<p><strong>\u0421\u0442\u0438\u043b\u044c \u0430\u0440\u043e\u043c\u0430\u0442\u0430<\/strong>: \u0421\u0432\u0435\u0436\u0438\u0439 \u0446\u0432\u0435\u0442\u043e\u0447\u043d\u044b\u0439 \u2022 \u0410\u043b\u043e\u044d. \u0413\u0438\u0431\u0438\u0441\u043a\u0443\u0441. \u0411\u043e\u0442\u0430\u043d\u0438\u0447\u0435\u0441\u043a\u043e\u0435 \u0432\u0434\u043e\u0445\u043d\u043e\u0432\u0435\u043d\u0438\u0435.<\/p>\n<p><strong>NB! \u041f\u0440\u0438 \u043f\u043e\u043a\u0443\u043f\u043a\u0435 \u043a\u043e\u0441\u043c\u0435\u0442\u0438\u043a\u0438 \u0432\u044b\u0431\u0435\u0440\u0438\u0442\u0435 \u043f\u043e\u0436\u0430\u043b\u0443\u0439\u0441\u0442\u0430 Smartpost \u0434\u043e\u0441\u0442\u0430\u0432\u043a\u0443!<\/strong><\/p>\n<p><span style=\"font-weight: 400;\">\ud83c\uddfa\ud83c\uddf8 Victoria\u2019s Secret<\/span> <strong>Aloe Water &amp; Hibiscus<\/strong> set (B<span style=\"font-weight: 400;\">ody Oil<\/span><span style=\"font-weight: 400;\">\u00a0<\/span>200ml + <span style=\"font-weight: 400;\">Body wash cream<\/span><span style=\"font-weight: 400;\">\u00a0<\/span>236ml) Natural Beauty<\/p>\n<ul>\n<li>Victoria\u2019s Secret\u00a0<strong>Aloe Water &amp; Hibiscus<\/strong> B<span style=\"font-weight: 400;\">ody Oil <\/span>(200ml) Natural Beauty<\/li>\n<li>Victoria\u2019s Secret\u00a0<strong>Aloe Water &amp; Hibiscus<\/strong> B<span style=\"font-weight: 400;\">ody wash cream with Shea Butter-infused formula<\/span> (236ml) Natural Beauty<\/li>\n<\/ul>\n<p><strong>Fragrance style:<\/strong> Fresh floral \u2022 Aloe. Hibiscus. Botanical inspiration.<\/p>\n<p><strong>NB! When buying cosmetics, please choose a Smartpost delivery.<\/strong><\/p>\n","protected":false},"featured_media":11446,"template":"","meta":{"jetpack_publicize_message":"","jetpack_publicize_feature_enabled":true,"jetpack_social_post_already_shared":false,"jetpack_social_options":{"image_generator_settings":{"template":"highway","default_image_id":0,"font":"","enabled":false},"version":2}},"product_brand":[],"product_cat":[342,341],"product_tag":[],"class_list":{"0":"post-11445","1":"product","2":"type-product","3":"status-publish","4":"has-post-thumbnail","6":"product_cat-komplektid-victorias-secret","7":"product_cat-victorias-secret","9":"first","10":"outofstock","11":"sale","12":"shipping-taxable","13":"purchasable","14":"product-type-simple"},"jetpack_publicize_connections":[],"jetpack_sharing_enabled":true,"jetpack_likes_enabled":true,"_links":{"self":[{"href":"https:\/\/superstore.ee\/index.php\/wp-json\/wp\/v2\/product\/11445","targetHints":{"allow":["GET"]}}],"collection":[{"href":"https:\/\/superstore.ee\/index.php\/wp-json\/wp\/v2\/product"}],"about":[{"href":"https:\/\/superstore.ee\/index.php\/wp-json\/wp\/v2\/types\/product"}],"wp:featuredmedia":[{"embeddable":true,"href":"https:\/\/superstore.ee\/index.php\/wp-json\/wp\/v2\/media\/11446"}],"wp:attachment":[{"href":"https:\/\/superstore.ee\/index.php\/wp-json\/wp\/v2\/media?parent=11445"}],"wp:term":[{"taxonomy":"product_brand","embeddable":true,"href":"https:\/\/superstore.ee\/index.php\/wp-json\/wp\/v2\/product_brand?post=11445"},{"taxonomy":"product_cat","embeddable":true,"href":"https:\/\/superstore.ee\/index.php\/wp-json\/wp\/v2\/product_cat?post=11445"},{"taxonomy":"product_tag","embeddable":true,"href":"https:\/\/superstore.ee\/index.php\/wp-json\/wp\/v2\/product_tag?post=11445"}],"curies":[{"name":"wp","href":"https:\/\/api.w.org\/{rel}","templated":true}]}}