{"id":11499,"date":"2023-07-29T14:08:31","date_gmt":"2023-07-29T12:08:31","guid":{"rendered":"https:\/\/superstore.ee\/?post_type=product&#038;p=11499"},"modified":"2024-08-16T09:20:38","modified_gmt":"2024-08-16T07:20:38","slug":"kiko-milano-silmade-ja-nao-palett-02-fashionables-shades","status":"publish","type":"product","link":"https:\/\/superstore.ee\/index.php\/toode\/kiko-milano-silmade-ja-nao-palett-02-fashionables-shades\/","title":{"rendered":"KIKO Milano silmade ja n\u00e4o palett (02 Fashionables Shades)"},"content":{"rendered":"","protected":false},"excerpt":{"rendered":"<div class=\"ProductDetails__Name visible-md\">\n<div role=\"heading\" data-size=\"medium\" aria-level=\"1\">\n<div class=\"woocommerce-product-details__short-description\">\n<p>\ud83c\uddea\ud83c\uddea KIKO Milano silmade ja n\u00e4o palett (02 Fashionables Shades)<\/p>\n<p>Avasta mitmek\u00fclgne KIKO Milano silmade ja n\u00e4o palett (02 Fashionables Shades)! See palett sisaldab <strong>1 p\u00e4ikesepuudrit, 1 p\u00f5sepuna ja 8 lauv\u00e4rvi<\/strong>: 4 matti viimistlusega ning 4 p\u00e4rlmutterviimistlusega. Looge enda ainulaadne v\u00e4limus, segades erinevaid toone ja katsetades erinevaid efekte. Palett v\u00f5imaldab teil luua nii igap\u00e4evaseid naturaalseid meike kui ka dramaatilisemaid \u00f5htumeike.<\/p>\n<p>\ud83c\uddf7\ud83c\uddfa \u041f\u0430\u043b\u0435\u0442\u043a\u0430 \u0434\u043b\u044f \u0433\u043b\u0430\u0437 \u0438 \u043b\u0438\u0446\u0430 KIKO Milano (02 Fashionables Shades)<\/p>\n<p>\u041e\u0442\u043a\u0440\u043e\u0439\u0442\u0435 \u0434\u043b\u044f \u0441\u0435\u0431\u044f \u0443\u043d\u0438\u0432\u0435\u0440\u0441\u0430\u043b\u044c\u043d\u0443\u044e \u043f\u0430\u043b\u0435\u0442\u043a\u0443 \u0434\u043b\u044f \u0433\u043b\u0430\u0437 \u0438 \u043b\u0438\u0446\u0430 KIKO Milano (02 Fashionables Shades)! \u0412 \u044d\u0442\u043e\u0439 \u043f\u0430\u043b\u0438\u0442\u0440\u0435 \u0441\u043e\u0434\u0435\u0440\u0436\u0438\u0442\u0441\u044f <strong>1 \u0431\u0440\u043e\u043d\u0437\u0430\u0442\u043e\u0440, 1 \u0440\u0443\u043c\u044f\u043d\u0430 \u0438 8 \u0442\u0435\u043d\u0435\u0439 \u0434\u043b\u044f \u0432\u0435\u043a<\/strong>: 4 \u043c\u0430\u0442\u043e\u0432\u044b\u0445 \u043e\u0442\u0442\u0435\u043d\u043a\u0430 \u0438 4 \u043f\u0435\u0440\u043b\u0430\u043c\u0443\u0442\u0440\u043e\u0432\u044b\u0445 \u043e\u0442\u0442\u0435\u043d\u043a\u0430. \u0421\u043e\u0437\u0434\u0430\u0432\u0430\u0439\u0442\u0435 \u0441\u0432\u043e\u0439 \u043d\u0435\u043f\u043e\u0432\u0442\u043e\u0440\u0438\u043c\u044b\u0439 \u043e\u0431\u0440\u0430\u0437, \u0441\u043c\u0435\u0448\u0438\u0432\u0430\u044f \u0440\u0430\u0437\u043d\u044b\u0435 \u0446\u0432\u0435\u0442\u0430 \u0438 \u044d\u043a\u0441\u043f\u0435\u0440\u0438\u043c\u0435\u043d\u0442\u0438\u0440\u0443\u044f \u0441 \u0440\u0430\u0437\u043b\u0438\u0447\u043d\u044b\u043c\u0438 \u044d\u0444\u0444\u0435\u043a\u0442\u0430\u043c\u0438. \u041f\u0430\u043b\u0435\u0442\u043a\u0430 \u043f\u043e\u0437\u0432\u043e\u043b\u044f\u0435\u0442 \u0441\u043e\u0437\u0434\u0430\u0432\u0430\u0442\u044c \u043a\u0430\u043a \u0435\u0436\u0435\u0434\u043d\u0435\u0432\u043d\u044b\u0439 \u043d\u0430\u0442\u0443\u0440\u0430\u043b\u044c\u043d\u044b\u0439 \u043c\u0430\u043a\u0438\u044f\u0436, \u0442\u0430\u043a \u0438 \u0431\u043e\u043b\u0435\u0435 \u0434\u0440\u0430\u043c\u0430\u0442\u0438\u0447\u043d\u044b\u0435 \u0432\u0435\u0447\u0435\u0440\u043d\u0438\u0435 \u043e\u0431\u0440\u0430\u0437\u044b.<\/p>\n<\/div>\n<div class=\"woocommerce-product-details__short-description\">\n<p>\ud83c\uddfa\ud83c\uddf8 KIKO Milano Smart Eyes And Face Palette<\/p>\n<p>Palette featuring 1 bronzer, 1 blush and 8 eyeshadows: 4 in a matte finish and 4 in a pearly finish.<\/p>\n<\/div>\n<\/div>\n<\/div>\n","protected":false},"featured_media":11506,"template":"","meta":{"jetpack_publicize_message":"","jetpack_publicize_feature_enabled":true,"jetpack_social_post_already_shared":false,"jetpack_social_options":{"image_generator_settings":{"template":"highway","default_image_id":0,"font":"","enabled":false},"version":2}},"product_brand":[],"product_cat":[340,631],"product_tag":[],"class_list":{"0":"post-11499","1":"product","2":"type-product","3":"status-publish","4":"has-post-thumbnail","6":"product_cat-kiko-milano","7":"product_cat-sale","9":"first","10":"outofstock","11":"sale","12":"shipping-taxable","13":"purchasable","14":"product-type-simple"},"jetpack_publicize_connections":[],"jetpack_sharing_enabled":true,"jetpack_likes_enabled":true,"_links":{"self":[{"href":"https:\/\/superstore.ee\/index.php\/wp-json\/wp\/v2\/product\/11499","targetHints":{"allow":["GET"]}}],"collection":[{"href":"https:\/\/superstore.ee\/index.php\/wp-json\/wp\/v2\/product"}],"about":[{"href":"https:\/\/superstore.ee\/index.php\/wp-json\/wp\/v2\/types\/product"}],"wp:featuredmedia":[{"embeddable":true,"href":"https:\/\/superstore.ee\/index.php\/wp-json\/wp\/v2\/media\/11506"}],"wp:attachment":[{"href":"https:\/\/superstore.ee\/index.php\/wp-json\/wp\/v2\/media?parent=11499"}],"wp:term":[{"taxonomy":"product_brand","embeddable":true,"href":"https:\/\/superstore.ee\/index.php\/wp-json\/wp\/v2\/product_brand?post=11499"},{"taxonomy":"product_cat","embeddable":true,"href":"https:\/\/superstore.ee\/index.php\/wp-json\/wp\/v2\/product_cat?post=11499"},{"taxonomy":"product_tag","embeddable":true,"href":"https:\/\/superstore.ee\/index.php\/wp-json\/wp\/v2\/product_tag?post=11499"}],"curies":[{"name":"wp","href":"https:\/\/api.w.org\/{rel}","templated":true}]}}