{"id":11508,"date":"2023-07-29T17:01:35","date_gmt":"2023-07-29T15:01:35","guid":{"rendered":"https:\/\/superstore.ee\/?post_type=product&#038;p=11508"},"modified":"2023-12-09T10:55:47","modified_gmt":"2023-12-09T08:55:47","slug":"kiko-milano-kosmeetikakott-labipaistev-kott-vaike-kott","status":"publish","type":"product","link":"https:\/\/superstore.ee\/index.php\/toode\/kiko-milano-kosmeetikakott-labipaistev-kott-vaike-kott\/","title":{"rendered":"KIKO Milano kosmeetikakott (l\u00e4bipaistev kott + v\u00e4ike kott)"},"content":{"rendered":"","protected":false},"excerpt":{"rendered":"<p>\ud83c\uddea\ud83c\uddea KIKO Milano l\u00e4bipaistev kosmeetikakott on stiilne ja praktiline. See sisaldab v\u00e4ikest lisakotti, mis sobib suurep\u00e4raselt v\u00e4ikeste esemete nagu huulepulkade v\u00f5i ripsmetu\u0161\u0161ide jaoks. Kott on valmistatud vastupidavast materjalist, mis tagab teie meigitarvetele suurep\u00e4rase kaitse. KIKO Milano kosmeetikakott on ideaalne reisimiseks v\u00f5i lihtsalt igap\u00e4evaseks kasutamiseks.<\/p>\n<p>\ud83c\uddf7\ud83c\uddfa KIKO Milano \u043f\u0440\u043e\u0437\u0440\u0430\u0447\u043d\u0430\u044f \u043a\u043e\u0441\u043c\u0435\u0442\u0438\u0447\u0435\u0441\u043a\u0430\u044f \u0441\u0443\u043c\u043e\u0447\u043a\u0430 \u0441 \u043c\u0430\u043b\u0435\u043d\u044c\u043a\u043e\u0439 \u043a\u043e\u0441\u043c\u0435\u0442\u0438\u0447\u043a\u043e\u0439 &#8211; \u0441\u0442\u0438\u043b\u044c\u043d\u044b\u0439 \u0438 \u0443\u0434\u043e\u0431\u043d\u044b\u0439 \u0432\u044b\u0431\u043e\u0440. \u0412\u043d\u0443\u0442\u0440\u0435\u043d\u043d\u0438\u0439 \u043a\u0430\u0440\u043c\u0430\u0448\u0435\u043a \u043e\u0442\u043b\u0438\u0447\u043d\u043e \u043f\u043e\u0434\u0445\u043e\u0434\u0438\u0442 \u0434\u043b\u044f \u0445\u0440\u0430\u043d\u0435\u043d\u0438\u044f \u043c\u0435\u043b\u043a\u0438\u0445 \u043f\u0440\u0435\u0434\u043c\u0435\u0442\u043e\u0432, \u0442\u0430\u043a\u0438\u0445 \u043a\u0430\u043a \u043f\u043e\u043c\u0430\u0434\u044b \u0438\u043b\u0438 \u0442\u0443\u0448\u0438 \u0434\u043b\u044f \u0440\u0435\u0441\u043d\u0438\u0446. \u0421\u0443\u043c\u043e\u0447\u043a\u0430 \u0438\u0437\u0433\u043e\u0442\u043e\u0432\u043b\u0435\u043d\u0430 \u0438\u0437 \u043f\u0440\u043e\u0447\u043d\u043e\u0433\u043e \u043c\u0430\u0442\u0435\u0440\u0438\u0430\u043b\u0430, \u043e\u0431\u0435\u0441\u043f\u0435\u0447\u0438\u0432\u0430\u044f \u043e\u0442\u043b\u0438\u0447\u043d\u0443\u044e \u0437\u0430\u0449\u0438\u0442\u0443 \u0432\u0430\u0448\u0435\u0439 \u043a\u043e\u0441\u043c\u0435\u0442\u0438\u043a\u0435. KIKO Milano \u043f\u0440\u043e\u0437\u0440\u0430\u0447\u043d\u0430\u044f \u043a\u043e\u0441\u043c\u0435\u0442\u0438\u0447\u0435\u0441\u043a\u0430\u044f \u0441\u0443\u043c\u043e\u0447\u043a\u0430 \u0438\u0434\u0435\u0430\u043b\u044c\u043d\u043e \u043f\u043e\u0434\u0445\u043e\u0434\u0438\u0442 \u0434\u043b\u044f \u043f\u0443\u0442\u0435\u0448\u0435\u0441\u0442\u0432\u0438\u0439 \u0438\u043b\u0438 \u043f\u043e\u0432\u0441\u0435\u0434\u043d\u0435\u0432\u043d\u043e\u0433\u043e \u0438\u0441\u043f\u043e\u043b\u044c\u0437\u043e\u0432\u0430\u043d\u0438\u044f.<\/p>\n<p><span style=\"font-weight: 400;\">\ud83c\uddfa\ud83c\uddf8 <\/span>KIKO Milano Transparent Beauty Case with inner pouch &#8211; a stylish and practical choice. The inner pouch is perfect for storing small items like lipsticks or mascaras. Made from durable material, the case provides excellent protection for your makeup essentials. The KIKO Milano Transparent Beauty Case is perfect for travel or everyday use.<\/p>\n","protected":false},"featured_media":11511,"template":"","meta":{"jetpack_publicize_message":"","jetpack_publicize_feature_enabled":true,"jetpack_social_post_already_shared":false,"jetpack_social_options":{"image_generator_settings":{"template":"highway","default_image_id":0,"font":"","enabled":false},"version":2}},"product_brand":[],"product_cat":[340],"product_tag":[],"class_list":{"0":"post-11508","1":"product","2":"type-product","3":"status-publish","4":"has-post-thumbnail","6":"product_cat-kiko-milano","8":"first","9":"outofstock","10":"sale","11":"shipping-taxable","12":"purchasable","13":"product-type-simple"},"jetpack_publicize_connections":[],"jetpack_sharing_enabled":true,"jetpack_likes_enabled":true,"_links":{"self":[{"href":"https:\/\/superstore.ee\/index.php\/wp-json\/wp\/v2\/product\/11508","targetHints":{"allow":["GET"]}}],"collection":[{"href":"https:\/\/superstore.ee\/index.php\/wp-json\/wp\/v2\/product"}],"about":[{"href":"https:\/\/superstore.ee\/index.php\/wp-json\/wp\/v2\/types\/product"}],"wp:featuredmedia":[{"embeddable":true,"href":"https:\/\/superstore.ee\/index.php\/wp-json\/wp\/v2\/media\/11511"}],"wp:attachment":[{"href":"https:\/\/superstore.ee\/index.php\/wp-json\/wp\/v2\/media?parent=11508"}],"wp:term":[{"taxonomy":"product_brand","embeddable":true,"href":"https:\/\/superstore.ee\/index.php\/wp-json\/wp\/v2\/product_brand?post=11508"},{"taxonomy":"product_cat","embeddable":true,"href":"https:\/\/superstore.ee\/index.php\/wp-json\/wp\/v2\/product_cat?post=11508"},{"taxonomy":"product_tag","embeddable":true,"href":"https:\/\/superstore.ee\/index.php\/wp-json\/wp\/v2\/product_tag?post=11508"}],"curies":[{"name":"wp","href":"https:\/\/api.w.org\/{rel}","templated":true}]}}