{"id":11513,"date":"2023-07-29T17:27:16","date_gmt":"2023-07-29T15:27:16","guid":{"rendered":"https:\/\/superstore.ee\/?post_type=product&#038;p=11513"},"modified":"2024-11-21T22:14:13","modified_gmt":"2024-11-21T19:14:13","slug":"siidine-posepuna-kiko-milano-charming-escape-silky-blush","status":"publish","type":"product","link":"https:\/\/superstore.ee\/index.php\/toode\/siidine-posepuna-kiko-milano-charming-escape-silky-blush\/","title":{"rendered":"Siidine p\u00f5sepuna KIKO Milano Charming Escape Silky Blush"},"content":{"rendered":"","protected":false},"excerpt":{"rendered":"<p>:<\/p>\n<p>\ud83c\uddea\ud83c\uddea Siidine p\u00f5sepuna KIKO Milano Charming Escape Silky Blush.<\/p>\n<p>See siidine p\u00f5sepuna on valmistatud KIKO Milano Charming Escape kollektsioonist ning sisaldab rikkalikku Itaalia p\u00e4ritolu oliivi\u00f5li. Selle kerge, siidise ja tugevatoimelise tekstuuriga on p\u00f5sepuna mugav peale kanda. Lisaks sisaldab palett integreeritud peeglit, mis teeb selle kasutamise eriti mugavaks.<\/p>\n<p>\ud83c\uddf7\ud83c\uddfa KIKO Milano \u0428\u0435\u043b\u043a\u043e\u0432\u0438\u0441\u0442\u044b\u0435 \u0440\u0443\u043c\u044f\u043d\u0430 Charming Escape.<\/p>\n<p>\u0428\u0435\u043b\u043a\u043e\u0432\u0438\u0441\u0442\u044b\u0435 \u0440\u0443\u043c\u044f\u043d\u0430 KIKO Milano Charming Escape \u043e\u0431\u043e\u0433\u0430\u0449\u0435\u043d\u044b \u043e\u043b\u0438\u0432\u043a\u043e\u0432\u044b\u043c \u043c\u0430\u0441\u043b\u043e\u043c \u0438\u0442\u0430\u043b\u044c\u044f\u043d\u0441\u043a\u043e\u0433\u043e \u043f\u0440\u043e\u0438\u0441\u0445\u043e\u0436\u0434\u0435\u043d\u0438\u044f. \u0418\u0445 \u043b\u0435\u0433\u043a\u0430\u044f \u0442\u0435\u043a\u0441\u0442\u0443\u0440\u0430 \u043e\u0431\u0435\u0441\u043f\u0435\u0447\u0438\u0432\u0430\u0435\u0442 \u043a\u043e\u043c\u0444\u043e\u0440\u0442\u043d\u043e\u0435 \u043d\u0430\u043d\u0435\u0441\u0435\u043d\u0438\u0435, \u0430 \u043d\u0430\u0441\u044b\u0449\u0435\u043d\u043d\u044b\u0435 \u043f\u0438\u0433\u043c\u0435\u043d\u0442\u044b \u043f\u043e\u0437\u0432\u043e\u043b\u044f\u044e\u0442 \u0441\u043e\u0437\u0434\u0430\u0442\u044c \u044d\u0444\u0444\u0435\u043a\u0442 \u043e\u0442 \u043d\u0435\u0436\u043d\u043e\u0433\u043e \u0434\u043e \u0438\u043d\u0442\u0435\u043d\u0441\u0438\u0432\u043d\u043e\u0433\u043e. \u041b\u0435\u0433\u043a\u043e \u0440\u0430\u0441\u0442\u0443\u0448\u0435\u0432\u044b\u0432\u0430\u044e\u0442\u0441\u044f, \u0447\u0442\u043e \u0434\u0430\u0435\u0442 \u0432\u043e\u0437\u043c\u043e\u0436\u043d\u043e\u0441\u0442\u044c \u043b\u0435\u0433\u043a\u043e \u043f\u043e\u0434\u043e\u0431\u0440\u0430\u0442\u044c \u0436\u0435\u043b\u0430\u0435\u043c\u044b\u0439 \u043e\u0442\u0442\u0435\u043d\u043e\u043a. \u0412 \u043a\u043e\u043c\u043f\u043b\u0435\u043a\u0442\u0435 \u0435\u0441\u0442\u044c \u0438\u043d\u0442\u0435\u0433\u0440\u0438\u0440\u043e\u0432\u0430\u043d\u043d\u043e\u0435 \u0437\u0435\u0440\u043a\u0430\u043b\u043e.<\/p>\n<p><span style=\"font-weight: 400;\">\ud83c\uddfa\ud83c\uddf8 <\/span>KIKO Milano Charming Escape Silky Blush. It\u2019s enriched with olive oil of Italian origin and its weightless texture, which is silky and pigmented, allows for comfortable application. It\u2019s easy to blend, allowing you to build up the effect from light to intense. Has integrated mirror.<\/p>\n","protected":false},"featured_media":11525,"template":"","meta":{"jetpack_publicize_message":"","jetpack_publicize_feature_enabled":true,"jetpack_social_post_already_shared":false,"jetpack_social_options":{"image_generator_settings":{"template":"highway","default_image_id":0,"font":"","enabled":false},"version":2}},"product_brand":[],"product_cat":[340,631],"product_tag":[],"class_list":{"0":"post-11513","1":"product","2":"type-product","3":"status-publish","4":"has-post-thumbnail","6":"product_cat-kiko-milano","7":"product_cat-sale","8":"pa_varv-01-soft-terracotta","9":"pa_varv-03-rose-garden","11":"first","12":"outofstock","13":"sale","14":"shipping-taxable","15":"product-type-variable"},"jetpack_publicize_connections":[],"jetpack_sharing_enabled":true,"jetpack_likes_enabled":true,"_links":{"self":[{"href":"https:\/\/superstore.ee\/index.php\/wp-json\/wp\/v2\/product\/11513","targetHints":{"allow":["GET"]}}],"collection":[{"href":"https:\/\/superstore.ee\/index.php\/wp-json\/wp\/v2\/product"}],"about":[{"href":"https:\/\/superstore.ee\/index.php\/wp-json\/wp\/v2\/types\/product"}],"wp:featuredmedia":[{"embeddable":true,"href":"https:\/\/superstore.ee\/index.php\/wp-json\/wp\/v2\/media\/11525"}],"wp:attachment":[{"href":"https:\/\/superstore.ee\/index.php\/wp-json\/wp\/v2\/media?parent=11513"}],"wp:term":[{"taxonomy":"product_brand","embeddable":true,"href":"https:\/\/superstore.ee\/index.php\/wp-json\/wp\/v2\/product_brand?post=11513"},{"taxonomy":"product_cat","embeddable":true,"href":"https:\/\/superstore.ee\/index.php\/wp-json\/wp\/v2\/product_cat?post=11513"},{"taxonomy":"product_tag","embeddable":true,"href":"https:\/\/superstore.ee\/index.php\/wp-json\/wp\/v2\/product_tag?post=11513"}],"curies":[{"name":"wp","href":"https:\/\/api.w.org\/{rel}","templated":true}]}}