{"id":11555,"date":"2023-07-30T10:54:22","date_gmt":"2023-07-30T08:54:22","guid":{"rendered":"https:\/\/superstore.ee\/?post_type=product&#038;p=11555"},"modified":"2024-05-09T19:54:15","modified_gmt":"2024-05-09T17:54:15","slug":"kiko-milano-sarapuuder-03-shine-on-copper","status":"publish","type":"product","link":"https:\/\/superstore.ee\/index.php\/toode\/kiko-milano-sarapuuder-03-shine-on-copper\/","title":{"rendered":"KIKO Milano S\u00e4rapuuder (03 Shine on Copper)"},"content":{"rendered":"","protected":false},"excerpt":{"rendered":"<p>\ud83c\uddea\ud83c\uddea KIKO Milano S\u00e4rapuuder (03 Shine on Copper). Vedelik highlighter n\u00e4ole ja silmadele s\u00e4rava viimistlusega.<\/p>\n<p>Ideaalne, et lisada peen s\u00e4ra sinu n\u00e4ole ja silmade \u00fcmbrusesse. Tekstuur hajub kergesti ja r\u00f5hutab sinu ilu loomuliku s\u00e4rava viimistlusega. Mugav sisseehitatud aplikaator koos k\u00e4snaga tagab kiire ja lihtsa pealekandmise.<\/p>\n<p>\ud83c\uddf7\ud83c\uddfa KIKO Milano \u0425\u0430\u0439\u043b\u0430\u0439\u0442\u0435\u0440 Dolce Diva Glam (03 Shine on Copper). \u041e\u0441\u0432\u0435\u0442\u043b\u044f\u044e\u0449\u0438\u0439 \u0436\u0438\u0434\u043a\u0438\u0439 \u0445\u0430\u0439\u043b\u0430\u0439\u0442\u0435\u0440 \u0434\u043b\u044f \u043b\u0438\u0446\u0430 \u0438 \u0433\u043b\u0430\u0437 \u0441 \u0441\u0438\u044f\u044e\u0449\u0438\u043c \u0444\u0438\u043d\u0438\u0448\u0435\u043c.<\/p>\n<p>\u0418\u0434\u0435\u0430\u043b\u044c\u043d\u043e \u043f\u043e\u0434\u0445\u043e\u0434\u0438\u0442 \u0434\u043b\u044f \u043f\u0440\u0438\u0434\u0430\u043d\u0438\u044f \u0438\u0437\u044b\u0441\u043a\u0430\u043d\u043d\u044b\u0445 \u0430\u043a\u0446\u0435\u043d\u0442\u043e\u0432 \u0441\u0432\u0435\u0442\u0430 \u043d\u0430 \u0432\u0430\u0448\u0435\u043c \u043b\u0438\u0446\u0435 \u0438 \u0432\u043e\u043a\u0440\u0443\u0433 \u0433\u043b\u0430\u0437. \u0422\u0435\u043a\u0441\u0442\u0443\u0440\u0430 \u043b\u0435\u0433\u043a\u043e \u0440\u0430\u0441\u0442\u0443\u0448\u0435\u0432\u044b\u0432\u0430\u0435\u0442\u0441\u044f \u0438 \u043f\u043e\u0434\u0447\u0435\u0440\u043a\u0438\u0432\u0430\u0435\u0442 \u0432\u0430\u0448\u0443 \u043a\u0440\u0430\u0441\u043e\u0442\u0443 \u0435\u0441\u0442\u0435\u0441\u0442\u0432\u0435\u043d\u043d\u044b\u043c \u0441\u0438\u044f\u044e\u0449\u0438\u043c \u0444\u0438\u043d\u0438\u0448\u0435\u043c. \u0423\u0434\u043e\u0431\u043d\u044b\u0439 \u0432\u0441\u0442\u0440\u043e\u0435\u043d\u043d\u044b\u0439 \u0430\u043f\u043f\u043b\u0438\u043a\u0430\u0442\u043e\u0440 \u0441\u043e \u0441\u043f\u043e\u043d\u0436\u0435\u043c \u043e\u0431\u0435\u0441\u043f\u0435\u0447\u0438\u0432\u0430\u0435\u0442 \u0431\u044b\u0441\u0442\u0440\u043e\u0435 \u0438 \u043b\u0435\u0433\u043a\u043e\u0435 \u043d\u0430\u043d\u0435\u0441\u0435\u043d\u0438\u0435.<\/p>\n<p>\ud83c\uddfa\ud83c\uddf8 KIKO Milano Dolce Diva Glam Cushion Highlighter (03 Shine on Copper)<br \/>\n<span style=\"font-family:\">Liquid highlighter for the face and eyes with a radiant finish.<\/span> T<span style=\"font-family:\">he irresistible texture<\/span><span><strong style=\"font-weight: 700;font-family:\"> <\/strong><\/span><strong style=\"font-weight: 700;font-family:\">is<\/strong><span style=\"font-family:\"><span> <\/span><\/span><strong style=\"font-weight: 700;font-family:\">easy to blend<\/strong><span style=\"font-family:\"><span> <\/span>and enhances your features with a sparkling<span> <\/span><\/span><strong style=\"font-weight: 700;font-family:\">natural finish. Has <\/strong><span style=\"font-family:\">handy built-in<span> <\/span><\/span><strong style=\"font-weight: 700;font-family:\">sponge <\/strong><span style=\"font-family:S\u00f6hne,ui-sans-serif,system-ui,-apple-system,\">applicator that enables quick and easy application<\/span>.<\/p>\n","protected":false},"featured_media":11556,"template":"","meta":{"jetpack_publicize_message":"","jetpack_publicize_feature_enabled":true,"jetpack_social_post_already_shared":false,"jetpack_social_options":{"image_generator_settings":{"template":"highway","default_image_id":0,"font":"","enabled":false},"version":2}},"product_brand":[],"product_cat":[340],"product_tag":[],"class_list":{"0":"post-11555","1":"product","2":"type-product","3":"status-publish","4":"has-post-thumbnail","6":"product_cat-kiko-milano","8":"first","9":"outofstock","10":"sale","11":"shipping-taxable","12":"purchasable","13":"product-type-simple"},"jetpack_publicize_connections":[],"jetpack_sharing_enabled":true,"jetpack_likes_enabled":true,"_links":{"self":[{"href":"https:\/\/superstore.ee\/index.php\/wp-json\/wp\/v2\/product\/11555","targetHints":{"allow":["GET"]}}],"collection":[{"href":"https:\/\/superstore.ee\/index.php\/wp-json\/wp\/v2\/product"}],"about":[{"href":"https:\/\/superstore.ee\/index.php\/wp-json\/wp\/v2\/types\/product"}],"wp:featuredmedia":[{"embeddable":true,"href":"https:\/\/superstore.ee\/index.php\/wp-json\/wp\/v2\/media\/11556"}],"wp:attachment":[{"href":"https:\/\/superstore.ee\/index.php\/wp-json\/wp\/v2\/media?parent=11555"}],"wp:term":[{"taxonomy":"product_brand","embeddable":true,"href":"https:\/\/superstore.ee\/index.php\/wp-json\/wp\/v2\/product_brand?post=11555"},{"taxonomy":"product_cat","embeddable":true,"href":"https:\/\/superstore.ee\/index.php\/wp-json\/wp\/v2\/product_cat?post=11555"},{"taxonomy":"product_tag","embeddable":true,"href":"https:\/\/superstore.ee\/index.php\/wp-json\/wp\/v2\/product_tag?post=11555"}],"curies":[{"name":"wp","href":"https:\/\/api.w.org\/{rel}","templated":true}]}}