{"id":11575,"date":"2023-08-01T15:26:50","date_gmt":"2023-08-01T13:26:50","guid":{"rendered":"https:\/\/superstore.ee\/?post_type=product&#038;p=11575"},"modified":"2024-03-04T21:45:55","modified_gmt":"2024-03-04T19:45:55","slug":"victorias-secret-roll-on-parfuum-edp-7ml-very-sexy-sea","status":"publish","type":"product","link":"https:\/\/superstore.ee\/index.php\/toode\/victorias-secret-roll-on-parfuum-edp-7ml-very-sexy-sea\/","title":{"rendered":"Victoria\u2019s Secret roll-on parf\u00fc\u00fcm EDP 7ml Very Sexy Sea"},"content":{"rendered":"","protected":false},"excerpt":{"rendered":"<p><span style=\"font-weight: 400;\">\ud83c\uddea\ud83c\uddea Victoria\u2019s Secret roll-on parf\u00fc\u00fcm EDP (7ml) Very Sexy Sea<\/span><\/p>\n<p><span style=\"font-weight: 400;\">T\u00fc\u00fcp: tsitrusviljaline lilleline puit, Noodid: itaalia bergamott, neroli \u00f5is, seeder<\/span><\/p>\n<p><strong>NB! Kosmeetika ostmisel palun valige tarneviisiks Smartpost!<\/strong><\/p>\n<p>&nbsp;<\/p>\n<p><span style=\"font-weight: 400;\">\ud83c\uddf7\ud83c\uddfa Victoria\u2019s Secret \u0448\u0430\u0440\u0438\u043a\u043e\u0432\u044b\u0435 \u0434\u0443\u0445\u0438 EDP (7\u043c\u043b) Very Sexy Sea<\/span><\/p>\n<p>\u0422\u0438\u043f \u0430\u0440\u043e\u043c\u0430\u0442\u0430: \u0446\u0438\u0442\u0440\u0443\u0441\u043e\u0432\u043e-\u0446\u0432\u0435\u0442\u043e\u0447\u043d\u044b\u0439 \u0434\u0440\u0435\u0432\u0435\u0441\u043d\u044b\u0439, \u041d\u043e\u0442\u044b: \u0438\u0442\u0430\u043b\u044c\u044f\u043d\u0441\u043a\u0438\u0439 \u0431\u0435\u0440\u0433\u0430\u043c\u043e\u0442, \u0446\u0432\u0435\u0442\u043e\u043a \u043d\u0435\u0440\u043e\u043b\u0438, \u043a\u0435\u0434\u0440<\/p>\n<p><strong>NB! \u041f\u0440\u0438 \u043f\u043e\u043a\u0443\u043f\u043a\u0435 \u043a\u043e\u0441\u043c\u0435\u0442\u0438\u043a\u0438 \u0432\u044b\u0431\u0435\u0440\u0438\u0442\u0435 \u043f\u043e\u0436\u0430\u043b\u0443\u0439\u0441\u0442\u0430 Smartpost \u0434\u043e\u0441\u0442\u0430\u0432\u043a\u0443!<\/strong><\/p>\n<p>&nbsp;<\/p>\n<p><span style=\"font-weight: 400;\">\ud83c\uddfa\ud83c\uddf8 Victoria\u2019s Secret Eau de Parfum Rollerball (7ml) Very Sexy Sea<\/span><\/p>\n<p>Fragrance type: Citrus Floral Woody, Notes: italian bergamot, neroli blossom, sundrenched cedar<\/p>\n<p><strong>NB! When buying cosmetics, please choose a Smartpost delivery.<\/strong><\/p>\n","protected":false},"featured_media":11617,"template":"","meta":{"jetpack_publicize_message":"","jetpack_publicize_feature_enabled":true,"jetpack_social_post_already_shared":false,"jetpack_social_options":{"image_generator_settings":{"template":"highway","default_image_id":0,"font":"","enabled":false},"version":2}},"product_brand":[],"product_cat":[341],"product_tag":[],"class_list":{"0":"post-11575","1":"product","2":"type-product","3":"status-publish","4":"has-post-thumbnail","6":"product_cat-victorias-secret","7":"pa_lohn-flower-sorbet","8":"pa_lohn-sparkling-creme","10":"first","11":"outofstock","12":"sale","13":"shipping-taxable","14":"purchasable","15":"product-type-simple"},"jetpack_publicize_connections":[],"jetpack_sharing_enabled":true,"jetpack_likes_enabled":true,"_links":{"self":[{"href":"https:\/\/superstore.ee\/index.php\/wp-json\/wp\/v2\/product\/11575","targetHints":{"allow":["GET"]}}],"collection":[{"href":"https:\/\/superstore.ee\/index.php\/wp-json\/wp\/v2\/product"}],"about":[{"href":"https:\/\/superstore.ee\/index.php\/wp-json\/wp\/v2\/types\/product"}],"wp:featuredmedia":[{"embeddable":true,"href":"https:\/\/superstore.ee\/index.php\/wp-json\/wp\/v2\/media\/11617"}],"wp:attachment":[{"href":"https:\/\/superstore.ee\/index.php\/wp-json\/wp\/v2\/media?parent=11575"}],"wp:term":[{"taxonomy":"product_brand","embeddable":true,"href":"https:\/\/superstore.ee\/index.php\/wp-json\/wp\/v2\/product_brand?post=11575"},{"taxonomy":"product_cat","embeddable":true,"href":"https:\/\/superstore.ee\/index.php\/wp-json\/wp\/v2\/product_cat?post=11575"},{"taxonomy":"product_tag","embeddable":true,"href":"https:\/\/superstore.ee\/index.php\/wp-json\/wp\/v2\/product_tag?post=11575"}],"curies":[{"name":"wp","href":"https:\/\/api.w.org\/{rel}","templated":true}]}}