{"id":11581,"date":"2023-08-01T15:49:44","date_gmt":"2023-08-01T13:49:44","guid":{"rendered":"https:\/\/superstore.ee\/?post_type=product&#038;p=11581"},"modified":"2023-09-20T08:41:05","modified_gmt":"2023-09-20T06:41:05","slug":"victorias-secret-roll-on-parfuum-edp-7ml-tease-candy-noir","status":"publish","type":"product","link":"https:\/\/superstore.ee\/index.php\/toode\/victorias-secret-roll-on-parfuum-edp-7ml-tease-candy-noir\/","title":{"rendered":"Victoria\u2019s Secret roll-on parf\u00fc\u00fcm EDP 7ml Tease Candy Noir"},"content":{"rendered":"","protected":false},"excerpt":{"rendered":"<p><span style=\"font-weight: 400;\">\ud83c\uddea\ud83c\uddea Victoria\u2019s Secret roll-on parf\u00fc\u00fcm EDP (7ml) Tease Candy Noir<\/span><\/p>\n<p><span style=\"font-weight: 400;\">T\u00fc\u00fcp: Magus, h\u00f5rk, Noodid: vaarika glasuur, iiris, soe vanilje<\/span><\/p>\n<p><strong>NB! Kosmeetika ostmisel palun valige tarneviisiks Smartpost!<\/strong><\/p>\n<p>&nbsp;<\/p>\n<p><span style=\"font-weight: 400;\">\ud83c\uddf7\ud83c\uddfa Victoria\u2019s Secret \u0448\u0430\u0440\u0438\u043a\u043e\u0432\u044b\u0435 \u0434\u0443\u0445\u0438 EDP (7\u043c\u043b) Tease Candy Noir<\/span><\/p>\n<p>\u0422\u0438\u043f \u0430\u0440\u043e\u043c\u0430\u0442\u0430: \u0441\u043b\u0430\u0434\u043a\u0438\u0439 \u0433\u0443\u0440\u043c\u0430\u043d\u0441\u043a\u0438\u0439, \u041d\u043e\u0442\u044b: \u043c\u0430\u043b\u0438\u043d\u043e\u0432\u0430\u044f \u0433\u043b\u0430\u0437\u0443\u0440\u044c, \u0438\u0440\u0438\u0441, \u0442\u0451\u043f\u043b\u0430\u044f \u0432\u0430\u043d\u0438\u043b\u044c<\/p>\n<p><strong>NB! \u041f\u0440\u0438 \u043f\u043e\u043a\u0443\u043f\u043a\u0435 \u043a\u043e\u0441\u043c\u0435\u0442\u0438\u043a\u0438 \u0432\u044b\u0431\u0435\u0440\u0438\u0442\u0435 \u043f\u043e\u0436\u0430\u043b\u0443\u0439\u0441\u0442\u0430 Smartpost \u0434\u043e\u0441\u0442\u0430\u0432\u043a\u0443!<\/strong><\/p>\n<p>&nbsp;<\/p>\n<p><span style=\"font-weight: 400;\">\ud83c\uddfa\ud83c\uddf8 Victoria\u2019s Secret Eau de Parfum Rollerball (7ml) Tease Candy Noir<\/span><\/p>\n<p>Fragrance type: Dark Gourmand, Notes: raspberry glaze, night-blooming iris, warm tonka<\/p>\n<p><strong>NB! When buying cosmetics, please choose a Smartpost delivery.<\/strong><\/p>\n","protected":false},"featured_media":11619,"template":"","meta":{"jetpack_publicize_message":"","jetpack_publicize_feature_enabled":true,"jetpack_social_post_already_shared":false,"jetpack_social_options":{"image_generator_settings":{"template":"highway","default_image_id":0,"font":"","enabled":false},"version":2}},"product_brand":[],"product_cat":[341],"product_tag":[],"class_list":{"0":"post-11581","1":"product","2":"type-product","3":"status-publish","4":"has-post-thumbnail","6":"product_cat-victorias-secret","7":"pa_lohn-flower-sorbet","8":"pa_lohn-sparkling-creme","10":"first","11":"outofstock","12":"sale","13":"shipping-taxable","14":"purchasable","15":"product-type-simple"},"jetpack_publicize_connections":[],"jetpack_sharing_enabled":true,"jetpack_likes_enabled":true,"_links":{"self":[{"href":"https:\/\/superstore.ee\/index.php\/wp-json\/wp\/v2\/product\/11581","targetHints":{"allow":["GET"]}}],"collection":[{"href":"https:\/\/superstore.ee\/index.php\/wp-json\/wp\/v2\/product"}],"about":[{"href":"https:\/\/superstore.ee\/index.php\/wp-json\/wp\/v2\/types\/product"}],"wp:featuredmedia":[{"embeddable":true,"href":"https:\/\/superstore.ee\/index.php\/wp-json\/wp\/v2\/media\/11619"}],"wp:attachment":[{"href":"https:\/\/superstore.ee\/index.php\/wp-json\/wp\/v2\/media?parent=11581"}],"wp:term":[{"taxonomy":"product_brand","embeddable":true,"href":"https:\/\/superstore.ee\/index.php\/wp-json\/wp\/v2\/product_brand?post=11581"},{"taxonomy":"product_cat","embeddable":true,"href":"https:\/\/superstore.ee\/index.php\/wp-json\/wp\/v2\/product_cat?post=11581"},{"taxonomy":"product_tag","embeddable":true,"href":"https:\/\/superstore.ee\/index.php\/wp-json\/wp\/v2\/product_tag?post=11581"}],"curies":[{"name":"wp","href":"https:\/\/api.w.org\/{rel}","templated":true}]}}