{"id":12074,"date":"2023-08-27T13:00:11","date_gmt":"2023-08-27T11:00:11","guid":{"rendered":"https:\/\/superstore.ee\/?post_type=product&#038;p=12074"},"modified":"2023-12-05T10:21:16","modified_gmt":"2023-12-05T08:21:16","slug":"kauapusiv-12h-veekindel-huulepliiats-kiko-milano-dolce-diva-waterproof-lip-liner-01","status":"publish","type":"product","link":"https:\/\/superstore.ee\/index.php\/toode\/kauapusiv-12h-veekindel-huulepliiats-kiko-milano-dolce-diva-waterproof-lip-liner-01\/","title":{"rendered":"Kauap\u00fcsiv 12h veekindel huulepliiats\u00a0KIKO Milano Dolce Diva Waterproof Lip Liner (01)"},"content":{"rendered":"","protected":false},"excerpt":{"rendered":"<p>\ud83c\uddea\ud83c\uddea Kauap\u00fcsiv 12h veekindel huulepliiats KIKO Milano. \u00d5rna tekstuuriga, lihtne peale kanda. Parandab huulepulga vastupidavust ja ei m\u00e4\u00e4rdu. Mittekomedogeenne.<\/p>\n<p>\ud83c\uddf7\ud83c\uddfa \u0412\u043e\u0434\u043e\u0441\u0442\u043e\u0439\u043a\u0438\u0439 12h \u043a\u0430\u0440\u0430\u043d\u0434\u0430\u0448 \u0434\u043b\u044f \u0433\u0443\u0431 KIKO Milano. \u041d\u0435\u0436\u043d\u0430\u044f \u0442\u0435\u043a\u0441\u0442\u0443\u0440\u0430 \u043b\u0435\u0433\u043a\u043e \u043d\u0430\u043d\u043e\u0441\u0438\u0442\u0441\u044f \u0438 \u0440\u0430\u0441\u0442\u0443\u0448\u0435\u0432\u044b\u0432\u0430\u0435\u0442\u0441\u044f. \u0423\u043b\u0443\u0447\u0448\u0430\u0435\u0442 \u0441\u0442\u043e\u0439\u043a\u043e\u0441\u0442\u044c \u0433\u0443\u0431\u043d\u043e\u0439 \u043f\u043e\u043c\u0430\u0434\u044b \u0438 \u043d\u0435 \u0440\u0430\u0437\u043c\u0430\u0437\u044b\u0432\u0430\u0435\u0442\u0441\u044f. \u041d\u0435\u043a\u043e\u043c\u0435\u0434\u043e\u0433\u0435\u043d\u043d\u044b\u0439.<\/p>\n<p>\ud83c\uddfa\ud83c\uddf8 KIKO Milano KIKO Milano Dolce Diva Waterproof Lip Liner. Long-lasting waterproof lip pencil. The delicate texture glides on and blends easily. Improves the lipstick&#8217;s hold and never smudges. Non-comedogenic.<\/p>\n","protected":false},"featured_media":12069,"template":"","meta":{"jetpack_publicize_message":"","jetpack_publicize_feature_enabled":true,"jetpack_social_post_already_shared":false,"jetpack_social_options":{"image_generator_settings":{"template":"highway","default_image_id":0,"font":"","enabled":false},"version":2}},"product_brand":[],"product_cat":[340],"product_tag":[],"class_list":{"0":"post-12074","1":"product","2":"type-product","3":"status-publish","4":"has-post-thumbnail","6":"product_cat-kiko-milano","7":"pa_varv-402","8":"pa_varv-409","10":"first","11":"outofstock","12":"shipping-taxable","13":"purchasable","14":"product-type-simple"},"jetpack_publicize_connections":[],"jetpack_sharing_enabled":true,"jetpack_likes_enabled":true,"_links":{"self":[{"href":"https:\/\/superstore.ee\/index.php\/wp-json\/wp\/v2\/product\/12074","targetHints":{"allow":["GET"]}}],"collection":[{"href":"https:\/\/superstore.ee\/index.php\/wp-json\/wp\/v2\/product"}],"about":[{"href":"https:\/\/superstore.ee\/index.php\/wp-json\/wp\/v2\/types\/product"}],"wp:featuredmedia":[{"embeddable":true,"href":"https:\/\/superstore.ee\/index.php\/wp-json\/wp\/v2\/media\/12069"}],"wp:attachment":[{"href":"https:\/\/superstore.ee\/index.php\/wp-json\/wp\/v2\/media?parent=12074"}],"wp:term":[{"taxonomy":"product_brand","embeddable":true,"href":"https:\/\/superstore.ee\/index.php\/wp-json\/wp\/v2\/product_brand?post=12074"},{"taxonomy":"product_cat","embeddable":true,"href":"https:\/\/superstore.ee\/index.php\/wp-json\/wp\/v2\/product_cat?post=12074"},{"taxonomy":"product_tag","embeddable":true,"href":"https:\/\/superstore.ee\/index.php\/wp-json\/wp\/v2\/product_tag?post=12074"}],"curies":[{"name":"wp","href":"https:\/\/api.w.org\/{rel}","templated":true}]}}