{"id":12195,"date":"2023-09-10T13:23:54","date_gmt":"2023-09-10T11:23:54","guid":{"rendered":"https:\/\/superstore.ee\/?post_type=product&#038;p=12195"},"modified":"2023-12-13T21:39:24","modified_gmt":"2023-12-13T19:39:24","slug":"kreemjas-metallilise-efektiga-lauvarv-kiko-milano-01-silvery-vibes","status":"publish","type":"product","link":"https:\/\/superstore.ee\/index.php\/toode\/kreemjas-metallilise-efektiga-lauvarv-kiko-milano-01-silvery-vibes\/","title":{"rendered":"Kreemjas Metallilise efektiga\u00a0lauv\u00e4rv KIKO Milano (01 Silvery Vibes)"},"content":{"rendered":"","protected":false},"excerpt":{"rendered":"<p>\ud83c\uddea\ud83c\uddea Kreemjas Metallilise efektiga\u00a0lauv\u00e4rv KIKO Milano<\/p>\n<ul>\n<li><strong>Vegan valem<\/strong><\/li>\n<li><strong>Kreemjas ja tundlik tekstuur<\/strong><\/li>\n<li>H\u00f5lbus hajutamine: v\u00f5imaldab teil ise valida \u00f5rnast intensiivse efektini<\/li>\n<li><strong>Kerge pealekandmine<\/strong>, sealhulgas <strong>s\u00f5rmedega<\/strong> kasutamine: Meik muutub mugavaks ja kergeks.<\/li>\n<\/ul>\n<p>\ud83c\uddf7\ud83c\uddfa KIKO Milano \u043c\u0435\u0442\u0430\u043b\u043b\u0438\u0447\u0435\u0441\u043a\u0438\u0435 \u043a\u0440\u0435\u043c\u043e\u0432\u044b\u0435 \u0442\u0435\u043d\u0438 \u0434\u043b\u044f \u0432\u0435\u043a<\/p>\n<ul>\n<li><strong>\u0412\u0435\u0433\u0430\u043d\u0441\u043a\u0430\u044f \u0444\u043e\u0440\u043c\u0443\u043b\u0430<\/strong><\/li>\n<li><strong>\u041a\u0440\u0435\u043c\u043e\u0432\u0430\u044f \u0438 \u0447\u0443\u0432\u0441\u0442\u0432\u0438\u0442\u0435\u043b\u044c\u043d\u0430\u044f \u0442\u0435\u043a\u0441\u0442\u0443\u0440\u0430<\/strong><\/li>\n<li><strong>\u041b\u0435\u0433\u043a\u043e\u0441\u0442\u044c \u0440\u0430\u0441\u0442\u0443\u0448\u0435\u0432\u044b\u0432\u0430\u043d\u0438\u044f<\/strong>:\u00a0 \u043f\u043e\u0437\u0432\u043e\u043b\u044f\u0435\u00a0 \u0432\u0430\u043c \u0441\u0430\u043c\u043e\u0441\u0442\u043e\u044f\u0442\u0435\u043b\u044c\u043d\u043e \u0432\u044b\u0431\u0438\u0440\u0430\u0442\u044c \u043e\u0442 \u043d\u0435\u0436\u043d\u043e\u0433\u043e \u0434\u043e \u0438\u043d\u0442\u0435\u043d\u0441\u0438\u0432\u043d\u043e\u0433\u043e \u044d\u0444\u0444\u0435\u043a\u0442\u0430<\/li>\n<li><strong>\u041b\u0435\u0433\u043a\u043e\u0441\u0442\u044c \u043d\u0430\u043d\u0435\u0441\u0435\u043d\u0438\u044f, \u0432\u043a\u043b\u044e\u0447\u0430\u044f \u0438\u0441\u043f\u043e\u043b\u044c\u0437\u043e\u0432\u0430\u043d\u0438\u0435 \u043f\u0430\u043b\u044c\u0446\u0435\u0432<\/strong>: \u041c\u0430\u043a\u0438\u044f\u0436 \u0441\u0442\u0430\u043d\u043e\u0432\u0438\u0442\u0441\u044f \u0443\u0434\u043e\u0431\u043d\u044b\u043c \u0438 \u043b\u0435\u0433\u043a\u0438\u043c, \u0434\u0430\u0436\u0435 \u0435\u0441\u043b\u0438 \u0432\u044b \u043f\u0440\u0435\u0434\u043f\u043e\u0447\u0438\u0442\u0430\u0435\u0442\u0435 \u043d\u0430\u043d\u043e\u0441\u0438\u0442\u044c \u0442\u0435\u043d\u0438 \u043f\u0430\u043b\u044c\u0446\u0430\u043c\u0438.<\/li>\n<\/ul>\n<p>\ud83c\uddfa\ud83c\uddf8 KIKO Milano Sweet Affaires Delightful Eyeshadow. Metallic-finish cream eyeshadow<\/p>\n<ul>\n<li>It has a vegan formula;<\/li>\n<li>Its melting, creamy and sensuous texture adheres perfectly to the eyelids;<\/li>\n<li>It\u2019s very easy to blend, allowing you to build up the effect from subtle to intense;<\/li>\n<li>It&#8217;s easy and comfortable to apply, including with your fingers, thanks to the handy pot format and the smoothness of the eyeshadow.<\/li>\n<\/ul>\n","protected":false},"featured_media":12202,"template":"","meta":{"jetpack_publicize_message":"","jetpack_publicize_feature_enabled":true,"jetpack_social_post_already_shared":false,"jetpack_social_options":{"image_generator_settings":{"template":"highway","default_image_id":0,"font":"","enabled":false},"version":2}},"product_brand":[],"product_cat":[340],"product_tag":[],"class_list":{"0":"post-12195","1":"product","2":"type-product","3":"status-publish","4":"has-post-thumbnail","6":"product_cat-kiko-milano","7":"pa_varv-05-chocolate","8":"pa_varv-07-rosy-silver","9":"pa_varv-08-anthracite","11":"first","12":"outofstock","13":"sale","14":"shipping-taxable","15":"purchasable","16":"product-type-simple"},"jetpack_publicize_connections":[],"jetpack_sharing_enabled":true,"jetpack_likes_enabled":true,"_links":{"self":[{"href":"https:\/\/superstore.ee\/index.php\/wp-json\/wp\/v2\/product\/12195","targetHints":{"allow":["GET"]}}],"collection":[{"href":"https:\/\/superstore.ee\/index.php\/wp-json\/wp\/v2\/product"}],"about":[{"href":"https:\/\/superstore.ee\/index.php\/wp-json\/wp\/v2\/types\/product"}],"wp:featuredmedia":[{"embeddable":true,"href":"https:\/\/superstore.ee\/index.php\/wp-json\/wp\/v2\/media\/12202"}],"wp:attachment":[{"href":"https:\/\/superstore.ee\/index.php\/wp-json\/wp\/v2\/media?parent=12195"}],"wp:term":[{"taxonomy":"product_brand","embeddable":true,"href":"https:\/\/superstore.ee\/index.php\/wp-json\/wp\/v2\/product_brand?post=12195"},{"taxonomy":"product_cat","embeddable":true,"href":"https:\/\/superstore.ee\/index.php\/wp-json\/wp\/v2\/product_cat?post=12195"},{"taxonomy":"product_tag","embeddable":true,"href":"https:\/\/superstore.ee\/index.php\/wp-json\/wp\/v2\/product_tag?post=12195"}],"curies":[{"name":"wp","href":"https:\/\/api.w.org\/{rel}","templated":true}]}}