{"id":12263,"date":"2023-09-13T15:27:26","date_gmt":"2023-09-13T13:27:26","guid":{"rendered":"https:\/\/superstore.ee\/?post_type=product&#038;p=12263"},"modified":"2026-02-01T15:07:44","modified_gmt":"2026-02-01T13:07:44","slug":"kauapusiv-veekindel-matt-huulepulk-kiko-milano-lasting-matte-veil-liquid-lip-colour","status":"publish","type":"product","link":"https:\/\/superstore.ee\/index.php\/toode\/kauapusiv-veekindel-matt-huulepulk-kiko-milano-lasting-matte-veil-liquid-lip-colour\/","title":{"rendered":"Kauap\u00fcsiv veekindel matt huulepulk KIKO Milano Lasting Matte Veil Liquid Lip Colour"},"content":{"rendered":"","protected":false},"excerpt":{"rendered":"<div class=\"ProductDetails__Description visible-md\" role=\"heading\" data-size=\"medium\">\ud83c\uddea\ud83c\uddea Kauap\u00fcsiv veekindel matt huulepulk KIKO Milano Lasting Matte Veil Liquid Lip Colour<\/div>\n<ul>\n<li class=\"ProductDetails__Description visible-md\" role=\"heading\" data-size=\"medium\">p\u00fcsib huultel kuni 10 tundi<\/li>\n<li role=\"heading\" data-size=\"medium\">veekindel<\/li>\n<li role=\"heading\" data-size=\"medium\">rikastatud granaat\u00f5una \u00f5ieekstrakti ja jojoba\u00f5liga<\/li>\n<li class=\"ProductDetails__Description visible-md\" role=\"heading\" data-size=\"medium\">kerge, sametine tekstuur ei kuivata huuli ja tagab mugavuse huultel<\/li>\n<\/ul>\n<div role=\"heading\" data-size=\"medium\">\n<p>\ud83c\uddf7\ud83c\uddfa KIKO Milano \u0441\u0442\u043e\u0439\u043a\u0430\u044f \u0436\u0438\u0434\u043a\u0430\u044f \u043c\u0430\u0442\u043e\u0432\u0430\u044f\u044f \u043f\u043e\u043c\u0430\u0434\u0430 Lasting Matte Veil Liquid Lip Colour<\/p>\n<ul>\n<li>\u0441\u0442\u043e\u0439\u043a\u0430\u044f (\u0434\u0435\u0440\u0436\u0438\u0442\u0441\u044f \u043e\u043a\u043e\u043b\u043e 10 \u0447\u0430\u0441\u043e\u0432)<\/li>\n<li>\u0432\u043e\u0434\u043e\u0441\u0442\u043e\u0439\u043a\u0430\u044f<\/li>\n<li>\u043e\u0431\u043e\u0433\u0430\u0449\u0435\u043d\u0430 \u044d\u043a\u0441\u0442\u0440\u0430\u043a\u0442\u043e\u043c \u0446\u0432\u0435\u0442\u043e\u0432 \u0433\u0440\u0430\u043d\u0430\u0442\u0430 \u0438 \u043c\u0430\u0441\u043b\u043e\u043c \u0436\u043e\u0436\u043e\u0431\u0430<\/li>\n<li>\u043b\u0435\u0433\u043a\u0430\u044f, \u0431\u0430\u0440\u0445\u0430\u0442\u0438\u0441\u0442\u0430\u044f \u0442\u0435\u043a\u0441\u0442\u0443\u0440\u0430 \u043d\u0435 \u0441\u0443\u0448\u0438\u0442 \u0433\u0443\u0431\u044b \u0438 \u043e\u0431\u0435\u0441\u043f\u0435\u0447\u0438\u0432\u0430\u0435\u0442 \u043a\u043e\u043c\u0444\u043e\u0440\u0442 \u043d\u0430 \u0433\u0443\u0431\u0430\u0445, \u043b\u0435\u0433\u043a\u043e \u043d\u0430\u043d\u043e\u0441\u0438\u0442\u0441\u044f<\/li>\n<\/ul>\n<\/div>\n<div role=\"heading\" data-size=\"medium\">\n<p>\ud83c\uddfa\ud83c\uddf8 KIKO Milano LASTING MATTE VEIL LIQUID LIP COLOURA liquid lipstick with a matte finish that&#8217;s incredibly light and comfortable to apply and designed to envelope the lips in a sophisticated veil of colour from sunrise to sunset.<\/p>\n<ul>\n<li>Enriched with pomegranate flower extract and jojoba oil<\/li>\n<li>Lasts up to 10 hours<\/li>\n<li>Transfer-proof<\/li>\n<li>Water-resistant<\/li>\n<\/ul>\n<\/div>\n","protected":false},"featured_media":12317,"template":"","meta":{"jetpack_publicize_message":"","jetpack_publicize_feature_enabled":true,"jetpack_social_post_already_shared":false,"jetpack_social_options":{"image_generator_settings":{"template":"highway","default_image_id":0,"font":"","enabled":false},"version":2}},"product_brand":[],"product_cat":[911,340,631],"product_tag":[],"class_list":{"0":"post-12263","1":"product","2":"type-product","3":"status-publish","4":"has-post-thumbnail","6":"product_cat-huuled","7":"product_cat-kiko-milano","8":"product_cat-sale","9":"pa_varv-409","10":"pa_varv-410","11":"pa_varv-415","12":"pa_varv-416","14":"first","15":"outofstock","16":"sale","17":"shipping-taxable","18":"product-type-variable"},"jetpack_publicize_connections":[],"jetpack_sharing_enabled":true,"jetpack_likes_enabled":true,"_links":{"self":[{"href":"https:\/\/superstore.ee\/index.php\/wp-json\/wp\/v2\/product\/12263","targetHints":{"allow":["GET"]}}],"collection":[{"href":"https:\/\/superstore.ee\/index.php\/wp-json\/wp\/v2\/product"}],"about":[{"href":"https:\/\/superstore.ee\/index.php\/wp-json\/wp\/v2\/types\/product"}],"wp:featuredmedia":[{"embeddable":true,"href":"https:\/\/superstore.ee\/index.php\/wp-json\/wp\/v2\/media\/12317"}],"wp:attachment":[{"href":"https:\/\/superstore.ee\/index.php\/wp-json\/wp\/v2\/media?parent=12263"}],"wp:term":[{"taxonomy":"product_brand","embeddable":true,"href":"https:\/\/superstore.ee\/index.php\/wp-json\/wp\/v2\/product_brand?post=12263"},{"taxonomy":"product_cat","embeddable":true,"href":"https:\/\/superstore.ee\/index.php\/wp-json\/wp\/v2\/product_cat?post=12263"},{"taxonomy":"product_tag","embeddable":true,"href":"https:\/\/superstore.ee\/index.php\/wp-json\/wp\/v2\/product_tag?post=12263"}],"curies":[{"name":"wp","href":"https:\/\/api.w.org\/{rel}","templated":true}]}}