{"id":12278,"date":"2023-09-14T13:08:49","date_gmt":"2023-09-14T11:08:49","guid":{"rendered":"https:\/\/superstore.ee\/?post_type=product&#038;p=12278"},"modified":"2024-12-08T15:36:15","modified_gmt":"2024-12-08T13:36:15","slug":"kreemjas-huulepulk-kiko-milano-gossamer-emotion-creamy-lipstick-127-black-currant","status":"publish","type":"product","link":"https:\/\/superstore.ee\/index.php\/toode\/kreemjas-huulepulk-kiko-milano-gossamer-emotion-creamy-lipstick-127-black-currant\/","title":{"rendered":"Kreemjas huulepulk\u00a0KIKO Milano Gossamer Emotion Creamy Lipstick (127 Black Currant)"},"content":{"rendered":"","protected":false},"excerpt":{"rendered":"<p>\ud83c\uddea\ud83c\uddea\u00a0 Kreemjas huulepulk KIKO Milano (127 Black Currant)<\/p>\n<p>Sujuv, pehme tekstuur, erksa v\u00e4rviga. Valem sisaldab h\u00fcaluroonkuulikesi niisutamiseks. Huulepulk libiseb kergesti peale, j\u00e4ttes huuled siidiselt pehmeks.<\/p>\n<p>\ud83c\uddf7\ud83c\uddfa \u041a\u0440\u0435\u043c\u043e\u0432\u0430\u044f \u0433\u0443\u0431\u043d\u0430\u044f \u043f\u043e\u043c\u0430\u0434\u0430 KIKO Milano (127 Black Currant)<\/p>\n<p>\u0413\u043b\u0430\u0434\u043a\u0430\u044f, \u043c\u044f\u0433\u043a\u0430\u044f \u0442\u0435\u043a\u0441\u0442\u0443\u0440\u0430, \u0441\u043e\u0447\u0435\u0442\u0430\u044e\u0449\u0430\u044f\u0441\u044f \u0441 \u044f\u0440\u043a\u0438\u043c \u043d\u0430\u0441\u044b\u0449\u0435\u043d\u043d\u044b\u043c \u0446\u0432\u0435\u0442\u043e\u043c. \u0424\u043e\u0440\u043c\u0443\u043b\u0430 \u0441\u043e\u0434\u0435\u0440\u0436\u0438\u0442 \u0433\u0438\u0430\u043b\u0443\u0440\u043e\u043d\u043e\u0432\u044b\u0435 \u0448\u0430\u0440\u0438\u043a\u0438 \u0434\u043b\u044f \u0443\u0432\u043b\u0430\u0436\u043d\u0435\u043d\u0438\u044f. \u041f\u043e\u043c\u0430\u0434\u0430 \u043d\u0430\u043d\u043e\u0441\u0438\u0442\u0441\u044f \u043b\u0435\u0433\u043a\u043e, \u0434\u0435\u043b\u0430\u044f \u0433\u0443\u0431\u044b \u0448\u0435\u043b\u043a\u043e\u0432\u0438\u0441\u0442\u044b\u043c\u0438 \u0438 \u043c\u044f\u0433\u043a\u0438\u043c\u0438.<\/p>\n<p>\ud83c\uddfa\ud83c\uddf8 KIKO Milano Gossamer Emotion Creamy Lipstick (127 Black Currant). Bold, creamy lipstick. The formula contains hyaluronic filling spheres. The smooth, supple texture combined with the intense, bright colours. The lipstick glides on easily, leaving the lips silky soft.<\/p>\n","protected":false},"featured_media":12284,"template":"","meta":{"jetpack_publicize_message":"","jetpack_publicize_feature_enabled":true,"jetpack_social_post_already_shared":false,"jetpack_social_options":{"image_generator_settings":{"template":"highway","default_image_id":0,"font":"","enabled":false},"version":2}},"product_brand":[],"product_cat":[340,631],"product_tag":[],"class_list":{"0":"post-12278","1":"product","2":"type-product","3":"status-publish","4":"has-post-thumbnail","6":"product_cat-kiko-milano","7":"product_cat-sale","8":"pa_varv-02-never-ending-mauve","9":"pa_varv-03-miss-rose","11":"first","12":"outofstock","13":"sale","14":"shipping-taxable","15":"purchasable","16":"product-type-simple"},"jetpack_publicize_connections":[],"jetpack_sharing_enabled":true,"jetpack_likes_enabled":true,"_links":{"self":[{"href":"https:\/\/superstore.ee\/index.php\/wp-json\/wp\/v2\/product\/12278","targetHints":{"allow":["GET"]}}],"collection":[{"href":"https:\/\/superstore.ee\/index.php\/wp-json\/wp\/v2\/product"}],"about":[{"href":"https:\/\/superstore.ee\/index.php\/wp-json\/wp\/v2\/types\/product"}],"wp:featuredmedia":[{"embeddable":true,"href":"https:\/\/superstore.ee\/index.php\/wp-json\/wp\/v2\/media\/12284"}],"wp:attachment":[{"href":"https:\/\/superstore.ee\/index.php\/wp-json\/wp\/v2\/media?parent=12278"}],"wp:term":[{"taxonomy":"product_brand","embeddable":true,"href":"https:\/\/superstore.ee\/index.php\/wp-json\/wp\/v2\/product_brand?post=12278"},{"taxonomy":"product_cat","embeddable":true,"href":"https:\/\/superstore.ee\/index.php\/wp-json\/wp\/v2\/product_cat?post=12278"},{"taxonomy":"product_tag","embeddable":true,"href":"https:\/\/superstore.ee\/index.php\/wp-json\/wp\/v2\/product_tag?post=12278"}],"curies":[{"name":"wp","href":"https:\/\/api.w.org\/{rel}","templated":true}]}}