{"id":1235,"date":"2022-01-31T00:13:08","date_gmt":"2022-01-30T22:13:08","guid":{"rendered":"https:\/\/superstore.ee\/index.php\/toode\/naiste-calvin-klein-pusa-4\/"},"modified":"2022-05-11T13:41:59","modified_gmt":"2022-05-11T11:41:59","slug":"naiste-calvin-klein-pusa-4","status":"publish","type":"product","link":"https:\/\/superstore.ee\/index.php\/toode\/naiste-calvin-klein-pusa-4\/","title":{"rendered":"Naiste Calvin Klein pusa"},"content":{"rendered":"","protected":false},"excerpt":{"rendered":"<p>\ud83c\uddea\ud83c\uddea Uus originaalne naiste Calvin Klein pusa<br \/>\nSuurus: 16a, oversize, sobib M suurusele<br \/>\nM\u00f5\u00f5tmed: rind 117cm, \u00fcldpikkus \u00f5last 57cm, varruka pikkus \u00f5last 48cm, \u00f5lg 32cm<br \/>\nMaterjal: 100% orgaaniline puuvill<\/p>\n<p>\ud83c\uddf7\ud83c\uddfa \u041d\u043e\u0432\u0430\u044f \u043e\u0440\u0438\u0433\u0438\u043d\u0430\u043b\u044c\u043d\u0430\u044f \u0436\u0435\u043d\u0441\u043a\u0430\u044f \u043a\u043e\u0444\u0442\u0430 Calvin Klein<br \/>\n\u0420\u0430\u0437\u043c\u0435\u0440: 16\u043b\u0435\u0442, oversize, \u043f\u043e\u0434\u0445\u043e\u0434\u0438\u0442 \u043d\u0430 M \u0440\u0430\u0437\u043c\u0435\u0440<br \/>\n\u041f\u0430\u0440\u0430\u043c\u0435\u0442\u0440\u044b: \u0433\u0440\u0443\u0434\u044c 117\u0441\u043c, \u043e\u0431\u0449\u0430\u044f \u0434\u043b\u0438\u043d\u0430 \u043e\u0442 \u043f\u043b\u0435\u0447\u0430 57\u0441\u043c, \u0434\u043b\u0438\u043d\u0430 \u0440\u0443\u043a\u0430\u0432\u0430 \u043e\u0442 \u043f\u043b\u0435\u0447\u0430 48\u0441\u043c, \u043f\u043b\u0435\u0447\u043e 32\u0441\u043c<br \/>\n\u041c\u0430\u0442\u0435\u0440\u0438\u0430\u043b: 100% \u043e\u0440\u0433\u0430\u043d\u0438\u0447\u0435\u0441\u043a\u0438\u0439 \u0445\u043b\u043e\u043f\u043e\u043a<\/p>\n<p>\ud83c\uddfa\ud83c\uddf8 Women&#8217;s Calvin Klein sweatshirt<br \/>\nSize: 16y (oversized, fits M size)<br \/>\nDimensions: chest 117cm, total length from shoulder 57cm, sleeve length from shoulder 48cm, shoulder 32cm<br \/>\nMaterial: 100% organic cotton<\/p>\n","protected":false},"featured_media":1234,"template":"","meta":{"jetpack_publicize_message":"","jetpack_publicize_feature_enabled":true,"jetpack_social_post_already_shared":true,"jetpack_social_options":{"image_generator_settings":{"template":"highway","default_image_id":0,"font":"","enabled":false},"version":2}},"product_brand":[],"product_cat":[15],"product_tag":[],"class_list":{"0":"post-1235","1":"product","2":"type-product","3":"status-publish","4":"has-post-thumbnail","6":"product_cat-maaramata","8":"first","9":"outofstock","10":"sale","11":"shipping-taxable","12":"purchasable","13":"product-type-simple"},"jetpack_publicize_connections":[],"jetpack_sharing_enabled":true,"jetpack_likes_enabled":true,"_links":{"self":[{"href":"https:\/\/superstore.ee\/index.php\/wp-json\/wp\/v2\/product\/1235","targetHints":{"allow":["GET"]}}],"collection":[{"href":"https:\/\/superstore.ee\/index.php\/wp-json\/wp\/v2\/product"}],"about":[{"href":"https:\/\/superstore.ee\/index.php\/wp-json\/wp\/v2\/types\/product"}],"wp:featuredmedia":[{"embeddable":true,"href":"https:\/\/superstore.ee\/index.php\/wp-json\/wp\/v2\/media\/1234"}],"wp:attachment":[{"href":"https:\/\/superstore.ee\/index.php\/wp-json\/wp\/v2\/media?parent=1235"}],"wp:term":[{"taxonomy":"product_brand","embeddable":true,"href":"https:\/\/superstore.ee\/index.php\/wp-json\/wp\/v2\/product_brand?post=1235"},{"taxonomy":"product_cat","embeddable":true,"href":"https:\/\/superstore.ee\/index.php\/wp-json\/wp\/v2\/product_cat?post=1235"},{"taxonomy":"product_tag","embeddable":true,"href":"https:\/\/superstore.ee\/index.php\/wp-json\/wp\/v2\/product_tag?post=1235"}],"curies":[{"name":"wp","href":"https:\/\/api.w.org\/{rel}","templated":true}]}}