{"id":12363,"date":"2023-09-25T14:02:02","date_gmt":"2023-09-25T12:02:02","guid":{"rendered":"https:\/\/superstore.ee\/?post_type=product&#038;p=12363"},"modified":"2024-09-26T22:46:04","modified_gmt":"2024-09-26T19:46:04","slug":"poolmatt-minihuulepulk-kiko-milano-demi-matte-mini-lipstick","status":"publish","type":"product","link":"https:\/\/superstore.ee\/index.php\/toode\/poolmatt-minihuulepulk-kiko-milano-demi-matte-mini-lipstick\/","title":{"rendered":"Poolmatt minihuulepulk KIKO Milano Demi-matte mini lipstick"},"content":{"rendered":"","protected":false},"excerpt":{"rendered":"<p>\ud83c\uddea\ud83c\uddea Poolmatt minihuulepulk KIKO Milano<\/p>\n<ul>\n<li>Kreemjas, elastne valem ja mugav tekstuur tagavad optimaalse v\u00e4rvuse vabanemise ja eredad, t\u00e4idlaselt k\u00fcllastunud toonid;<\/li>\n<li>Lihtne peale kanda, tagades huultel pikaajalise ja meeldiva poolmati viimistluse;<\/li>\n<li>Miniformaat muudab selle ideaalseks hoidmiseks k\u00e4ekotis.<\/li>\n<\/ul>\n<p>\ud83c\uddf7\ud83c\uddfa KIKO Milano \u041f\u043e\u043b\u0443\u043c\u0430\u0442\u043e\u0432\u0430\u044f \u043c\u0438\u043d\u0438-\u043f\u043e\u043c\u0430\u0434\u0430<\/p>\n<ul>\n<li>\u041a\u0440\u0435\u043c\u043e\u0432\u0430\u044f, \u044d\u043b\u0430\u0441\u0442\u0438\u0447\u043d\u0430\u044f \u0444\u043e\u0440\u043c\u0443\u043b\u0430 \u0438 \u043a\u043e\u043c\u0444\u043e\u0440\u0442\u043d\u0430\u044f \u0442\u0435\u043a\u0441\u0442\u0443\u0440\u0430 \u043e\u0431\u0435\u0441\u043f\u0435\u0447\u0438\u0432\u0430\u044e\u0442 \u043e\u043f\u0442\u0438\u043c\u0430\u043b\u044c\u043d\u043e\u0435 \u0440\u0430\u0441\u043a\u0440\u044b\u0442\u0438\u0435 \u0446\u0432\u0435\u0442\u0430 \u0438 \u0441\u043e\u0437\u0434\u0430\u044e\u0442 \u044f\u0440\u043a\u0438\u0435, \u043f\u043e\u043b\u043d\u044b\u0435 \u0438 \u043d\u0430\u0441\u044b\u0449\u0435\u043d\u043d\u044b\u0435 \u043e\u0442\u0442\u0435\u043d\u043a\u0438;<\/li>\n<li>\u041b\u0435\u0433\u043a\u043e \u043d\u0430\u043d\u043e\u0441\u0438\u0442\u0441\u044f, \u043e\u0431\u0435\u0441\u043f\u0435\u0447\u0438\u0432\u0430\u044f \u0434\u043e\u043b\u0433\u043e\u0441\u0440\u043e\u0447\u043d\u043e\u0435 \u0438 \u043f\u0440\u0438\u044f\u0442\u043d\u043e\u0435 \u043f\u043e\u043b\u0443\u043c\u0430\u0442\u043e\u0432\u043e\u0435 \u043f\u043e\u043a\u0440\u044b\u0442\u0438\u0435 \u043d\u0430 \u0433\u0443\u0431\u0430\u0445;<\/li>\n<li>\u041c\u0438\u043d\u0438-\u0444\u043e\u0440\u043c\u0430\u0442 \u0434\u0435\u043b\u0430\u0435\u0442 \u0435\u0435 \u0438\u0434\u0435\u0430\u043b\u044c\u043d\u043e\u0439 \u0434\u043b\u044f \u0445\u0440\u0430\u043d\u0435\u043d\u0438\u044f \u0432 \u0441\u0443\u043c\u043a\u0435.<\/li>\n<\/ul>\n<p>\ud83c\uddfa\ud83c\uddf8 KIKO Milano Demi-matte mini lipstick<\/p>\n<ul>\n<li>The creamy, elastic formula and the comfortable texture ensure optimum colour release and bright, full and vibrant shades;<\/li>\n<li>Smooth to apply, it leaves a long-lasting and pleasant high-coverage demi-matte finish on the lips;<\/li>\n<li>The mini format makes it ideal for keeping in your handbag.<\/li>\n<\/ul>\n","protected":false},"featured_media":12400,"template":"","meta":{"jetpack_publicize_message":"","jetpack_publicize_feature_enabled":true,"jetpack_social_post_already_shared":false,"jetpack_social_options":{"image_generator_settings":{"template":"highway","default_image_id":0,"font":"","enabled":false},"version":2}},"product_brand":[],"product_cat":[340,631],"product_tag":[],"class_list":{"0":"post-12363","1":"product","2":"type-product","3":"status-publish","4":"has-post-thumbnail","6":"product_cat-kiko-milano","7":"product_cat-sale","8":"pa_varv-03-rosy-hibiscus","9":"pa_varv-05-amaranth","11":"first","12":"outofstock","13":"sale","14":"shipping-taxable","15":"product-type-variable"},"jetpack_publicize_connections":[],"jetpack_sharing_enabled":true,"jetpack_likes_enabled":true,"_links":{"self":[{"href":"https:\/\/superstore.ee\/index.php\/wp-json\/wp\/v2\/product\/12363","targetHints":{"allow":["GET"]}}],"collection":[{"href":"https:\/\/superstore.ee\/index.php\/wp-json\/wp\/v2\/product"}],"about":[{"href":"https:\/\/superstore.ee\/index.php\/wp-json\/wp\/v2\/types\/product"}],"wp:featuredmedia":[{"embeddable":true,"href":"https:\/\/superstore.ee\/index.php\/wp-json\/wp\/v2\/media\/12400"}],"wp:attachment":[{"href":"https:\/\/superstore.ee\/index.php\/wp-json\/wp\/v2\/media?parent=12363"}],"wp:term":[{"taxonomy":"product_brand","embeddable":true,"href":"https:\/\/superstore.ee\/index.php\/wp-json\/wp\/v2\/product_brand?post=12363"},{"taxonomy":"product_cat","embeddable":true,"href":"https:\/\/superstore.ee\/index.php\/wp-json\/wp\/v2\/product_cat?post=12363"},{"taxonomy":"product_tag","embeddable":true,"href":"https:\/\/superstore.ee\/index.php\/wp-json\/wp\/v2\/product_tag?post=12363"}],"curies":[{"name":"wp","href":"https:\/\/api.w.org\/{rel}","templated":true}]}}