{"id":12375,"date":"2023-09-23T21:18:28","date_gmt":"2023-09-23T19:18:28","guid":{"rendered":"https:\/\/superstore.ee\/?post_type=product&#038;p=12375"},"modified":"2024-12-09T22:43:02","modified_gmt":"2024-12-09T20:43:02","slug":"kiko-milano-kauapusiv-huulepliiats-blue-me-long-lasting-lip-liner","status":"publish","type":"product","link":"https:\/\/superstore.ee\/index.php\/toode\/kiko-milano-kauapusiv-huulepliiats-blue-me-long-lasting-lip-liner\/","title":{"rendered":"KIKO Milano Kauap\u00fcsiv huulepliiats Blue Me Long Lasting Lip Liner"},"content":{"rendered":"","protected":false},"excerpt":{"rendered":"<p>\ud83c\uddea\ud83c\uddea KIKO Milano Kauap\u00fcsiv huulepliiats (03 toon)<\/p>\n<ul>\n<li>Parandab huulepulga p\u00fcsivust ja ei m\u00e4\u00e4rdu kunagi;<\/li>\n<li>\u00dchtlased ja k\u00fclluslikud v\u00e4rvid, mis t\u00e4pselt joonistavad huulte kontuuri;<\/li>\n<li>\u00d5rn tekstuur libiseb ja seguneb kergesti.<\/li>\n<\/ul>\n<p>\ud83c\uddf7\ud83c\uddfa KIKO Milano \u0421\u0442\u043e\u0439\u043a\u0438\u0439 \u043a\u0430\u0440\u0430\u043d\u0434\u0430\u0448 \u0434\u043b\u044f \u0433\u0443\u0431 (03 \u043e\u0442\u0442\u0435\u043d\u043e\u043a)<\/p>\n<ul>\n<li>\u0423\u0432\u0435\u043b\u0438\u0447\u0438\u0432\u0430\u0435\u0442 \u0441\u0442\u043e\u0439\u043a\u043e\u0441\u0442\u044c \u043f\u043e\u043c\u0430\u0434\u044b \u0438 \u043d\u0435 \u0440\u0430\u0437\u043c\u0430\u0437\u044b\u0432\u0430\u0435\u0442\u0441\u044f;<\/li>\n<li>\u0420\u0430\u0432\u043d\u043e\u043c\u0435\u0440\u043d\u044b\u0435 \u0438 \u043d\u0430\u0441\u044b\u0449\u0435\u043d\u043d\u044b\u0435 \u0446\u0432\u0435\u0442\u0430, \u043a\u043e\u0442\u043e\u0440\u044b\u0435 \u0442\u043e\u0447\u043d\u043e \u043e\u0431\u0432\u043e\u0434\u044f\u0442 \u043a\u043e\u043d\u0442\u0443\u0440 \u0433\u0443\u0431;<\/li>\n<li>\u041d\u0435\u0436\u043d\u0430\u044f \u0442\u0435\u043a\u0441\u0442\u0443\u0440\u0430 \u043b\u0435\u0433\u043a\u043e \u043d\u0430\u043d\u043e\u0441\u0438\u0442\u0441\u044f \u0438 \u0445\u043e\u0440\u043e\u0448\u043e \u0441\u043c\u0435\u0448\u0438\u0432\u0430\u0435\u0442\u0441\u044f.<\/li>\n<\/ul>\n<p>\ud83c\uddfa\ud83c\uddf8 KIKO Milano Blue Me <span id=\"productTitle\" class=\"a-size-large product-title-word-break\">Long Lasting Lip Liner (03)<\/span><\/p>\n<ul>\n<li><span class=\"a-list-item\">Improves the lipsticks hold and never smudges;<\/span><\/li>\n<li class=\"a-spacing-mini\"><span class=\"a-list-item\">Even and rich colours that precisely outline the lip contour;<\/span><\/li>\n<li class=\"a-spacing-mini\"><span class=\"a-list-item\">Delicate texture glides on and blends easily.<\/span><\/li>\n<\/ul>\n","protected":false},"featured_media":12396,"template":"","meta":{"jetpack_publicize_message":"","jetpack_publicize_feature_enabled":true,"jetpack_social_post_already_shared":false,"jetpack_social_options":{"image_generator_settings":{"template":"highway","default_image_id":0,"font":"","enabled":false},"version":2}},"product_brand":[],"product_cat":[340,631],"product_tag":[],"class_list":{"0":"post-12375","1":"product","2":"type-product","3":"status-publish","4":"has-post-thumbnail","6":"product_cat-kiko-milano","7":"product_cat-sale","9":"first","10":"outofstock","11":"sale","12":"shipping-taxable","13":"purchasable","14":"product-type-simple"},"jetpack_publicize_connections":[],"jetpack_sharing_enabled":true,"jetpack_likes_enabled":true,"_links":{"self":[{"href":"https:\/\/superstore.ee\/index.php\/wp-json\/wp\/v2\/product\/12375","targetHints":{"allow":["GET"]}}],"collection":[{"href":"https:\/\/superstore.ee\/index.php\/wp-json\/wp\/v2\/product"}],"about":[{"href":"https:\/\/superstore.ee\/index.php\/wp-json\/wp\/v2\/types\/product"}],"wp:featuredmedia":[{"embeddable":true,"href":"https:\/\/superstore.ee\/index.php\/wp-json\/wp\/v2\/media\/12396"}],"wp:attachment":[{"href":"https:\/\/superstore.ee\/index.php\/wp-json\/wp\/v2\/media?parent=12375"}],"wp:term":[{"taxonomy":"product_brand","embeddable":true,"href":"https:\/\/superstore.ee\/index.php\/wp-json\/wp\/v2\/product_brand?post=12375"},{"taxonomy":"product_cat","embeddable":true,"href":"https:\/\/superstore.ee\/index.php\/wp-json\/wp\/v2\/product_cat?post=12375"},{"taxonomy":"product_tag","embeddable":true,"href":"https:\/\/superstore.ee\/index.php\/wp-json\/wp\/v2\/product_tag?post=12375"}],"curies":[{"name":"wp","href":"https:\/\/api.w.org\/{rel}","templated":true}]}}