{"id":12420,"date":"2023-10-04T16:00:58","date_gmt":"2023-10-04T14:00:58","guid":{"rendered":"https:\/\/superstore.ee\/?post_type=product&#038;p=12420"},"modified":"2024-07-15T15:08:06","modified_gmt":"2024-07-15T13:08:06","slug":"kiko-milano-jumestuskreem-mood-boost-luminous-foundation","status":"publish","type":"product","link":"https:\/\/superstore.ee\/index.php\/toode\/kiko-milano-jumestuskreem-mood-boost-luminous-foundation\/","title":{"rendered":"KIKO Milano Jumestuskreem Mood Boost Luminous Foundation"},"content":{"rendered":"","protected":false},"excerpt":{"rendered":"<p>\ud83c\uddea\ud83c\uddea KIKO Milano Jumestuskreem Mood Boost Luminous Foundation<\/p>\n<ul>\n<li>Vedelikp\u00f5hi keskmise katvusega;<\/li>\n<li>Looduslikult s\u00e4ra andev kate, millel on meeldiv oliivide l\u00f5hn;<\/li>\n<li>Ideaalselt sobib \u00fchtlase ja s\u00e4ra andva naha tooni loomiseks;<\/li>\n<li>Vedel ja \u00fcli\u00f5huline tekstuur, mis tundub nahal mugav;<\/li>\n<li>Lihtne peale kanda, silub ja t\u00e4iustab n\u00e4onaha v\u00e4rvi, andes loomuliku s\u00e4ra katte;<\/li>\n<li>Imbunud \u00f5rna oliivide l\u00f5hnaga, mis suurendab naha loomulikku s\u00e4ra.<\/li>\n<\/ul>\n<p><strong>Kasutamine:<\/strong> Enne kasutamist raputage korralikult. Pigistage v\u00e4ike kogus toodet v\u00e4lja. Kasutades spetsiaalset pintslit, n\u00e4iteks Face 03 Flat Foundation Brush tasandamiseks m\u00f5eldud tasapinda, kandke p\u00f5hi n\u00e4ole keskelt \u00e4\u00e4rtele ja hajutage seej\u00e4rel kaela poole.<\/p>\n<p>\ud83c\uddf7\ud83c\uddfa KIKO Milano \u0422\u043e\u043d\u0430\u043b\u044c\u043d\u044b\u0439 \u043a\u0440\u0435\u043c Mood Boost Luminous Foundation<\/p>\n<ul>\n<li>\u0416\u0438\u0434\u043a\u0430\u044f \u043e\u0441\u043d\u043e\u0432\u0430 \u0441\u043e \u0441\u0440\u0435\u0434\u043d\u0435\u0439 \u0441\u0442\u0435\u043f\u0435\u043d\u044c\u044e \u043f\u043e\u043a\u0440\u044b\u0442\u0438\u044f;<\/li>\n<li>\u041d\u0430\u0442\u0443\u0440\u0430\u043b\u044c\u043d\u043e\u0435 \u0441\u0438\u044f\u044e\u0449\u0435\u0435 \u043f\u043e\u043a\u0440\u044b\u0442\u0438\u0435 \u0441 \u043f\u0440\u0438\u044f\u0442\u043d\u044b\u043c \u0430\u0440\u043e\u043c\u0430\u0442\u043e\u043c \u043e\u043b\u0438\u0432\u043e\u043a;<\/li>\n<li>\u0418\u0434\u0435\u0430\u043b\u044c\u043d\u043e \u043f\u043e\u0434\u0445\u043e\u0434\u0438\u0442 \u0434\u043b\u044f \u0441\u043e\u0437\u0434\u0430\u043d\u0438\u044f \u0440\u0430\u0432\u043d\u043e\u043c\u0435\u0440\u043d\u043e\u0433\u043e, \u0441\u0438\u044f\u044e\u0449\u0435\u0433\u043e \u0442\u043e\u043d\u0430 \u043a\u043e\u0436\u0438;<\/li>\n<li>\u0416\u0438\u0434\u043a\u0430\u044f \u0438 \u0443\u043b\u044c\u0442\u0440\u0430-\u0441\u0435\u043d\u0441\u043e\u0440\u043d\u0430\u044f \u0442\u0435\u043a\u0441\u0442\u0443\u0440\u0430 \u043a\u043e\u043c\u0444\u043e\u0440\u0442\u043d\u043e \u043e\u0449\u0443\u0449\u0430\u0435\u0442\u0441\u044f \u043d\u0430 \u043a\u043e\u0436\u0435;<\/li>\n<li>\u041b\u0435\u0433\u043a\u043e \u043d\u0430\u043d\u043e\u0441\u0438\u0442\u0441\u044f, \u0432\u044b\u0440\u0430\u0432\u043d\u0438\u0432\u0430\u0435\u0442 \u0438 \u0441\u043e\u0432\u0435\u0440\u0448\u0435\u043d\u0441\u0442\u0432\u0443\u0435\u0442 \u0446\u0432\u0435\u0442 \u043b\u0438\u0446\u0430, \u043f\u0440\u0438\u0434\u0430\u0432\u0430\u044f \u0435\u0441\u0442\u0435\u0441\u0442\u0432\u0435\u043d\u043d\u043e\u0435 \u0441\u0438\u044f\u044e\u0449\u0435\u0435 \u043f\u043e\u043a\u0440\u044b\u0442\u0438\u0435;<\/li>\n<li>\u041f\u0440\u043e\u043f\u0438\u0442\u0430\u043d \u043d\u0435\u0436\u043d\u044b\u043c \u0430\u0440\u043e\u043c\u0430\u0442\u043e\u043c \u043e\u043b\u0438\u0432\u043e\u043a, \u0443\u0441\u0438\u043b\u0438\u0432\u0430\u044e\u0449\u0438\u043c \u0435\u0441\u0442\u0435\u0441\u0442\u0432\u0435\u043d\u043d\u043e\u0435 \u0441\u0438\u044f\u043d\u0438\u0435 \u043a\u043e\u0436\u0438.<\/li>\n<\/ul>\n<p><strong>\u041a\u0430\u043a \u0438\u0441\u043f\u043e\u043b\u044c\u0437\u043e\u0432\u0430\u0442\u044c:<\/strong> \u041f\u0435\u0440\u0435\u0434 \u0438\u0441\u043f\u043e\u043b\u044c\u0437\u043e\u0432\u0430\u043d\u0438\u0435\u043c \u0445\u043e\u0440\u043e\u0448\u043e \u0432\u0437\u0431\u043e\u043b\u0442\u0430\u0442\u044c. \u0412\u044b\u0434\u0430\u0432\u0438\u0442\u044c \u043d\u0435\u0431\u043e\u043b\u044c\u0448\u043e\u0435 \u043a\u043e\u043b\u0438\u0447\u0435\u0441\u0442\u0432\u043e \u043f\u0440\u043e\u0434\u0443\u043a\u0442\u0430. \u0418\u0441\u043f\u043e\u043b\u044c\u0437\u0443\u044f \u0441\u043f\u0435\u0446\u0438\u0430\u043b\u044c\u043d\u0443\u044e \u043a\u0438\u0441\u0442\u044c, \u043d\u0430\u043f\u0440\u0438\u043c\u0435\u0440, \u043f\u043b\u043e\u0441\u043a\u0443\u044e \u043a\u0438\u0441\u0442\u044c \u0434\u043b\u044f \u0442\u043e\u043d\u0430\u043b\u044c\u043d\u043e\u0439 \u043e\u0441\u043d\u043e\u0432\u044b Face 03, \u0440\u0430\u0432\u043d\u043e\u043c\u0435\u0440\u043d\u043e \u043d\u0430\u043d\u0435\u0441\u0438\u0442\u0435 \u043e\u0441\u043d\u043e\u0432\u0443, \u043e\u0442 \u0446\u0435\u043d\u0442\u0440\u0430 \u043b\u0438\u0446\u0430 \u043a \u043a\u0440\u0430\u044f\u043c, \u0430 \u0437\u0430\u0442\u0435\u043c \u0440\u0430\u0441\u0442\u0443\u0448\u0443\u0439\u0442\u0435 \u0435\u0435 \u043a \u0448\u0435\u0435.<\/p>\n<p>\ud83c\uddfa\ud83c\uddf8 KIKO Milano Mood Boost Luminous Foundation<\/p>\n<ul>\n<li>Liquid foundation with buildable medium coverage;<\/li>\n<li>Natural radiant finish with a yummy olive scent;<\/li>\n<li>Ideal for creating an even, radiant complexion in a single step;<\/li>\n<li>The incredible fluid and ultra-sensorial texture is extremely comfortable on the face;<\/li>\n<li>It is easily buildable; it evens out and perfects the complexion for a naturally radiant finish;<\/li>\n<li>It is infused with a delicate olive fragrance; it enhances the beauty of the skin<\/li>\n<\/ul>\n<p><strong>How To Use: <\/strong>Shake before use. Dispense a small amount of product. Using a specific brush, such as the Face 03 Flat Foundation Brush, apply the foundation evenly, from the centre of the face working outwards, then blend it down to the neck.<\/p>\n","protected":false},"featured_media":12433,"template":"","meta":{"jetpack_publicize_message":"","jetpack_publicize_feature_enabled":true,"jetpack_social_post_already_shared":false,"jetpack_social_options":{"image_generator_settings":{"template":"highway","default_image_id":0,"font":"","enabled":false},"version":2}},"product_brand":[],"product_cat":[340],"product_tag":[],"class_list":{"0":"post-12420","1":"product","2":"type-product","3":"status-publish","4":"has-post-thumbnail","6":"product_cat-kiko-milano","7":"pa_varv-03-light-beige","8":"pa_varv-05-almond","9":"pa_varv-06-caramel","11":"first","12":"outofstock","13":"sale","14":"shipping-taxable","15":"product-type-variable"},"jetpack_publicize_connections":[],"jetpack_sharing_enabled":true,"jetpack_likes_enabled":true,"_links":{"self":[{"href":"https:\/\/superstore.ee\/index.php\/wp-json\/wp\/v2\/product\/12420","targetHints":{"allow":["GET"]}}],"collection":[{"href":"https:\/\/superstore.ee\/index.php\/wp-json\/wp\/v2\/product"}],"about":[{"href":"https:\/\/superstore.ee\/index.php\/wp-json\/wp\/v2\/types\/product"}],"wp:featuredmedia":[{"embeddable":true,"href":"https:\/\/superstore.ee\/index.php\/wp-json\/wp\/v2\/media\/12433"}],"wp:attachment":[{"href":"https:\/\/superstore.ee\/index.php\/wp-json\/wp\/v2\/media?parent=12420"}],"wp:term":[{"taxonomy":"product_brand","embeddable":true,"href":"https:\/\/superstore.ee\/index.php\/wp-json\/wp\/v2\/product_brand?post=12420"},{"taxonomy":"product_cat","embeddable":true,"href":"https:\/\/superstore.ee\/index.php\/wp-json\/wp\/v2\/product_cat?post=12420"},{"taxonomy":"product_tag","embeddable":true,"href":"https:\/\/superstore.ee\/index.php\/wp-json\/wp\/v2\/product_tag?post=12420"}],"curies":[{"name":"wp","href":"https:\/\/api.w.org\/{rel}","templated":true}]}}