{"id":12447,"date":"2023-10-05T20:11:08","date_gmt":"2023-10-05T18:11:08","guid":{"rendered":"https:\/\/superstore.ee\/?post_type=product&#038;p=12447"},"modified":"2023-11-22T18:38:47","modified_gmt":"2023-11-22T16:38:47","slug":"kiko-milano-silmakontuuri-seerum","status":"publish","type":"product","link":"https:\/\/superstore.ee\/index.php\/toode\/kiko-milano-silmakontuuri-seerum\/","title":{"rendered":"KIKO Milano Silmakontuuri seerum"},"content":{"rendered":"","protected":false},"excerpt":{"rendered":"<p>\ud83c\uddea\ud83c\uddea KIKO Milano Silmakontuuri seerum<\/p>\n<ul>\n<li>Niisutav ja v\u00e4rskendav silmaseerum;<\/li>\n<li>Ideaalne siledama ja heledama silma\u00fcmbruse ala saavutamiseks enne meigi pealekandmist;<\/li>\n<li>Koostis on rikastatud ingveri ekstraktiga;<\/li>\n<li>Sellel on kreemjas tekstuur, mis \u00f5rnalt seguneb nahaga;<\/li>\n<li>Seda saab kasutada igap\u00e4evaselt;<\/li>\n<li>Metallist roll-on tuubi aplikaator pakub meeldivat v\u00e4rskustunnet ja v\u00f5imaldab toodet kergesti \u00f5iges koguses kanda.<\/li>\n<\/ul>\n<p><strong>Kasutamine:<\/strong> Kandke puhtale silma\u00fcmbrusele, masseerige \u00f5rnalt roll-on aplikaatoriga ja seej\u00e4rel s\u00f5rmedega, kuni toode on t\u00e4ielikult imendunud.<\/p>\n<p>\ud83c\uddf7\ud83c\uddfa KIKO Milano \u0421\u044b\u0432\u043e\u0440\u043e\u0442\u043a\u0430 \u0434\u043b\u044f \u043a\u043e\u043d\u0442\u0443\u0440\u0430 \u0433\u043b\u0430\u0437<\/p>\n<ul>\n<li>\u0423\u0432\u043b\u0430\u0436\u043d\u044f\u044e\u0449\u0430\u044f \u0438 \u043e\u0441\u0432\u0435\u0436\u0430\u044e\u0449\u0430\u044f \u0441\u044b\u0432\u043e\u0440\u043e\u0442\u043a\u0430 \u0434\u043b\u044f \u043a\u043e\u043d\u0442\u0443\u0440\u0430 \u0433\u043b\u0430\u0437;<\/li>\n<li>\u0418\u0434\u0435\u0430\u043b\u044c\u043d\u043e \u043f\u043e\u0434\u0445\u043e\u0434\u0438\u0442 \u0434\u043b\u044f \u0442\u043e\u0433\u043e, \u0447\u0442\u043e\u0431\u044b \u0441\u0434\u0435\u043b\u0430\u0442\u044c \u043e\u0431\u043b\u0430\u0441\u0442\u044c \u0432\u043e\u043a\u0440\u0443\u0433 \u0433\u043b\u0430\u0437 \u0441\u0438\u044f\u044e\u0449\u0435\u0439 \u0438 \u043e\u0441\u0432\u0435\u0436\u0438\u0442\u044c \u0432\u0437\u0433\u043b\u044f\u0434 \u043f\u0435\u0440\u0435\u0434 \u043d\u0430\u043d\u0435\u0441\u0435\u043d\u0438\u0435\u043c \u043c\u0430\u043a\u0438\u044f\u0436\u0430;<\/li>\n<li>\u0424\u043e\u0440\u043c\u0443\u043b\u0430 \u043e\u0431\u043e\u0433\u0430\u0449\u0435\u043d\u0430 \u044d\u043a\u0441\u0442\u0440\u0430\u043a\u0442\u043e\u043c \u0438\u043c\u0431\u0438\u0440\u044f;<\/li>\n<li>\u0418\u043c\u0435\u0435\u0442 \u043a\u0440\u0435\u043c\u043e\u0432\u0443\u044e \u0442\u0435\u043a\u0441\u0442\u0443\u0440\u0443, \u043a\u043e\u0442\u043e\u0440\u0430\u044f \u043c\u044f\u0433\u043a\u043e \u0441\u043e\u0447\u0435\u0442\u0430\u0435\u0442\u0441\u044f \u0441 \u043a\u043e\u0436\u0435\u0439;<\/li>\n<li>\u041c\u043e\u0436\u0435\u0442 \u0438\u0441\u043f\u043e\u043b\u044c\u0437\u043e\u0432\u0430\u0442\u044c\u0441\u044f \u0435\u0436\u0435\u0434\u043d\u0435\u0432\u043d\u043e;<\/li>\n<li>\u041c\u0435\u0442\u0430\u043b\u043b\u0438\u0447\u0435\u0441\u043a\u0438\u0439 \u0440\u043e\u043b\u0438\u043a\u043e\u0432\u044b\u0439 \u0430\u043f\u043f\u043b\u0438\u043a\u0430\u0442\u043e\u0440 \u0434\u0430\u0435\u0442 \u043f\u0440\u0438\u044f\u0442\u043d\u043e\u0435 \u043e\u0449\u0443\u0449\u0435\u043d\u0438\u0435 \u0441\u0432\u0435\u0436\u0435\u0441\u0442\u0438 \u0438 \u043f\u043e\u0437\u0432\u043e\u043b\u044f\u0435\u0442 \u043b\u0435\u0433\u043a\u043e \u043d\u0430\u043d\u043e\u0441\u0438\u0442\u044c \u043d\u0443\u0436\u043d\u043e\u0435 \u043a\u043e\u043b\u0438\u0447\u0435\u0441\u0442\u0432\u043e \u043f\u0440\u043e\u0434\u0443\u043a\u0442\u0430.<\/li>\n<\/ul>\n<p><strong>\u041a\u0430\u043a \u0438\u0441\u043f\u043e\u043b\u044c\u0437\u043e\u0432\u0430\u0442\u044c:<\/strong> \u041d\u0430\u043d\u0435\u0441\u0438\u0442\u0435 \u043d\u0430 \u0447\u0438\u0441\u0442\u0443\u044e \u043e\u0431\u043b\u0430\u0441\u0442\u044c \u043a\u043e\u043d\u0442\u0443\u0440\u0430 \u0433\u043b\u0430\u0437, \u043d\u0435\u0436\u043d\u043e \u043c\u0430\u0441\u0441\u0438\u0440\u0443\u044f \u0441 \u043f\u043e\u043c\u043e\u0449\u044c\u044e \u0440\u043e\u043b\u0438\u043a\u043e\u0432\u043e\u0433\u043e \u0430\u043f\u043f\u043b\u0438\u043a\u0430\u0442\u043e\u0440\u0430, \u0430 \u0437\u0430\u0442\u0435\u043c \u043f\u0430\u043b\u044c\u0446\u0430\u043c\u0438, \u043f\u043e\u043a\u0430 \u043f\u043e\u043b\u043d\u043e\u0441\u0442\u044c\u044e \u043d\u0435 \u0432\u043f\u0438\u0442\u0430\u0435\u0442\u0441\u044f.<\/p>\n<p>\ud83c\uddfa\ud83c\uddf8 KIKO Milano Beauty Essentials Recharge &amp; Refresh Eye Contour<\/p>\n<ul>\n<li>Moisturising and refreshing eye serum;<\/li>\n<li>Ideal for achieving a smoother and brighter eye contour area before applying make-up;<\/li>\n<li>Its formula is enriched with ginger extract;<\/li>\n<li>It has a creamy texture that gently blends into the skin;<\/li>\n<li>It can be used every day;<\/li>\n<li>The metallic roll-on tube applicator provides a pleasant sensation of freshness and allows you to easily apply the right amount of product.<\/li>\n<\/ul>\n<p><strong>How To Use: <\/strong>Apply to clean eye contour, gently massaging with the roll-on applicator and then with the fingers until fully absorbed.<\/p>\n","protected":false},"featured_media":12470,"template":"","meta":{"jetpack_publicize_message":"","jetpack_publicize_feature_enabled":true,"jetpack_social_post_already_shared":false,"jetpack_social_options":{"image_generator_settings":{"template":"highway","default_image_id":0,"font":"","enabled":false},"version":2}},"product_brand":[],"product_cat":[340],"product_tag":[],"class_list":{"0":"post-12447","1":"product","2":"type-product","3":"status-publish","4":"has-post-thumbnail","6":"product_cat-kiko-milano","8":"first","9":"outofstock","10":"sale","11":"shipping-taxable","12":"purchasable","13":"product-type-simple"},"jetpack_publicize_connections":[],"jetpack_sharing_enabled":true,"jetpack_likes_enabled":true,"_links":{"self":[{"href":"https:\/\/superstore.ee\/index.php\/wp-json\/wp\/v2\/product\/12447","targetHints":{"allow":["GET"]}}],"collection":[{"href":"https:\/\/superstore.ee\/index.php\/wp-json\/wp\/v2\/product"}],"about":[{"href":"https:\/\/superstore.ee\/index.php\/wp-json\/wp\/v2\/types\/product"}],"wp:featuredmedia":[{"embeddable":true,"href":"https:\/\/superstore.ee\/index.php\/wp-json\/wp\/v2\/media\/12470"}],"wp:attachment":[{"href":"https:\/\/superstore.ee\/index.php\/wp-json\/wp\/v2\/media?parent=12447"}],"wp:term":[{"taxonomy":"product_brand","embeddable":true,"href":"https:\/\/superstore.ee\/index.php\/wp-json\/wp\/v2\/product_brand?post=12447"},{"taxonomy":"product_cat","embeddable":true,"href":"https:\/\/superstore.ee\/index.php\/wp-json\/wp\/v2\/product_cat?post=12447"},{"taxonomy":"product_tag","embeddable":true,"href":"https:\/\/superstore.ee\/index.php\/wp-json\/wp\/v2\/product_tag?post=12447"}],"curies":[{"name":"wp","href":"https:\/\/api.w.org\/{rel}","templated":true}]}}