{"id":12453,"date":"2023-10-05T20:45:04","date_gmt":"2023-10-05T18:45:04","guid":{"rendered":"https:\/\/superstore.ee\/?post_type=product&#038;p=12453"},"modified":"2024-12-10T21:38:19","modified_gmt":"2024-12-10T19:38:19","slug":"kiko-milano-silma-ja-kulmupliiats-charming-escape","status":"publish","type":"product","link":"https:\/\/superstore.ee\/index.php\/toode\/kiko-milano-silma-ja-kulmupliiats-charming-escape\/","title":{"rendered":"KIKO Milano Silma- ja kulmupliiats Charming Escape"},"content":{"rendered":"","protected":false},"excerpt":{"rendered":"<p>\ud83c\uddea\ud83c\uddea KIKO Milano Silma- ja kulmupliiats Charming Escape<\/p>\n<ul>\n<li>Uus mitmeotstarbeline valem sisaldab kahte toodet \u00fches ainulaadsete ja veatute jumestustulemuste saavutamiseks;<\/li>\n<li>Ideaalne, et t\u00e4iuslikult m\u00e4\u00e4ratleda ja \u00fcmber kujundada kulmud, samal ajal r\u00f5hutades pilku ja silmi;<\/li>\n<li>Must silmapliiats on peene ja v\u00e4ljat\u00f5mmatava otsaga, tagades erakordselt t\u00e4psed jooned;<\/li>\n<li>Kulmupliiats on automaatne ja sellel on v\u00e4ljat\u00f5mmatav ots, tagades optimaalse v\u00e4rvivabanemise ja t\u00e4iusliku libisemise kulmudele.<\/li>\n<\/ul>\n<p>Selle intensiivsus on reguleeritav, v\u00f5imaldades vastavalt pliiatsi nurgale luua erinevaid jumestusi:<\/p>\n<ul>\n<li><strong>n\u00e4pun\u00e4ide:<\/strong> peene ja t\u00e4pse joone jaoks;<\/li>\n<li><strong>tasane:<\/strong> pehme ja kerge joone jaoks;<\/li>\n<li><strong>nurga all:<\/strong> paksema ja intensiivsema joone jaoks.<\/li>\n<\/ul>\n<p><strong>Kasutamine:<\/strong><\/p>\n<ol>\n<li>Valige oma nahav\u00e4rvile sobiv varjund.<\/li>\n<li>Kui olete varjundi valinud, t\u00f6\u00f6tage v\u00e4ikeste l\u00f6\u00f6kidega, j\u00e4rgides kulmude loomulikku kuju, alustades algusest ja t\u00e4ites \u00f5hemad kohad.<\/li>\n<li>Kandke must silmapliiats silma sise- ja v\u00e4limisele servale, et pilku kaunilt r\u00f5hutada.<\/li>\n<\/ol>\n<p>\ud83c\uddf7\ud83c\uddfa KIKO Milano \u041f\u043e\u0434\u0432\u043e\u0434\u043a\u0430 \u0434\u043b\u044f \u0433\u043b\u0430\u0437 \u0438 \u0431\u0440\u043e\u0432\u0435\u0439 Charming Escape<\/p>\n<ul>\n<li>\u041d\u043e\u0432\u0430\u044f \u043c\u043d\u043e\u0433\u043e\u0444\u0443\u043d\u043a\u0446\u0438\u043e\u043d\u0430\u043b\u044c\u043d\u0430\u044f \u0444\u043e\u0440\u043c\u0443\u043b\u0430 \u0441\u043e\u0434\u0435\u0440\u0436\u0438\u0442 \u0434\u0432\u0430 \u043f\u0440\u043e\u0434\u0443\u043a\u0442\u0430 \u0432 \u043e\u0434\u043d\u043e\u043c \u0434\u043b\u044f \u0443\u043d\u0438\u043a\u0430\u043b\u044c\u043d\u044b\u0445 \u0438 \u0431\u0435\u0437\u0443\u043f\u0440\u0435\u0447\u043d\u044b\u0445 \u0440\u0435\u0437\u0443\u043b\u044c\u0442\u0430\u0442\u043e\u0432 \u043c\u0430\u043a\u0438\u044f\u0436\u0430;<\/li>\n<li>\u0418\u0434\u0435\u0430\u043b\u044c\u043d\u043e \u043f\u043e\u0434\u0445\u043e\u0434\u0438\u0442 \u0434\u043b\u044f \u0431\u0435\u0437\u0443\u043f\u0440\u0435\u0447\u043d\u043e\u0433\u043e \u043a\u043e\u043d\u0442\u0443\u0440\u0438\u0440\u043e\u0432\u0430\u043d\u0438\u044f \u0438 \u043f\u0435\u0440\u0435\u0440\u0438\u0441\u043e\u0432\u043a\u0438 \u0431\u0440\u043e\u0432\u0435\u0439, \u0443\u0441\u0438\u043b\u0435\u043d\u0438\u044f \u0432\u0437\u0433\u043b\u044f\u0434\u0430 \u0438 \u043f\u043e\u0434\u0447\u0435\u0440\u043a\u0438\u0432\u0430\u043d\u0438\u044f \u0433\u043b\u0430\u0437;<\/li>\n<li>\u0427\u0435\u0440\u043d\u044b\u0439 \u043a\u0430\u0440\u0430\u043d\u0434\u0430\u0448 \u0434\u043b\u044f \u0433\u043b\u0430\u0437 \u0438\u043c\u0435\u0435\u0442 \u0442\u043e\u043d\u043a\u0438\u0439 \u043c\u0435\u0445\u0430\u043d\u0438\u0437\u043c \u0441 \u0432\u044b\u0434\u0432\u0438\u0436\u043d\u044b\u043c \u043a\u043e\u043d\u0447\u0438\u043a\u043e\u043c, \u043e\u0431\u0435\u0441\u043f\u0435\u0447\u0438\u0432\u0430\u044f \u043a\u0440\u0430\u0439\u043d\u0435 \u0442\u043e\u0447\u043d\u044b\u0435 \u043b\u0438\u043d\u0438\u0438;<\/li>\n<li>\u041a\u0430\u0440\u0430\u043d\u0434\u0430\u0448 \u0434\u043b\u044f \u0431\u0440\u043e\u0432\u0435\u0439 \u044f\u0432\u043b\u044f\u0435\u0442\u0441\u044f \u0430\u0432\u0442\u043e\u043c\u0430\u0442\u0438\u0447\u0435\u0441\u043a\u0438\u043c \u0438 \u0438\u043c\u0435\u0435\u0442 \u0432\u044b\u0434\u0432\u0438\u0436\u043d\u043e\u0439 \u043a\u043e\u043d\u0447\u0438\u043a, \u043e\u0431\u0435\u0441\u043f\u0435\u0447\u0438\u0432\u0430\u044e\u0449\u0438\u0439 \u043e\u043f\u0442\u0438\u043c\u0430\u043b\u044c\u043d\u043e\u0435 \u0440\u0430\u0441\u043f\u0440\u0435\u0434\u0435\u043b\u0435\u043d\u0438\u0435 \u0446\u0432\u0435\u0442\u0430 \u0438 \u0438\u0434\u0435\u0430\u043b\u044c\u043d\u043e\u0435 \u043d\u0430\u043d\u0435\u0441\u0435\u043d\u0438\u0435 \u043d\u0430 \u0431\u0440\u043e\u0432\u0438.<\/li>\n<\/ul>\n<p>\u041c\u043e\u0436\u043d\u043e \u0440\u0435\u0433\u0443\u043b\u0438\u0440\u043e\u0432\u0430\u0442\u044c \u0438\u043d\u0442\u0435\u043d\u0441\u0438\u0432\u043d\u043e\u0441\u0442\u044c, \u043f\u043e\u0437\u0432\u043e\u043b\u044f\u044f \u0441\u043e\u0437\u0434\u0430\u0432\u0430\u0442\u044c \u0440\u0430\u0437\u043b\u0438\u0447\u043d\u044b\u0435 \u0432\u0430\u0440\u0438\u0430\u043d\u0442\u044b \u043c\u0430\u043a\u0438\u044f\u0436\u0430 \u0432 \u0437\u0430\u0432\u0438\u0441\u0438\u043c\u043e\u0441\u0442\u0438 \u043e\u0442 \u0443\u0433\u043b\u0430 \u043d\u0430\u043a\u043b\u043e\u043d\u0430 \u043a\u0430\u0440\u0430\u043d\u0434\u0430\u0448\u0430:<\/p>\n<ul>\n<li><strong>\u043a\u043e\u043d\u0447\u0438\u043a:<\/strong> \u0434\u043b\u044f \u0442\u043e\u043d\u043a\u043e\u0439 \u0438 \u0442\u043e\u0447\u043d\u043e\u0439 \u043b\u0438\u043d\u0438\u0438;<\/li>\n<li><strong>\u043f\u043b\u043e\u0441\u043a\u0430\u044f \u0441\u0442\u043e\u0440\u043e\u043d\u0430:<\/strong> \u0434\u043b\u044f \u043c\u044f\u0433\u043a\u043e\u0439 \u0438 \u043b\u0435\u0433\u043a\u043e\u0439 \u043b\u0438\u043d\u0438\u0438;<\/li>\n<li><strong>\u043d\u0430\u043a\u043b\u043e\u043d\u043d\u0430\u044f \u0441\u0442\u043e\u0440\u043e\u043d\u0430:<\/strong> \u0434\u043b\u044f \u0431\u043e\u043b\u0435\u0435 \u043f\u043b\u043e\u0442\u043d\u043e\u0439 \u0438 \u0438\u043d\u0442\u0435\u043d\u0441\u0438\u0432\u043d\u043e\u0439 \u043b\u0438\u043d\u0438\u0438.<\/li>\n<\/ul>\n<p><strong>\u041a\u0430\u043a \u0438\u0441\u043f\u043e\u043b\u044c\u0437\u043e\u0432\u0430\u0442\u044c:<\/strong><\/p>\n<ol>\n<li>\u0412\u044b\u0431\u0435\u0440\u0438\u0442\u0435 \u043e\u0442\u0442\u0435\u043d\u043e\u043a, \u043a\u043e\u0442\u043e\u0440\u044b\u0439 \u043f\u043e\u0434\u0445\u043e\u0434\u0438\u0442 \u0432\u0430\u0448\u0435\u043c\u0443 \u0446\u0432\u0435\u0442\u0443 \u043a\u043e\u0436\u0438.<\/li>\n<li>\u041f\u043e\u0441\u043b\u0435 \u0432\u044b\u0431\u043e\u0440\u0430 \u043e\u0442\u0442\u0435\u043d\u043a\u0430 \u0440\u0430\u0431\u043e\u0442\u0430\u0439\u0442\u0435 \u043c\u0430\u043b\u0435\u043d\u044c\u043a\u0438\u043c\u0438 \u043c\u0430\u0437\u043a\u0430\u043c\u0438, \u0441\u043b\u0435\u0434\u0443\u044f \u0435\u0441\u0442\u0435\u0441\u0442\u0432\u0435\u043d\u043d\u043e\u0439 \u0444\u043e\u0440\u043c\u0435 \u0431\u0440\u043e\u0432\u0435\u0439, \u043d\u0430\u0447\u0438\u043d\u0430\u044f \u0441 \u043d\u0430\u0447\u0430\u043b\u0430 \u0438 \u0437\u0430\u043f\u043e\u043b\u043d\u044f\u044f \u0431\u043e\u043b\u0435\u0435 \u0442\u043e\u043d\u043a\u0438\u0435 \u0443\u0447\u0430\u0441\u0442\u043a\u0438.<\/li>\n<li>\u041d\u0430\u043d\u0435\u0441\u0438\u0442\u0435 \u0447\u0435\u0440\u043d\u044b\u0439 \u043a\u0430\u0440\u0430\u043d\u0434\u0430\u0448 \u0434\u043b\u044f \u0433\u043b\u0430\u0437 \u043d\u0430 \u0432\u043d\u0443\u0442\u0440\u0435\u043d\u043d\u044e\u044e \u0438 \u0432\u043d\u0435\u0448\u043d\u044e\u044e \u043e\u0431\u0432\u043e\u0434\u043a\u0443 \u0433\u043b\u0430\u0437\u0430, \u0447\u0442\u043e\u0431\u044b \u043a\u0440\u0430\u0441\u0438\u0432\u043e \u043f\u043e\u0434\u0447\u0435\u0440\u043a\u043d\u0443\u0442\u044c \u0432\u0437\u0433\u043b\u044f\u0434.<\/li>\n<\/ol>\n<p>\ud83c\uddfa\ud83c\uddf8 KIKO Milano Charming Escape Eye &amp; Brow Liner<\/p>\n<ul>\n<li>The new multi-use formula contains two products in one for unique and flawless make-up results;<\/li>\n<li>Ideal for flawlessly defining and reshaping the eyebrows, while intensifying the gaze and enhancing the eyes;<\/li>\n<li>The black eye pencil has a fine, retractable tip, ensuring extremely precise lines;<\/li>\n<li>The eyebrow pencil is automatic and has a retractable tip, creating optimal colour release while perfectly gliding onto the eyebrows;<\/li>\n<\/ul>\n<p>It\u2019s buildable in intensity, allowing you to create different make-up looks according to the angle of the pencil:<\/p>\n<ul>\n<li><strong>tip:<\/strong> for a fine and precise line;<\/li>\n<li><strong>flat:<\/strong> for a soft and light line;<\/li>\n<li><strong>angled:<\/strong> for a thicker, more intense line.<\/li>\n<\/ul>\n<p><strong>How To Use:<\/strong><\/p>\n<p>1. Choose the shade best suited to your colouring.<\/p>\n<p>2. Once you have selected the shade, work with small strokes, following the natural shape of the eyebrows, starting from the beginning and filling in any thinner patches.<\/p>\n<p>3. Apply the black eye pencil to the inner and outer rim of the eye to beautifully enhance the gaze.<\/p>\n","protected":false},"featured_media":13224,"template":"","meta":{"jetpack_publicize_message":"","jetpack_publicize_feature_enabled":true,"jetpack_social_post_already_shared":false,"jetpack_social_options":{"image_generator_settings":{"template":"highway","default_image_id":0,"font":"","enabled":false},"version":2}},"product_brand":[],"product_cat":[340,631],"product_tag":[],"class_list":{"0":"post-12453","1":"product","2":"type-product","3":"status-publish","4":"has-post-thumbnail","6":"product_cat-kiko-milano","7":"product_cat-sale","8":"pa_varv-01-blonde","9":"pa_varv-03-medium-brown","10":"pa_varv-04-granite","12":"first","13":"outofstock","14":"sale","15":"shipping-taxable","16":"product-type-variable"},"jetpack_publicize_connections":[],"jetpack_sharing_enabled":true,"jetpack_likes_enabled":true,"_links":{"self":[{"href":"https:\/\/superstore.ee\/index.php\/wp-json\/wp\/v2\/product\/12453","targetHints":{"allow":["GET"]}}],"collection":[{"href":"https:\/\/superstore.ee\/index.php\/wp-json\/wp\/v2\/product"}],"about":[{"href":"https:\/\/superstore.ee\/index.php\/wp-json\/wp\/v2\/types\/product"}],"wp:featuredmedia":[{"embeddable":true,"href":"https:\/\/superstore.ee\/index.php\/wp-json\/wp\/v2\/media\/13224"}],"wp:attachment":[{"href":"https:\/\/superstore.ee\/index.php\/wp-json\/wp\/v2\/media?parent=12453"}],"wp:term":[{"taxonomy":"product_brand","embeddable":true,"href":"https:\/\/superstore.ee\/index.php\/wp-json\/wp\/v2\/product_brand?post=12453"},{"taxonomy":"product_cat","embeddable":true,"href":"https:\/\/superstore.ee\/index.php\/wp-json\/wp\/v2\/product_cat?post=12453"},{"taxonomy":"product_tag","embeddable":true,"href":"https:\/\/superstore.ee\/index.php\/wp-json\/wp\/v2\/product_tag?post=12453"}],"curies":[{"name":"wp","href":"https:\/\/api.w.org\/{rel}","templated":true}]}}