{"id":12473,"date":"2023-10-06T20:42:04","date_gmt":"2023-10-06T18:42:04","guid":{"rendered":"https:\/\/superstore.ee\/?post_type=product&#038;p=12473"},"modified":"2024-08-01T18:38:11","modified_gmt":"2024-08-01T16:38:11","slug":"kreemjas-huulepulk-kiko-milano-green-me-creamy-lipstick","status":"publish","type":"product","link":"https:\/\/superstore.ee\/index.php\/toode\/kreemjas-huulepulk-kiko-milano-green-me-creamy-lipstick\/","title":{"rendered":"Kreemjas huulepulk KIKO Milano Green Me Creamy Lipstick"},"content":{"rendered":"","protected":false},"excerpt":{"rendered":"<p>\ud83c\uddea\ud83c\uddea Kreemjas huulepulk KIKO Milano<\/p>\n<ul>\n<li>On tugevalt pigmenteeritud, et saavutada intensiivne, kuid loomulik tulemus;<\/li>\n<li>Selle kreemjas valem sisaldab oliivi\u00f5li ekstrakti ja v\u00e4rskendavat apelsini l\u00f5hna;<\/li>\n<li>Ideaalne, et anda oma huultele s\u00e4rav viimistlus ja s\u00e4delev naeratus;<\/li>\n<li>Vegan toode, mis sisaldab 89% koostisosi looduslikust p\u00e4ritolust saadud toorainest.<\/li>\n<\/ul>\n<p><strong>Kasutamine:<\/strong> Kandke huulepulk otse huultele, j\u00e4rgides nende kuju, alustades keskelt ja liikudes v\u00e4ljapoole nurkadesse.<br \/>\nT\u00e4psema tulemuse saamiseks m\u00e4\u00e4rige huulte kontuur huulepliiatsiga, mis on valitud huulepulga sama tooni.<\/p>\n<p>\ud83c\uddf7\ud83c\uddfa KIKO Milano \u041a\u0440\u0435\u043c\u043e\u0432\u0430\u044f \u043f\u043e\u043c\u0430\u0434\u0430<\/p>\n<ul>\n<li>\u041e\u0431\u043b\u0430\u0434\u0430\u0435\u0442 \u0432\u044b\u0441\u043e\u043a\u043e\u0439 \u043f\u0438\u0433\u043c\u0435\u043d\u0442\u0430\u0446\u0438\u0435\u0439 \u0434\u043b\u044f \u0438\u043d\u0442\u0435\u043d\u0441\u0438\u0432\u043d\u043e\u0433\u043e, \u043d\u043e \u0435\u0441\u0442\u0435\u0441\u0442\u0432\u0435\u043d\u043d\u043e\u0433\u043e \u0440\u0435\u0437\u0443\u043b\u044c\u0442\u0430\u0442\u0430;<\/li>\n<li>\u041a\u0440\u0435\u043c\u043e\u0432\u0430\u044f \u0444\u043e\u0440\u043c\u0443\u043b\u0430 \u0441\u043e\u0434\u0435\u0440\u0436\u0438\u0442 \u044d\u043a\u0441\u0442\u0440\u0430\u043a\u0442 \u043e\u043b\u0438\u0432\u043a\u043e\u0432\u043e\u0433\u043e \u043c\u0430\u0441\u043b\u0430 \u0438 \u043e\u0441\u0432\u0435\u0436\u0430\u044e\u0449\u0438\u0439 \u0430\u0440\u043e\u043c\u0430\u0442 \u0430\u043f\u0435\u043b\u044c\u0441\u0438\u043d\u0430;<\/li>\n<li>\u0418\u0434\u0435\u0430\u043b\u044c\u043d\u043e \u043f\u043e\u0434\u0445\u043e\u0434\u0438\u0442 \u0434\u043b\u044f \u043f\u0440\u0438\u0434\u0430\u043d\u0438\u044f \u0432\u0430\u0448\u0438\u043c \u0433\u0443\u0431\u0430\u043c \u0441\u0438\u044f\u044e\u0449\u0435\u0433\u043e \u043e\u0442\u0442\u0435\u043d\u043a\u0430 \u0438 \u044f\u0440\u043a\u043e\u0439 \u0443\u043b\u044b\u0431\u043a\u0438;<\/li>\n<li>\u0412\u0435\u0433\u0430\u043d\u0441\u043a\u0438\u0439 \u043f\u0440\u043e\u0434\u0443\u043a\u0442, \u0441\u043e\u0434\u0435\u0440\u0436\u0430\u0449\u0438\u0439 89% \u0438\u043d\u0433\u0440\u0435\u0434\u0438\u0435\u043d\u0442\u043e\u0432, \u043f\u043e\u043b\u0443\u0447\u0435\u043d\u043d\u044b\u0445 \u0438\u0437 \u0441\u044b\u0440\u044c\u044f \u043d\u0430\u0442\u0443\u0440\u0430\u043b\u044c\u043d\u043e\u0433\u043e \u043f\u0440\u043e\u0438\u0441\u0445\u043e\u0436\u0434\u0435\u043d\u0438\u044f.<\/li>\n<\/ul>\n<p><strong>\u041a\u0430\u043a \u0438\u0441\u043f\u043e\u043b\u044c\u0437\u043e\u0432\u0430\u0442\u044c:<\/strong> \u041d\u0430\u043d\u043e\u0441\u0438\u0442\u0435 \u043f\u043e\u043c\u0430\u0434\u0443 \u043d\u0435\u043f\u043e\u0441\u0440\u0435\u0434\u0441\u0442\u0432\u0435\u043d\u043d\u043e \u043d\u0430 \u0433\u0443\u0431\u044b, \u0441\u043b\u0435\u0434\u0443\u044f \u0438\u0445 \u0444\u043e\u0440\u043c\u0435, \u043d\u0430\u0447\u0438\u043d\u0430\u044f \u0441 \u0446\u0435\u043d\u0442\u0440\u0430 \u0438 \u0434\u0432\u0438\u0433\u0430\u044f\u0441\u044c \u043a \u0443\u0433\u043e\u043b\u043a\u0430\u043c. \u0414\u043b\u044f \u0431\u043e\u043b\u0435\u0435 \u0442\u043e\u0447\u043d\u043e\u0433\u043e \u0440\u0435\u0437\u0443\u043b\u044c\u0442\u0430\u0442\u0430 \u043c\u043e\u0436\u043d\u043e \u043e\u0431\u0432\u0435\u0441\u0442\u0438 \u043a\u043e\u043d\u0442\u0443\u0440 \u0433\u0443\u0431 \u043a\u0430\u0440\u0430\u043d\u0434\u0430\u0448\u043e\u043c \u0434\u043b\u044f \u0433\u0443\u0431 \u0442\u043e\u0433\u043e \u0436\u0435 \u043e\u0442\u0442\u0435\u043d\u043a\u0430, \u0447\u0442\u043e \u0438 \u0432\u044b\u0431\u0440\u0430\u043d\u043d\u0430\u044f \u043f\u043e\u043c\u0430\u0434\u0430.<\/p>\n<p>\ud83c\uddfa\ud83c\uddf8 KIKO Milano Green Me Creamy Lipstick<\/p>\n<ul>\n<li>It\u2019s highly pigmented for an intense but natural result;<\/li>\n<li>It\u2019s creamy formula contains olive oil extract and a refreshing orange fragrance;<\/li>\n<li>Ideal for giving your lips a radiant finish for a bright shining smile;<\/li>\n<li>Vegan product containing 89% of ingredients derived from raw materials of natural origin.<\/li>\n<\/ul>\n<p><strong>How To Use:<\/strong> Apply the lipstick directly onto your lips by following their shape, starting in the centre and working outwards to the corners.<br \/>\nFor a more precise result, define the lip contour with a lip pencil in the same shade as the chosen lipstick.<\/p>\n","protected":false},"featured_media":12486,"template":"","meta":{"jetpack_publicize_message":"","jetpack_publicize_feature_enabled":true,"jetpack_social_post_already_shared":false,"jetpack_social_options":{"image_generator_settings":{"template":"highway","default_image_id":0,"font":"","enabled":false},"version":2}},"product_brand":[],"product_cat":[340,631],"product_tag":[],"class_list":{"0":"post-12473","1":"product","2":"type-product","3":"status-publish","4":"has-post-thumbnail","6":"product_cat-kiko-milano","7":"product_cat-sale","8":"pa_varv-01-beige-sand","9":"pa_varv-02-sun-dried-apricot","10":"pa_varv-03-crimson-sunset","11":"pa_varv-04-mulberry-mauve","13":"first","14":"outofstock","15":"sale","16":"shipping-taxable","17":"product-type-variable"},"jetpack_publicize_connections":[],"jetpack_sharing_enabled":true,"jetpack_likes_enabled":true,"_links":{"self":[{"href":"https:\/\/superstore.ee\/index.php\/wp-json\/wp\/v2\/product\/12473","targetHints":{"allow":["GET"]}}],"collection":[{"href":"https:\/\/superstore.ee\/index.php\/wp-json\/wp\/v2\/product"}],"about":[{"href":"https:\/\/superstore.ee\/index.php\/wp-json\/wp\/v2\/types\/product"}],"wp:featuredmedia":[{"embeddable":true,"href":"https:\/\/superstore.ee\/index.php\/wp-json\/wp\/v2\/media\/12486"}],"wp:attachment":[{"href":"https:\/\/superstore.ee\/index.php\/wp-json\/wp\/v2\/media?parent=12473"}],"wp:term":[{"taxonomy":"product_brand","embeddable":true,"href":"https:\/\/superstore.ee\/index.php\/wp-json\/wp\/v2\/product_brand?post=12473"},{"taxonomy":"product_cat","embeddable":true,"href":"https:\/\/superstore.ee\/index.php\/wp-json\/wp\/v2\/product_cat?post=12473"},{"taxonomy":"product_tag","embeddable":true,"href":"https:\/\/superstore.ee\/index.php\/wp-json\/wp\/v2\/product_tag?post=12473"}],"curies":[{"name":"wp","href":"https:\/\/api.w.org\/{rel}","templated":true}]}}