{"id":126,"date":"2021-12-05T12:35:23","date_gmt":"2021-12-05T12:35:23","guid":{"rendered":"https:\/\/superstore.ee\/?post_type=product&#038;p=126"},"modified":"2021-12-29T10:21:10","modified_gmt":"2021-12-29T08:21:10","slug":"naiste-calvin-klein-dressipuksid-kodupuksid","status":"publish","type":"product","link":"https:\/\/superstore.ee\/index.php\/toode\/naiste-calvin-klein-dressipuksid-kodupuksid\/","title":{"rendered":"Naiste Calvin Klein dressip\u00fcksid (kodup\u00fcksid)"},"content":{"rendered":"","protected":false},"excerpt":{"rendered":"<p>Uued Calvin Klein originaalsed dressip\u00fcksid (kodup\u00fcksid)<\/p>\n<p>Suurus: M (sobib L suurusele ka)<\/p>\n<p>Materjal: 57% puuvill, 38% pol\u00fcester, 5% elastaan<\/p>\n<p>\u041d\u043e\u0432\u044b\u0435 \u043e\u0440\u0438\u0433\u0438\u043d\u0430\u043b\u044c\u043d\u044b\u0435 \u0448\u0442\u0430\u043d\u044b Calvin Klein (\u0434\u043e\u043c\u0430\u0448\u043d\u0438\u0435 \u0448\u0442\u0430\u043d\u044b)<\/p>\n<p>\u0420\u0430\u0437\u043c\u0435\u0440: M (\u043f\u043e\u0434\u0445\u043e\u0434\u044f\u0442 \u043d\u0430 L \u0440\u0430\u0437\u043c\u0435\u0440 \u0442\u043e\u0436\u0435)<\/p>\n<p>\u041c\u0430\u0442\u0435\u0440\u0438\u0430\u043b: 57% \u0445\u043b\u043e\u043f\u043e\u043a, 38% \u043f\u043e\u043b\u0438\u044d\u0441\u0442\u0435\u0440, 5% \u044d\u043b\u0430\u0441\u0442\u0430\u043d<\/p>\n","protected":false},"featured_media":127,"template":"","meta":{"jetpack_publicize_message":"","jetpack_publicize_feature_enabled":true,"jetpack_social_post_already_shared":false,"jetpack_social_options":{"image_generator_settings":{"template":"highway","default_image_id":0,"font":"","enabled":false},"version":2}},"product_brand":[],"product_cat":[15],"product_tag":[33,45,43],"class_list":{"0":"post-126","1":"product","2":"type-product","3":"status-publish","4":"has-post-thumbnail","6":"product_cat-maaramata","7":"product_tag-naised","8":"product_tag-puksid","9":"product_tag-riided","11":"first","12":"outofstock","13":"sale","14":"shipping-taxable","15":"purchasable","16":"product-type-simple"},"jetpack_publicize_connections":[],"jetpack_sharing_enabled":true,"jetpack_likes_enabled":true,"_links":{"self":[{"href":"https:\/\/superstore.ee\/index.php\/wp-json\/wp\/v2\/product\/126","targetHints":{"allow":["GET"]}}],"collection":[{"href":"https:\/\/superstore.ee\/index.php\/wp-json\/wp\/v2\/product"}],"about":[{"href":"https:\/\/superstore.ee\/index.php\/wp-json\/wp\/v2\/types\/product"}],"wp:featuredmedia":[{"embeddable":true,"href":"https:\/\/superstore.ee\/index.php\/wp-json\/wp\/v2\/media\/127"}],"wp:attachment":[{"href":"https:\/\/superstore.ee\/index.php\/wp-json\/wp\/v2\/media?parent=126"}],"wp:term":[{"taxonomy":"product_brand","embeddable":true,"href":"https:\/\/superstore.ee\/index.php\/wp-json\/wp\/v2\/product_brand?post=126"},{"taxonomy":"product_cat","embeddable":true,"href":"https:\/\/superstore.ee\/index.php\/wp-json\/wp\/v2\/product_cat?post=126"},{"taxonomy":"product_tag","embeddable":true,"href":"https:\/\/superstore.ee\/index.php\/wp-json\/wp\/v2\/product_tag?post=126"}],"curies":[{"name":"wp","href":"https:\/\/api.w.org\/{rel}","templated":true}]}}