{"id":12628,"date":"2023-10-13T22:28:36","date_gmt":"2023-10-13T20:28:36","guid":{"rendered":"https:\/\/superstore.ee\/?post_type=product&#038;p=12628"},"modified":"2024-06-08T06:59:21","modified_gmt":"2024-06-08T04:59:21","slug":"2-in-1-silma-ja-naohari-kiko-milano","status":"publish","type":"product","link":"https:\/\/superstore.ee\/index.php\/toode\/2-in-1-silma-ja-naohari-kiko-milano\/","title":{"rendered":"2-In-1 Silma- ja N\u00e4ohari KIKO Milano"},"content":{"rendered":"","protected":false},"excerpt":{"rendered":"<p>\ud83c\uddea\ud83c\uddea KIKO Milano Blue Me 2-In-1 Silma- ja N\u00e4ohari<\/p>\n<ul>\n<li>Ideaalne lauv\u00e4rvide ja n\u00e4opuudrite pealekandmiseks ja segamiseks \u00fche tootega;<\/li>\n<li>N\u00e4ole sobiv nurga all olev ots v\u00f5imaldab korjata \u00f5ige koguse puudrit ja t\u00e4iuslikult hajutada;<\/li>\n<li>Silmadele m\u00f5eldud lame ots v\u00f5imaldab puudri ja lauv\u00e4rvi t\u00e4iuslikku pealekandmist ja segamist;<\/li>\n<li>Kiud on nahal siledad ja \u00fclipehmed;<\/li>\n<\/ul>\n<p>\ud83c\uddf7\ud83c\uddfa KIKO Milano Blue Me 2-\u0432-1 \u041a\u0438\u0441\u0442\u044c \u0434\u043b\u044f \u043b\u0438\u0446\u0430 \u0438 \u0433\u043b\u0430\u0437<\/p>\n<ul>\n<li>\u0418\u0434\u0435\u0430\u043b\u044c\u043d\u043e \u043f\u043e\u0434\u0445\u043e\u0434\u0438\u0442 \u0434\u043b\u044f \u043d\u0430\u043d\u0435\u0441\u0435\u043d\u0438\u044f \u0438 \u0440\u0430\u0441\u0442\u0443\u0448\u0435\u0432\u044b\u0432\u0430\u043d\u0438\u044f \u0442\u0435\u043d\u0435\u0439 \u0434\u043b\u044f \u0432\u0435\u043a \u0438 \u043f\u0443\u0434\u0440\u044b \u0434\u043b\u044f \u043b\u0438\u0446\u0430 \u0441 \u043f\u043e\u043c\u043e\u0449\u044c\u044e \u043e\u0434\u043d\u043e\u0433\u043e \u0438\u043d\u0441\u0442\u0440\u0443\u043c\u0435\u043d\u0442\u0430;<\/li>\n<li>\u0417\u0430\u043e\u0441\u0442\u0440\u0435\u043d\u043d\u044b\u0439 \u043a\u043e\u043d\u0447\u0438\u043a, \u043f\u043e\u0434\u0445\u043e\u0434\u044f\u0449\u0438\u0439 \u0434\u043b\u044f \u043b\u0438\u0446\u0430, \u043f\u043e\u0437\u0432\u043e\u043b\u044f\u0435\u0442 \u0432\u0437\u044f\u0442\u044c \u043d\u0443\u0436\u043d\u043e\u0435 \u043a\u043e\u043b\u0438\u0447\u0435\u0441\u0442\u0432\u043e \u043f\u0443\u0434\u0440\u044b \u0438 \u0440\u0430\u0432\u043d\u043e\u043c\u0435\u0440\u043d\u043e \u0440\u0430\u0441\u043f\u0440\u0435\u0434\u0435\u043b\u0438\u0442\u044c \u0435\u0451;<\/li>\n<li>\u041f\u043b\u043e\u0441\u043a\u0438\u0439 \u043a\u043e\u043d\u0447\u0438\u043a, \u0441\u043f\u0435\u0446\u0438\u0430\u043b\u044c\u043d\u043e \u043f\u0440\u0435\u0434\u043d\u0430\u0437\u043d\u0430\u0447\u0435\u043d\u043d\u044b\u0439 \u0434\u043b\u044f \u0433\u043b\u0430\u0437, \u043e\u0431\u0435\u0441\u043f\u0435\u0447\u0438\u0432\u0430\u0435\u0442 \u0438\u0434\u0435\u0430\u043b\u044c\u043d\u043e\u0435 \u043d\u0430\u043d\u0435\u0441\u0435\u043d\u0438\u0435 \u0438 \u0440\u0430\u0441\u0442\u0443\u0448\u0435\u0432\u044b\u0432\u0430\u043d\u0438\u0435 \u043f\u0443\u0434\u0440\u044b \u0438 \u0442\u0435\u043d\u0435\u0439;<\/li>\n<li>\u0412\u043e\u043b\u043e\u043a\u043d\u0430 \u0433\u043b\u0430\u0434\u043a\u0438\u0435 \u0438 \u043e\u0447\u0435\u043d\u044c \u043c\u044f\u0433\u043a\u0438\u0435 \u043d\u0430 \u043a\u043e\u0436\u0435;<\/li>\n<\/ul>\n<p>\ud83c\uddfa\ud83c\uddf8 KIKO Milano Blue Me 2-In-1 Eyes &amp; Face Brush<\/p>\n<ul>\n<li>Ideal for applying and blending eye shadows and face powders with a single product;<\/li>\n<li>The angled tip, suitable for the face, allows the right amount of powder to be picked up and spread to perfection;<\/li>\n<li>The flat tip, specific for eyes, allows the perfect application and blending of powder and cream eye shadows;<\/li>\n<li>The fibres are smooth and super soft on the skin;<\/li>\n<\/ul>\n","protected":false},"featured_media":12633,"template":"","meta":{"jetpack_publicize_message":"","jetpack_publicize_feature_enabled":true,"jetpack_social_post_already_shared":false,"jetpack_social_options":{"image_generator_settings":{"template":"highway","default_image_id":0,"font":"","enabled":false},"version":2}},"product_brand":[],"product_cat":[340,631],"product_tag":[],"class_list":{"0":"post-12628","1":"product","2":"type-product","3":"status-publish","4":"has-post-thumbnail","6":"product_cat-kiko-milano","7":"product_cat-sale","9":"first","10":"outofstock","11":"sale","12":"shipping-taxable","13":"purchasable","14":"product-type-simple"},"jetpack_publicize_connections":[],"jetpack_sharing_enabled":true,"jetpack_likes_enabled":true,"_links":{"self":[{"href":"https:\/\/superstore.ee\/index.php\/wp-json\/wp\/v2\/product\/12628","targetHints":{"allow":["GET"]}}],"collection":[{"href":"https:\/\/superstore.ee\/index.php\/wp-json\/wp\/v2\/product"}],"about":[{"href":"https:\/\/superstore.ee\/index.php\/wp-json\/wp\/v2\/types\/product"}],"wp:featuredmedia":[{"embeddable":true,"href":"https:\/\/superstore.ee\/index.php\/wp-json\/wp\/v2\/media\/12633"}],"wp:attachment":[{"href":"https:\/\/superstore.ee\/index.php\/wp-json\/wp\/v2\/media?parent=12628"}],"wp:term":[{"taxonomy":"product_brand","embeddable":true,"href":"https:\/\/superstore.ee\/index.php\/wp-json\/wp\/v2\/product_brand?post=12628"},{"taxonomy":"product_cat","embeddable":true,"href":"https:\/\/superstore.ee\/index.php\/wp-json\/wp\/v2\/product_cat?post=12628"},{"taxonomy":"product_tag","embeddable":true,"href":"https:\/\/superstore.ee\/index.php\/wp-json\/wp\/v2\/product_tag?post=12628"}],"curies":[{"name":"wp","href":"https:\/\/api.w.org\/{rel}","templated":true}]}}