{"id":12991,"date":"2023-10-20T20:01:47","date_gmt":"2023-10-20T18:01:47","guid":{"rendered":"https:\/\/superstore.ee\/?post_type=product&#038;p=12991"},"modified":"2024-11-07T21:28:30","modified_gmt":"2024-11-07T18:28:30","slug":"kulmude-tuss-kiko-milano-green-me-eyebrow-mascara","status":"publish","type":"product","link":"https:\/\/superstore.ee\/index.php\/toode\/kulmude-tuss-kiko-milano-green-me-eyebrow-mascara\/","title":{"rendered":"Kulmude tu\u0161\u0161 KIKO Milano Green Me Eyebrow Mascara"},"content":{"rendered":"","protected":false},"excerpt":{"rendered":"<div class=\"ProductDetails__Sub hidden-md\">\n<p>\ud83c\uddea\ud83c\uddea Kulmude tu\u0161\u0161 KIKO Milano<\/p>\n<ul>\n<li>Kerge vedel geeltekstuur lisab kulmudele vol\u00fc\u00fcmi, andes neile loomuliku ja \u00f5rna viimistluse;<\/li>\n<li>Kuivab kiiresti, kulme kuivatamata.<\/li>\n<\/ul>\n<p>\ud83c\uddf7\ud83c\uddfa \u0422\u0443\u0448\u044c \u0434\u043b\u044f \u0431\u0440\u043e\u0432\u0435\u0439 KIKO Milano<\/p>\n<ul>\n<li>\u041b\u0435\u0433\u043a\u0430\u044f \u0436\u0438\u0434\u043a\u0430\u044f \u0433\u0435\u043b\u0435\u0432\u0430\u044f \u0442\u0435\u043a\u0441\u0442\u0443\u0440\u0430 \u0434\u043e\u0431\u0430\u0432\u043b\u044f\u0435\u0442 \u0431\u0440\u043e\u0432\u044f\u043c \u043e\u0431\u044a\u0435\u043c \u0441 \u0435\u0441\u0442\u0435\u0441\u0442\u0432\u0435\u043d\u043d\u044b\u043c, \u043d\u0435\u0436\u043d\u044b\u043c \u043e\u0442\u0442\u0435\u043d\u043a\u043e\u043c;<\/li>\n<li>\u0411\u044b\u0441\u0442\u0440\u043e \u0432\u044b\u0441\u044b\u0445\u0430\u0435\u0442, \u043d\u0435 \u043f\u0435\u0440\u0435\u0441\u0443\u0448\u0438\u0432\u0430\u044f \u0431\u0440\u043e\u0432\u0438.<\/li>\n<\/ul>\n<p>\ud83c\uddfa\ud83c\uddf8 KIKO Milano Green Me Eyebrow Mascara<\/p>\n<ul>\n<li>A lightweight fluid gel texture adds volume to the eyebrows, with a natural, subtle finish;<\/li>\n<li>It dries quickly without drying out the eyebrows.<\/li>\n<\/ul>\n<\/div>\n","protected":false},"featured_media":13084,"template":"","meta":{"jetpack_publicize_message":"","jetpack_publicize_feature_enabled":true,"jetpack_social_post_already_shared":false,"jetpack_social_options":{"image_generator_settings":{"template":"highway","default_image_id":0,"font":"","enabled":false},"version":2}},"product_brand":[],"product_cat":[340,631],"product_tag":[],"class_list":{"0":"post-12991","1":"product","2":"type-product","3":"status-publish","4":"has-post-thumbnail","6":"product_cat-kiko-milano","7":"product_cat-sale","8":"pa_varv-01-blonde","9":"pa_varv-02-chestnut","11":"first","12":"outofstock","13":"shipping-taxable","14":"product-type-variable"},"jetpack_publicize_connections":[],"jetpack_sharing_enabled":true,"jetpack_likes_enabled":true,"_links":{"self":[{"href":"https:\/\/superstore.ee\/index.php\/wp-json\/wp\/v2\/product\/12991","targetHints":{"allow":["GET"]}}],"collection":[{"href":"https:\/\/superstore.ee\/index.php\/wp-json\/wp\/v2\/product"}],"about":[{"href":"https:\/\/superstore.ee\/index.php\/wp-json\/wp\/v2\/types\/product"}],"wp:featuredmedia":[{"embeddable":true,"href":"https:\/\/superstore.ee\/index.php\/wp-json\/wp\/v2\/media\/13084"}],"wp:attachment":[{"href":"https:\/\/superstore.ee\/index.php\/wp-json\/wp\/v2\/media?parent=12991"}],"wp:term":[{"taxonomy":"product_brand","embeddable":true,"href":"https:\/\/superstore.ee\/index.php\/wp-json\/wp\/v2\/product_brand?post=12991"},{"taxonomy":"product_cat","embeddable":true,"href":"https:\/\/superstore.ee\/index.php\/wp-json\/wp\/v2\/product_cat?post=12991"},{"taxonomy":"product_tag","embeddable":true,"href":"https:\/\/superstore.ee\/index.php\/wp-json\/wp\/v2\/product_tag?post=12991"}],"curies":[{"name":"wp","href":"https:\/\/api.w.org\/{rel}","templated":true}]}}