{"id":13002,"date":"2023-10-22T18:23:01","date_gmt":"2023-10-22T16:23:01","guid":{"rendered":"https:\/\/superstore.ee\/?post_type=product&#038;p=13002"},"modified":"2024-12-12T18:31:01","modified_gmt":"2024-12-12T16:31:01","slug":"lauvarv-metallilise-efektiga-kiko-milano-eyeshadow-with-metallic-finish","status":"publish","type":"product","link":"https:\/\/superstore.ee\/index.php\/toode\/lauvarv-metallilise-efektiga-kiko-milano-eyeshadow-with-metallic-finish\/","title":{"rendered":"Lauv\u00e4rv metallilise efektiga KIKO Milano Eyeshadow with metallic finish"},"content":{"rendered":"","protected":false},"excerpt":{"rendered":"<p>\ud83c\uddea\ud83c\uddea Lauv\u00e4rv metallilise efektiga KIKO Milano<\/p>\n<ul>\n<li>On kerge silmalaugudel, seda on lihtne peale kanda ja hajutada;<\/li>\n<li>Sel on erakordselt hea v\u00e4rvivabanemine ja suurep\u00e4rane katvus;<\/li>\n<li>Ideaalsed v\u00f5rratult s\u00e4delevate ja magnetiliste v\u00e4limuste loomiseks.<\/li>\n<\/ul>\n<p>\ud83c\uddf7\ud83c\uddfa KIKO Milano \u043c\u0435\u0442\u0430\u043b\u043b\u0438\u0447\u0435\u0441\u043a\u0438\u0435 \u0442\u0435\u043d\u0438 \u0434\u043b\u044f \u0432\u0435\u043a<\/p>\n<ul>\n<li>\u041b\u0435\u0433\u043a\u043e \u043b\u043e\u0436\u0430\u0442\u0441\u044f \u043d\u0430 \u0432\u0435\u043a\u0438, \u043f\u0440\u043e\u0441\u0442\u044b \u0432 \u043d\u0430\u043d\u0435\u0441\u0435\u043d\u0438\u0438 \u0438 \u0440\u0430\u0441\u0442\u0443\u0448\u0435\u0432\u044b\u0432\u0430\u043d\u0438\u0438;<\/li>\n<li>\u041e\u043d\u0438 \u0432\u043e\u0441\u0445\u0438\u0442\u0438\u0442\u0435\u043b\u044c\u043d\u043e \u0440\u0430\u0441\u043a\u0440\u044b\u0432\u0430\u044e\u0442 \u0446\u0432\u0435\u0442 \u0438 \u043e\u0431\u0435\u0441\u043f\u0435\u0447\u0438\u0432\u0430\u044e\u0442 \u043e\u0442\u043b\u0438\u0447\u043d\u043e\u0435 \u043f\u043e\u043a\u0440\u044b\u0442\u0438\u0435;<\/li>\n<li>\n<div class=\"flex flex-grow flex-col gap-3 max-w-full\">\n<div class=\"min-h-[20px] flex flex-col items-start gap-3 whitespace-pre-wrap break-words overflow-x-auto\">\n<div class=\"markdown prose w-full break-words dark:prose-invert light\">\n<p>\u0418\u0434\u0435\u0430\u043b\u044c\u043d\u044b \u0434\u043b\u044f \u0441\u043e\u0437\u0434\u0430\u043d\u0438\u044f \u0441\u0438\u044f\u044e\u0449\u0438\u0445 \u0438 \u043c\u0430\u0433\u043d\u0435\u0442\u0438\u0447\u0435\u0441\u043a\u0438\u0445 \u043e\u0431\u0440\u0430\u0437\u043e\u0432.<\/p>\n<\/div>\n<\/div>\n<\/div>\n<\/li>\n<\/ul>\n<p>\ud83c\uddfa\ud83c\uddf8 KIKO Milano A Holiday Fable Metal Fantasy Eyeshadow with a shimmering metallic finish<\/p>\n<ul>\n<li>It is light on the eyelids, is easy to apply and blend;<\/li>\n<li>It boasts exceptional colour release and outstanding coverage;<\/li>\n<li>Ideal for fabulously radiant and magnetic looks.<\/li>\n<\/ul>\n","protected":false},"featured_media":13055,"template":"","meta":{"jetpack_publicize_message":"","jetpack_publicize_feature_enabled":true,"jetpack_social_post_already_shared":false,"jetpack_social_options":{"image_generator_settings":{"template":"highway","default_image_id":0,"font":"","enabled":false},"version":2}},"product_brand":[],"product_cat":[340,631],"product_tag":[],"class_list":{"0":"post-13002","1":"product","2":"type-product","3":"status-publish","4":"has-post-thumbnail","6":"product_cat-kiko-milano","7":"product_cat-sale","8":"pa_varv-02-enchanting-gold","9":"pa_varv-03-blazing-bronze","10":"pa_varv-04-precious-purple","12":"first","13":"outofstock","14":"sale","15":"shipping-taxable","16":"product-type-variable"},"jetpack_publicize_connections":[],"jetpack_sharing_enabled":true,"jetpack_likes_enabled":true,"_links":{"self":[{"href":"https:\/\/superstore.ee\/index.php\/wp-json\/wp\/v2\/product\/13002","targetHints":{"allow":["GET"]}}],"collection":[{"href":"https:\/\/superstore.ee\/index.php\/wp-json\/wp\/v2\/product"}],"about":[{"href":"https:\/\/superstore.ee\/index.php\/wp-json\/wp\/v2\/types\/product"}],"wp:featuredmedia":[{"embeddable":true,"href":"https:\/\/superstore.ee\/index.php\/wp-json\/wp\/v2\/media\/13055"}],"wp:attachment":[{"href":"https:\/\/superstore.ee\/index.php\/wp-json\/wp\/v2\/media?parent=13002"}],"wp:term":[{"taxonomy":"product_brand","embeddable":true,"href":"https:\/\/superstore.ee\/index.php\/wp-json\/wp\/v2\/product_brand?post=13002"},{"taxonomy":"product_cat","embeddable":true,"href":"https:\/\/superstore.ee\/index.php\/wp-json\/wp\/v2\/product_cat?post=13002"},{"taxonomy":"product_tag","embeddable":true,"href":"https:\/\/superstore.ee\/index.php\/wp-json\/wp\/v2\/product_tag?post=13002"}],"curies":[{"name":"wp","href":"https:\/\/api.w.org\/{rel}","templated":true}]}}