{"id":13010,"date":"2023-10-23T16:26:42","date_gmt":"2023-10-23T14:26:42","guid":{"rendered":"https:\/\/superstore.ee\/?post_type=product&#038;p=13010"},"modified":"2025-03-04T21:03:27","modified_gmt":"2025-03-04T19:03:27","slug":"jumestuskreemi-duo-kiko-milano-energy-shake-hydra-duo-stick-foundation","status":"publish","type":"product","link":"https:\/\/superstore.ee\/index.php\/toode\/jumestuskreemi-duo-kiko-milano-energy-shake-hydra-duo-stick-foundation\/","title":{"rendered":"Jumestuskreemi duo KIKO Milano Energy Shake Hydra Duo Stick Foundation"},"content":{"rendered":"","protected":false},"excerpt":{"rendered":"<p>\ud83c\uddea\ud83c\uddea Loodusliku viimistlusega jumestuskreemi duopulk KIKO Milano<\/p>\n<ul>\n<li>See on kreemja jumestuskreemi ja hajutamispintsliga duopulk;<\/li>\n<li>Jumestuskreemi vegan-valem, mis on rikastatud energiat andvate ja pehmendavate omadustega kohviseemne\u00f5liga, annab nahale kohese ja kauakestva niisutuse;<\/li>\n<li>Selle suure katvusega \u00fclipeen tekstuur pakub \u00f5rna loomulikku viimistlust, mis sobib k\u00f5ikidele nahat\u00fc\u00fcpidele;<\/li>\n<li>Ideaalne naha toonuse \u00fchtlustamiseks, andes sellele loomuliku v\u00e4limuse ja varjates puudusi.<\/li>\n<\/ul>\n<p><strong>Kasutamine: <\/strong>Kandke otse n\u00e4ole ja hajutage p\u00f5hjalikult sisseehitatud pintsliga.<\/p>\n<p>\ud83c\uddf7\ud83c\uddfa KIKO Milano \u0422\u043e\u043d\u0430\u043b\u044c\u043d\u044b\u0439 \u043a\u0440\u0435\u043c Energy Shake Hydra Duo Stick<\/p>\n<ul>\n<li>\u042d\u0442\u043e \u043a\u0430\u0440\u0430\u043d\u0434\u0430\u0448 \u0441 \u043a\u0440\u0435\u043c\u043e\u0432\u043e\u0439 \u043e\u0441\u043d\u043e\u0432\u043e\u0439 \u0438 \u043a\u0438\u0441\u0442\u044c\u044e \u0434\u043b\u044f \u0440\u0430\u0441\u0442\u0443\u0448\u0435\u0432\u043a\u0438;<\/li>\n<li>\u0412\u0435\u0433\u0430\u043d\u0441\u043a\u0430\u044f \u0444\u043e\u0440\u043c\u0443\u043b\u0430 \u0442\u043e\u043d\u0430\u043b\u044c\u043d\u043e\u0439 \u043e\u0441\u043d\u043e\u0432\u044b, \u043e\u0431\u043e\u0433\u0430\u0449\u0435\u043d\u043d\u0430\u044f \u043c\u0430\u0441\u043b\u043e\u043c \u0441\u0435\u043c\u044f\u043d \u043a\u043e\u0444\u0435, \u043e\u0431\u043b\u0430\u0434\u0430\u044e\u0449\u0438\u043c \u0442\u043e\u043d\u0438\u0437\u0438\u0440\u0443\u044e\u0449\u0438\u043c\u0438 \u0438 \u0441\u043c\u044f\u0433\u0447\u0430\u044e\u0449\u0438\u043c\u0438 \u0441\u0432\u043e\u0439\u0441\u0442\u0432\u0430\u043c\u0438, \u043c\u0433\u043d\u043e\u0432\u0435\u043d\u043d\u043e \u0438 \u043d\u0430\u0434\u043e\u043b\u0433\u043e \u0443\u0432\u043b\u0430\u0436\u043d\u044f\u0435\u0442 \u043a\u043e\u0436\u0443;<\/li>\n<li>\u0423\u043b\u044c\u0442\u0440\u0430\u0442\u043e\u043d\u043a\u0430\u044f \u0442\u0435\u043a\u0441\u0442\u0443\u0440\u0430 \u0441 \u0432\u044b\u0441\u043e\u043a\u043e\u0439 \u0441\u0442\u0435\u043f\u0435\u043d\u044c\u044e \u043f\u043e\u043a\u0440\u044b\u0442\u0438\u044f \u043e\u0431\u0435\u0441\u043f\u0435\u0447\u0438\u0432\u0430\u0435\u0442 \u043d\u0435\u0436\u043d\u044b\u0439 \u0435\u0441\u0442\u0435\u0441\u0442\u0432\u0435\u043d\u043d\u044b\u0439 \u0432\u0438\u0434 \u0438 \u043f\u043e\u0434\u0445\u043e\u0434\u0438\u0442 \u0434\u043b\u044f \u0432\u0441\u0435\u0445 \u0442\u0438\u043f\u043e\u0432 \u043a\u043e\u0436\u0438;<\/li>\n<li>\u0418\u0434\u0435\u0430\u043b\u044c\u043d\u043e \u043f\u043e\u0434\u0445\u043e\u0434\u0438\u0442 \u0434\u043b\u044f \u0432\u044b\u0440\u0430\u0432\u043d\u0438\u0432\u0430\u043d\u0438\u044f \u0446\u0432\u0435\u0442\u0430 \u043b\u0438\u0446\u0430, \u043f\u0440\u0438\u0434\u0430\u0432\u0430\u044f \u0435\u043c\u0443 \u0438\u0437\u044b\u0441\u043a\u0430\u043d\u043d\u044b\u0439, \u0435\u0441\u0442\u0435\u0441\u0442\u0432\u0435\u043d\u043d\u044b\u0439 \u0432\u0438\u0434 \u0438 \u0441\u043a\u0440\u044b\u0432\u0430\u044f \u043d\u0435\u0434\u043e\u0441\u0442\u0430\u0442\u043a\u0438.<\/li>\n<\/ul>\n<p><strong>\u041a\u0430\u043a \u0438\u0441\u043f\u043e\u043b\u044c\u0437\u043e\u0432\u0430\u0442\u044c: <\/strong>\u041d\u0430\u043d\u0435\u0441\u0438\u0442\u0435 \u043d\u0430 \u043b\u0438\u0446\u043e \u0438 \u0442\u0449\u0430\u0442\u0435\u043b\u044c\u043d\u043e \u0440\u0430\u0441\u0442\u0443\u0448\u0443\u0439\u0442\u0435 \u0432\u0441\u0442\u0440\u043e\u0435\u043d\u043d\u043e\u0439 \u043a\u0438\u0441\u0442\u044c\u044e.<\/p>\n<p>\ud83c\uddfa\ud83c\uddf8 KIKO Milano Natural-finish foundation duo Energy Shake Hydra Duo Stick<\/p>\n<ul>\n<li>It\u2019s a duo stick with a creamy foundation and blending brush;<\/li>\n<li>The foundation&#8217;s vegan formula, enriched with coffee seed oil with energising and emollient properties, gives the skin immediate and long-lasting hydration;<\/li>\n<li>Its high-coverage ultra-fine texture offers a delicate natural finish, suitable for all skin types;<\/li>\n<li>Ideal for evening out the complexion, enhanced with a refined, natural finish, and camouflaging imperfections.<\/li>\n<\/ul>\n<p><strong>How To Use: <\/strong>Apply directly to the face and blend thoroughly with the built-in brush.<\/p>\n<div class=\"ProductInfo__Images\"><\/div>\n","protected":false},"featured_media":13061,"template":"","meta":{"jetpack_publicize_message":"","jetpack_publicize_feature_enabled":true,"jetpack_social_post_already_shared":false,"jetpack_social_options":{"image_generator_settings":{"template":"highway","default_image_id":0,"font":"","enabled":false},"version":2}},"product_brand":[],"product_cat":[340,631,912],"product_tag":[],"class_list":{"0":"post-13010","1":"product","2":"type-product","3":"status-publish","4":"has-post-thumbnail","6":"product_cat-kiko-milano","7":"product_cat-sale","8":"product_cat-nahahooldus","9":"pa_varv-03-honey","10":"pa_varv-04-almond","12":"first","13":"outofstock","14":"sale","15":"shipping-taxable","16":"product-type-variable"},"jetpack_publicize_connections":[],"jetpack_sharing_enabled":true,"jetpack_likes_enabled":true,"_links":{"self":[{"href":"https:\/\/superstore.ee\/index.php\/wp-json\/wp\/v2\/product\/13010","targetHints":{"allow":["GET"]}}],"collection":[{"href":"https:\/\/superstore.ee\/index.php\/wp-json\/wp\/v2\/product"}],"about":[{"href":"https:\/\/superstore.ee\/index.php\/wp-json\/wp\/v2\/types\/product"}],"wp:featuredmedia":[{"embeddable":true,"href":"https:\/\/superstore.ee\/index.php\/wp-json\/wp\/v2\/media\/13061"}],"wp:attachment":[{"href":"https:\/\/superstore.ee\/index.php\/wp-json\/wp\/v2\/media?parent=13010"}],"wp:term":[{"taxonomy":"product_brand","embeddable":true,"href":"https:\/\/superstore.ee\/index.php\/wp-json\/wp\/v2\/product_brand?post=13010"},{"taxonomy":"product_cat","embeddable":true,"href":"https:\/\/superstore.ee\/index.php\/wp-json\/wp\/v2\/product_cat?post=13010"},{"taxonomy":"product_tag","embeddable":true,"href":"https:\/\/superstore.ee\/index.php\/wp-json\/wp\/v2\/product_tag?post=13010"}],"curies":[{"name":"wp","href":"https:\/\/api.w.org\/{rel}","templated":true}]}}