{"id":13123,"date":"2023-10-27T21:57:01","date_gmt":"2023-10-27T19:57:01","guid":{"rendered":"https:\/\/superstore.ee\/?post_type=product&#038;p=13123"},"modified":"2025-04-12T17:32:36","modified_gmt":"2025-04-12T14:32:36","slug":"meigikomplekt-kiko-milano-green-me-make-up-set","status":"publish","type":"product","link":"https:\/\/superstore.ee\/index.php\/toode\/meigikomplekt-kiko-milano-green-me-make-up-set\/","title":{"rendered":"Meigikomplekt KIKO Milano Green Me Make Up Set"},"content":{"rendered":"","protected":false},"excerpt":{"rendered":"<div class=\"ProductDetails__Sub hidden-md\">\n<p>\ud83c\uddea\ud83c\uddea Meigikomplekt KIKO Milano<\/p>\n<p>Meigikomplekt, mis sisaldab silmapaletti, vol\u00fc\u00fcmi suurendavat ripsmetu\u0161\u0161i ja matti huulepulka. Ideaalne keerukate silmameikide loomiseks, ripsmete \u00fcmbritsemiseks ja t\u00e4iustamiseks ning huulte katmiseks sametise ja vastupandamatu looriga.<\/p>\n<p>Komplekt sisaldab:<\/p>\n<ul>\n<li>Lauv\u00e4rvipalett (1 t\u00fckk)<br \/>\nPalett, milles on 9 kompaktset mitme viimistlusega lauv\u00e4rvi: matt, p\u00e4rlmutter ja metallik. 93% koostisainetest on saadud looduslikku p\u00e4ritolu toorainest.<\/li>\n<li>Ripsmetu\u0161\u0161 (1 t\u00fckk)<br \/>\nVedela tekstuuriga vol\u00fc\u00fcmi suurendav ripsmetu\u0161\u0161, mis koos harja erilise kujuga eraldab ripsmed. Selle koostis, mis sisaldab 99% koostisosi loodusliku p\u00e4ritoluga toorainest, on rikastatud orgaanilise sheav\u00f5iga.<\/li>\n<li>Matt huulepulk (1 t\u00fckk)<br \/>\n\u00c4\u00e4rmiselt mugav mati huulepulk pehme ja suure katvusega tekstuuriga. Selle koostis \u2013 96% koostisainetest, mis on saadud looduslikust p\u00e4ritolust, \u2013 on rikastatud mandli- ja kastoor\u00f5liga.<\/li>\n<\/ul>\n<p>\ud83c\uddf7\ud83c\uddfa \u041d\u0430\u0431\u043e\u0440 \u0434\u043b\u044f \u043c\u0430\u043a\u0438\u044f\u0436\u0430 KIKO Milano<\/p>\n<p>\u041d\u0430\u0431\u043e\u0440 \u0434\u043b\u044f \u043c\u0430\u043a\u0438\u044f\u0436\u0430, \u0432\u043a\u043b\u044e\u0447\u0430\u044e\u0449\u0438\u0439 \u043f\u0430\u043b\u0435\u0442\u043a\u0443 \u0442\u0435\u043d\u0435\u0439, \u043e\u0431\u044a\u0435\u043c\u043d\u0443\u044e \u0442\u0443\u0448\u044c \u0434\u043b\u044f \u0440\u0435\u0441\u043d\u0438\u0446 \u0438 \u043c\u0430\u0442\u043e\u0432\u0443\u044e \u043f\u043e\u043c\u0430\u0434\u0443. \u0418\u0434\u0435\u0430\u043b\u044c\u043d\u043e \u043f\u043e\u0434\u0445\u043e\u0434\u0438\u0442 \u0434\u043b\u044f \u0441\u043e\u0437\u0434\u0430\u043d\u0438\u044f \u0443\u0442\u043e\u043d\u0447\u0435\u043d\u043d\u043e\u0433\u043e \u043c\u0430\u043a\u0438\u044f\u0436\u0430 \u0433\u043b\u0430\u0437, \u043e\u0431\u0432\u043e\u043b\u0430\u043a\u0438\u0432\u0430\u043d\u0438\u044f \u0438 \u043f\u043e\u0434\u0447\u0435\u0440\u043a\u0438\u0432\u0430\u043d\u0438\u044f \u0440\u0435\u0441\u043d\u0438\u0446, \u0430 \u0442\u0430\u043a\u0436\u0435 \u0434\u043b\u044f \u043f\u043e\u043a\u0440\u044b\u0442\u0438\u044f \u0433\u0443\u0431 \u0431\u0430\u0440\u0445\u0430\u0442\u0438\u0441\u0442\u043e\u0439 \u0438 \u043d\u0435\u043e\u0442\u0440\u0430\u0437\u0438\u043c\u043e\u0439 \u0432\u0443\u0430\u043b\u044c\u044e.<\/p>\n<p>\u0412 \u043a\u043e\u043c\u043f\u043b\u0435\u043a\u0442 \u0432\u0445\u043e\u0434\u044f\u0442:<\/p>\n<ul>\n<li>\u041f\u0430\u043b\u0435\u0442\u043a\u0430 \u0442\u0435\u043d\u0435\u0439 \u0434\u043b\u044f \u0433\u043b\u0430\u0437 (1 \u0448\u0442.)<br \/>\n\u041f\u0430\u043b\u0435\u0442\u043a\u0430 \u0441 9 \u043a\u043e\u043c\u043f\u0430\u043a\u0442\u043d\u044b\u043c\u0438 \u043f\u0443\u0434\u0440\u043e\u0432\u044b\u043c\u0438 \u0442\u0435\u043d\u044f\u043c\u0438 \u0440\u0430\u0437\u043b\u0438\u0447\u043d\u044b\u0445 \u043e\u0442\u0442\u0435\u043d\u043a\u043e\u0432: \u043c\u0430\u0442\u043e\u0432\u044b\u043c\u0438, \u043f\u0435\u0440\u043b\u0430\u043c\u0443\u0442\u0440\u043e\u0432\u044b\u043c\u0438 \u0438 \u043c\u0435\u0442\u0430\u043b\u043b\u0438\u0447\u0435\u0441\u043a\u0438\u043c\u0438; \u0441 \u043f\u043b\u0430\u0432\u043d\u043e\u0439 \u0442\u0435\u043a\u0441\u0442\u0443\u0440\u043e\u0439 \u0441 \u0432\u044b\u0441\u043e\u043a\u043e\u0439 \u0441\u0442\u0435\u043f\u0435\u043d\u044c\u044e \u043f\u043e\u043a\u0440\u044b\u0442\u0438\u044f. \u0421\u043e\u0434\u0435\u0440\u0436\u0438\u0442 93% \u0438\u043d\u0433\u0440\u0435\u0434\u0438\u0435\u043d\u0442\u043e\u0432, \u043f\u043e\u043b\u0443\u0447\u0435\u043d\u043d\u044b\u0445 \u0438\u0437 \u0441\u044b\u0440\u044c\u044f \u043f\u0440\u0438\u0440\u043e\u0434\u043d\u043e\u0433\u043e \u043f\u0440\u043e\u0438\u0441\u0445\u043e\u0436\u0434\u0435\u043d\u0438\u044f.<\/li>\n<li>\u0422\u0443\u0448\u044c \u0434\u043b\u044f \u0440\u0435\u0441\u043d\u0438\u0446 (1 \u0448\u0442.)<br \/>\n\u0423\u0432\u0435\u043b\u0438\u0447\u0438\u0432\u0430\u044e\u0449\u0430\u044f \u043e\u0431\u044a\u0435\u043c \u0442\u0443\u0448\u044c \u0434\u043b\u044f \u0440\u0435\u0441\u043d\u0438\u0446, \u043a\u043e\u0442\u043e\u0440\u0430\u044f \u0432 \u0441\u043e\u0447\u0435\u0442\u0430\u043d\u0438\u0438 \u0441 \u043e\u0441\u043e\u0431\u044b\u043c \u0438\u0437\u0433\u0438\u0431\u043e\u043c \u0449\u0435\u0442\u043e\u0447\u043a\u0438 \u0440\u0430\u0437\u0434\u0435\u043b\u044f\u0435\u0442 \u0440\u0435\u0441\u043d\u0438\u0446\u044b, \u043f\u0440\u0438\u0434\u0430\u0432\u0430\u044f \u0438\u043c \u044d\u0444\u0444\u0435\u043a\u0442\u043d\u044b\u0439 \u0438\u0437\u0433\u0438\u0431. \u0415\u0451 \u0444\u043e\u0440\u043c\u0443\u043b\u0430, \u0441\u043e\u0441\u0442\u043e\u044f\u0449\u0430\u044f \u043d\u0430 99% \u0438\u0437 \u0438\u043d\u0433\u0440\u0435\u0434\u0438\u0435\u043d\u0442\u043e\u0432 \u043f\u0440\u0438\u0440\u043e\u0434\u043d\u043e\u0433\u043e \u043f\u0440\u043e\u0438\u0441\u0445\u043e\u0436\u0434\u0435\u043d\u0438\u044f, \u043e\u0431\u043e\u0433\u0430\u0449\u0435\u043d\u0430 \u043e\u0440\u0433\u0430\u043d\u0438\u0447\u0435\u0441\u043a\u0438\u043c \u043c\u0430\u0441\u043b\u043e\u043c \u0448\u0438.<\/li>\n<li>\u041c\u0430\u0442\u043e\u0432\u0430\u044f \u043f\u043e\u043c\u0430\u0434\u0430 \u0434\u043b\u044f \u0433\u0443\u0431 (1 \u0448\u0442.)<br \/>\n\u0427\u0440\u0435\u0437\u0432\u044b\u0447\u0430\u0439\u043d\u043e \u043a\u043e\u043c\u0444\u043e\u0440\u0442\u043d\u0430\u044f \u043c\u0430\u0442\u043e\u0432\u0430\u044f \u043f\u043e\u043c\u0430\u0434\u0430 \u0441 \u043c\u044f\u0433\u043a\u043e\u0439 \u0442\u0435\u043a\u0441\u0442\u0443\u0440\u043e\u0439, \u043e\u0431\u0435\u0441\u043f\u0435\u0447\u0438\u0432\u0430\u044e\u0449\u0435\u0439 \u043f\u043b\u043e\u0442\u043d\u043e\u0435 \u043f\u043e\u043a\u0440\u044b\u0442\u0438\u0435 \u0441 \u043f\u0435\u0440\u0432\u043e\u0433\u043e \u043d\u0430\u043d\u0435\u0441\u0435\u043d\u0438\u044f. \u0415\u0435 \u0444\u043e\u0440\u043c\u0443\u043b\u0430, \u0441\u043e\u0441\u0442\u043e\u044f\u0449\u0430\u044f \u043d\u0430 96% \u0438\u0437 \u0438\u043d\u0433\u0440\u0435\u0434\u0438\u0435\u043d\u0442\u043e\u0432 \u043f\u0440\u0438\u0440\u043e\u0434\u043d\u043e\u0433\u043e \u043f\u0440\u043e\u0438\u0441\u0445\u043e\u0436\u0434\u0435\u043d\u0438\u044f, \u043e\u0431\u043e\u0433\u0430\u0449\u0435\u043d\u0430 \u043c\u0438\u043d\u0434\u0430\u043b\u044c\u043d\u044b\u043c \u0438 \u043a\u0430\u0441\u0442\u043e\u0440\u043e\u0432\u044b\u043c \u043c\u0430\u0441\u043b\u0430\u043c\u0438.<\/li>\n<\/ul>\n<p>\ud83c\uddfa\ud83c\uddf8 KIKO Milano Green Me Make Up Set<\/p>\n<p>Make-up set containing 1 eye palette, 1 volume-enhancing mascara and 1 matte lipstick. Ideal for creating sophisticated eye looks, enveloping and enhancing your eyelashes and coating your lips with a velvety and irresistible veil.<\/p>\n<p>The kit contains:<\/p>\n<ul>\n<li>N.1 Green Me Eyeshadow Palette 102<br \/>\nPalette with 9 compact powder multi-finish eyeshadows: matte, pearly and metallic; with a gliding, high-coverage texture. With 93% of ingredients derived from raw materials of natural origin.<\/li>\n<li>N.1 Green Me Volume Mascara<br \/>\nAn extreme volume-enhancing mascara with a fluid texture that, in combination with the brush\u2019s special shape, separates the lashes giving them a dramatic curve. Its formula with 99% of ingredients derived from raw materials of natural origin is enriched with organic shea butter.<\/li>\n<li>N.1 Green Me Matte Lipstick 102<br \/>\nAn extremely comfortable matte lipstick with a soft, high-coverage texture from the very first stroke. Its formula \u2013 with 96% of ingredients derived from raw materials of natural origin \u2013 is enriched with almond and castor oils.<\/li>\n<\/ul>\n<\/div>\n","protected":false},"featured_media":13137,"template":"","meta":{"jetpack_publicize_message":"","jetpack_publicize_feature_enabled":true,"jetpack_social_post_already_shared":false,"jetpack_social_options":{"image_generator_settings":{"template":"highway","default_image_id":0,"font":"","enabled":false},"version":2}},"product_brand":[],"product_cat":[987,986,973,340,971,984,631,983,982],"product_tag":[],"class_list":{"0":"post-13123","1":"product","2":"type-product","3":"status-publish","4":"has-post-thumbnail","6":"product_cat-lipstick","7":"product_cat-kiko-lips","8":"product_cat-makeup","9":"product_cat-kiko-milano","10":"product_cat-sets","11":"product_cat-eyeshadow","12":"product_cat-sale","13":"product_cat-mascara","14":"product_cat-eyes","15":"pa_varv-01-blonde","16":"pa_varv-02-chestnut","18":"first","19":"outofstock","20":"sale","21":"shipping-taxable","22":"purchasable","23":"product-type-simple"},"jetpack_publicize_connections":[],"jetpack_sharing_enabled":true,"jetpack_likes_enabled":true,"_links":{"self":[{"href":"https:\/\/superstore.ee\/index.php\/wp-json\/wp\/v2\/product\/13123","targetHints":{"allow":["GET"]}}],"collection":[{"href":"https:\/\/superstore.ee\/index.php\/wp-json\/wp\/v2\/product"}],"about":[{"href":"https:\/\/superstore.ee\/index.php\/wp-json\/wp\/v2\/types\/product"}],"wp:featuredmedia":[{"embeddable":true,"href":"https:\/\/superstore.ee\/index.php\/wp-json\/wp\/v2\/media\/13137"}],"wp:attachment":[{"href":"https:\/\/superstore.ee\/index.php\/wp-json\/wp\/v2\/media?parent=13123"}],"wp:term":[{"taxonomy":"product_brand","embeddable":true,"href":"https:\/\/superstore.ee\/index.php\/wp-json\/wp\/v2\/product_brand?post=13123"},{"taxonomy":"product_cat","embeddable":true,"href":"https:\/\/superstore.ee\/index.php\/wp-json\/wp\/v2\/product_cat?post=13123"},{"taxonomy":"product_tag","embeddable":true,"href":"https:\/\/superstore.ee\/index.php\/wp-json\/wp\/v2\/product_tag?post=13123"}],"curies":[{"name":"wp","href":"https:\/\/api.w.org\/{rel}","templated":true}]}}