{"id":13168,"date":"2023-10-29T18:15:06","date_gmt":"2023-10-29T16:15:06","guid":{"rendered":"https:\/\/superstore.ee\/?post_type=product&#038;p=13168"},"modified":"2023-11-11T14:05:08","modified_gmt":"2023-11-11T12:05:08","slug":"victorias-secret-kehasprei-bare-vanilla-golden-250ml","status":"publish","type":"product","link":"https:\/\/superstore.ee\/index.php\/toode\/victorias-secret-kehasprei-bare-vanilla-golden-250ml\/","title":{"rendered":"Victoria\u2019s Secret Kehasprei Bare Vanilla Golden (250ml)"},"content":{"rendered":"","protected":false},"excerpt":{"rendered":"<p><span style=\"font-weight: 400;\">\ud83c\uddea\ud83c\uddeaVictoria\u2019s Secret Kehasprei Bare Vanilla Golden (250ml)<\/span><\/p>\n<p>\u2022 T\u00fc\u00fcp: soe, h\u00f5rk<br \/>\n\u2022 Noodid: Vaniljeuba \u00b7 Orhidee \u00b7 Soe sandlipuu<\/p>\n<p>Kauakestva l\u00f5hnaelamuse saamiseks \u00fchendage sobiva l\u00f5hnakreemiga <span style=\"font-weight: 400;\">Bare Vanilla<\/span>.<\/p>\n<p><span style=\"font-weight: 400;\">\ud83c\uddf7\ud83c\uddfa Victoria\u2019s Secret \u0421\u043f\u0440\u0435\u0439 \u0434\u043b\u044f \u0442\u0435\u043b\u0430 250ml Bare Vanilla Golden (250ml)<\/span><\/p>\n<ul>\n<li>\u041d\u043e\u0442\u044b \u0430\u0440\u043e\u043c\u0430\u0442\u0430: \u0437\u0430\u0441\u0430\u0445\u0430\u0440\u0435\u043d\u043d\u044b\u0435 \u0431\u043e\u0431\u044b \u0442\u043e\u043d\u043a\u0430, \u0446\u0432\u0435\u0442\u044b \u043e\u0440\u0445\u0438\u0434\u0435\u0438, \u0442\u0435\u043f\u043b\u043e\u0435 \u0441\u0430\u043d\u0434\u0430\u043b\u043e\u0432\u043e\u0435 \u0434\u0435\u0440\u0435\u0432\u043e.<\/li>\n<li>\u0422\u0438\u043f \u0430\u0440\u043e\u043c\u0430\u0442\u0430: \u0441\u043b\u0430\u0434\u043a\u0438\u0439 \u0433\u0443\u0440\u043c\u0430\u043d\u0441\u043a\u0438\u0439.<\/li>\n<\/ul>\n<p>\u0421\u043e\u0447\u0435\u0442\u0430\u0439\u0442\u0435 \u0441 \u0441\u043e\u043e\u0442\u0432\u0435\u0442\u0441\u0442\u0432\u0443\u044e\u0449\u0438\u043c \u043b\u043e\u0441\u044c\u043e\u043d\u043e\u043c Bare Vanilla \u0434\u043b\u044f \u0434\u043b\u0438\u0442\u0435\u043b\u044c\u043d\u043e\u0433\u043e \u043e\u0449\u0443\u0449\u0435\u043d\u0438\u044f \u0430\u0440\u043e\u043c\u0430\u0442\u0430.<\/p>\n<p><span style=\"font-weight: 400;\">\ud83c\uddfa\ud83c\uddf8 Victoria\u2019s Secret Bare Vanilla Golden Fragrance Mist (250ml)<\/span><\/p>\n<p>\u2022 Type: Floral Gourmand<br \/>\n\u2022 Notes: toasted almond, radiant pear, jasmine petals<\/p>\n<p>Pair with matching Fragrance Lotion for a long-lasting fragrance experience.<\/p>\n<p>&nbsp;<\/p>\n","protected":false},"featured_media":13203,"template":"","meta":{"jetpack_publicize_message":"","jetpack_publicize_feature_enabled":true,"jetpack_social_post_already_shared":false,"jetpack_social_options":{"image_generator_settings":{"template":"highway","default_image_id":0,"font":"","enabled":false},"version":2}},"product_brand":[],"product_cat":[341],"product_tag":[],"class_list":{"0":"post-13168","1":"product","2":"type-product","3":"status-publish","4":"has-post-thumbnail","6":"product_cat-victorias-secret","7":"pa_lohn-velvet-petals","9":"first","10":"outofstock","11":"sale","12":"shipping-taxable","13":"purchasable","14":"product-type-simple"},"jetpack_publicize_connections":[],"jetpack_sharing_enabled":true,"jetpack_likes_enabled":true,"_links":{"self":[{"href":"https:\/\/superstore.ee\/index.php\/wp-json\/wp\/v2\/product\/13168","targetHints":{"allow":["GET"]}}],"collection":[{"href":"https:\/\/superstore.ee\/index.php\/wp-json\/wp\/v2\/product"}],"about":[{"href":"https:\/\/superstore.ee\/index.php\/wp-json\/wp\/v2\/types\/product"}],"wp:featuredmedia":[{"embeddable":true,"href":"https:\/\/superstore.ee\/index.php\/wp-json\/wp\/v2\/media\/13203"}],"wp:attachment":[{"href":"https:\/\/superstore.ee\/index.php\/wp-json\/wp\/v2\/media?parent=13168"}],"wp:term":[{"taxonomy":"product_brand","embeddable":true,"href":"https:\/\/superstore.ee\/index.php\/wp-json\/wp\/v2\/product_brand?post=13168"},{"taxonomy":"product_cat","embeddable":true,"href":"https:\/\/superstore.ee\/index.php\/wp-json\/wp\/v2\/product_cat?post=13168"},{"taxonomy":"product_tag","embeddable":true,"href":"https:\/\/superstore.ee\/index.php\/wp-json\/wp\/v2\/product_tag?post=13168"}],"curies":[{"name":"wp","href":"https:\/\/api.w.org\/{rel}","templated":true}]}}