{"id":13197,"date":"2023-10-29T19:39:00","date_gmt":"2023-10-29T17:39:00","guid":{"rendered":"https:\/\/superstore.ee\/?post_type=product&#038;p=13197"},"modified":"2024-02-14T14:07:35","modified_gmt":"2024-02-14T12:07:35","slug":"victorias-secret-kehasprei-250ml-golden-fragrance-mist","status":"publish","type":"product","link":"https:\/\/superstore.ee\/index.php\/toode\/victorias-secret-kehasprei-250ml-golden-fragrance-mist\/","title":{"rendered":"Victoria\u2019s Secret Kehasprei (250ml) Golden Fragrance Mist"},"content":{"rendered":"","protected":false},"excerpt":{"rendered":"<p>\ud83c\uddea\ud83c\uddea Victoria\u2019s Secret Kehasprei (250ml)<\/p>\n<ul>\n<li><span style=\"font-weight: 400;\"><strong>Love Spell Golden <\/strong><\/span>\u2013 T\u00fc\u00fcp: puuviljane lilleline, Noodid: mesine vanill, s\u00e4delev nektariin, magus tamarind<\/li>\n<li><strong>Velvet Petals Golden <\/strong>\u2013 T\u00fc\u00fcp: lilleline magus, Noodid: mandel, pirn, jasmiini kroonlehed<\/li>\n<li><strong>Pure Seduction Golden<\/strong> \u2013 T\u00fc\u00fcp: lilleline, Noodid: ambra, magnoolia lilled, roos<\/li>\n<\/ul>\n<p><strong>NB! Kosmeetika ostmisel palun valige tarneviisiks Smartpost!<\/strong><\/p>\n<p>\ud83c\uddf7\ud83c\uddfa Victoria\u2019s Secret \u0421\u043f\u0440\u0435\u0439 \u0434\u043b\u044f \u0442\u0435\u043b\u0430 (250ml )<\/p>\n<ul>\n<li><strong>Love Spell Golden<\/strong> \u2013 \u0422\u0438\u043f: \u0444\u0440\u0443\u043a\u0442\u043e\u0432\u043e-\u0446\u0432\u0435\u0442\u043e\u0447\u043d\u044b\u0439, \u041d\u043e\u0442\u044b: \u043c\u0435\u0434\u043e\u0432\u0430\u044f \u0432\u0430\u043d\u0438\u043b\u044c, \u0438\u0433\u0440\u0438\u0441\u0442\u044b\u0439 \u043d\u0435\u043a\u0442\u0430\u0440\u0438\u043d, \u0441\u043b\u0430\u0434\u043a\u0438\u0439 \u0442\u0430\u043c\u0430\u0440\u0438\u043d\u0434<\/li>\n<li><strong>Velvet Petals Golden<\/strong> \u2013 \u0422\u0438\u043f: \u0446\u0432\u0435\u0442\u043e\u0447\u043d\u044b\u0439 \u0441\u043b\u0430\u0434\u043a\u0438\u0439, \u041d\u043e\u0442\u044b: \u043c\u0438\u043d\u0434\u0430\u043b\u044c, \u0433\u0440\u0443\u0448\u0430, \u043b\u0435\u043f\u0435\u0441\u0442\u043a\u0438 \u0436\u0430\u0441\u043c\u0438\u043d\u0430<\/li>\n<li><strong>Pure Seduction Golden<\/strong> \u2013 \u0422\u0438\u043f: \u0446\u0432\u0435\u0442\u043e\u0447\u043d\u044b\u0439, \u041d\u043e\u0442\u044b: \u0430\u043c\u0431\u0440\u0430, \u0446\u0432\u0435\u0442\u043e\u043a \u043c\u0430\u0433\u043d\u043e\u043b\u0438\u0438, \u0440\u043e\u0437\u0430<\/li>\n<\/ul>\n<p><strong>NB! \u041f\u0440\u0438 \u043f\u043e\u043a\u0443\u043f\u043a\u0435 \u043a\u043e\u0441\u043c\u0435\u0442\u0438\u043a\u0438 \u0432\u044b\u0431\u0435\u0440\u0438\u0442\u0435 \u043f\u043e\u0436\u0430\u043b\u0443\u0439\u0441\u0442\u0430 Smartpost \u0434\u043e\u0441\u0442\u0430\u0432\u043a\u0443!<\/strong><\/p>\n<p>\ud83c\uddfa\ud83c\uddf8 Victoria\u2019s Secret <span style=\"font-weight: 400;\">Golden Fragrance Mist <\/span>(250ml)<\/p>\n<ul>\n<li><strong>Love Spell Golden<\/strong> \u2013 Type: Fruity Floral, Notes: honeyed vanilla, sparkling nectarine, sweet tamarind<\/li>\n<li><strong>Velvet Petals Golden <\/strong>\u2013 Type: Floral Gourmand, Notes: toasted almond, radiant pear, jasmine petals<\/li>\n<li><strong>Pure Seduction Golden<\/strong> \u2013 Type: Floral, Notes: ambergris, magnolia flower, pink pepper.<\/li>\n<\/ul>\n<p><strong>NB! When buying cosmetics, please choose a Smartpost delivery.<\/strong><\/p>\n","protected":false},"featured_media":11325,"template":"","meta":{"jetpack_publicize_message":"","jetpack_publicize_feature_enabled":true,"jetpack_social_post_already_shared":false,"jetpack_social_options":{"image_generator_settings":{"template":"highway","default_image_id":0,"font":"","enabled":false},"version":2}},"product_brand":[],"product_cat":[341],"product_tag":[],"class_list":{"0":"post-13197","1":"product","2":"type-product","3":"status-publish","4":"has-post-thumbnail","6":"product_cat-victorias-secret","7":"pa_lohn-love-spell-golden","8":"pa_lohn-pure-seduction-golden","9":"pa_lohn-velvet-petals-golden","11":"first","12":"outofstock","13":"sale","14":"shipping-taxable","15":"product-type-variable"},"jetpack_publicize_connections":[],"jetpack_sharing_enabled":true,"jetpack_likes_enabled":true,"_links":{"self":[{"href":"https:\/\/superstore.ee\/index.php\/wp-json\/wp\/v2\/product\/13197","targetHints":{"allow":["GET"]}}],"collection":[{"href":"https:\/\/superstore.ee\/index.php\/wp-json\/wp\/v2\/product"}],"about":[{"href":"https:\/\/superstore.ee\/index.php\/wp-json\/wp\/v2\/types\/product"}],"wp:featuredmedia":[{"embeddable":true,"href":"https:\/\/superstore.ee\/index.php\/wp-json\/wp\/v2\/media\/11325"}],"wp:attachment":[{"href":"https:\/\/superstore.ee\/index.php\/wp-json\/wp\/v2\/media?parent=13197"}],"wp:term":[{"taxonomy":"product_brand","embeddable":true,"href":"https:\/\/superstore.ee\/index.php\/wp-json\/wp\/v2\/product_brand?post=13197"},{"taxonomy":"product_cat","embeddable":true,"href":"https:\/\/superstore.ee\/index.php\/wp-json\/wp\/v2\/product_cat?post=13197"},{"taxonomy":"product_tag","embeddable":true,"href":"https:\/\/superstore.ee\/index.php\/wp-json\/wp\/v2\/product_tag?post=13197"}],"curies":[{"name":"wp","href":"https:\/\/api.w.org\/{rel}","templated":true}]}}