{"id":13202,"date":"2023-10-29T19:40:19","date_gmt":"2023-10-29T17:40:19","guid":{"rendered":"https:\/\/superstore.ee\/?post_type=product&#038;p=13202"},"modified":"2023-12-10T11:54:57","modified_gmt":"2023-12-10T09:54:57","slug":"victorias-secret-kehasprei-love-spell-golden-250ml-2","status":"publish","type":"product","link":"https:\/\/superstore.ee\/index.php\/toode\/victorias-secret-kehasprei-love-spell-golden-250ml-2\/","title":{"rendered":"Victoria\u2019s Secret Kehasprei Love Spell Golden (250ml)"},"content":{"rendered":"","protected":false},"excerpt":{"rendered":"<p><span style=\"font-weight: 400;\">\ud83c\uddea\ud83c\uddeaVictoria\u2019s Secret Kehasprei Love Spell Golden<\/span><\/p>\n<p><span style=\"font-weight: 400;\">T\u00fc\u00fcp: T\u00fc\u00fcp: Puuviljane lilleline \u2022 Noodid: mesine vanill, s\u00e4delev nektariin, magus tamarind<\/span><\/p>\n<p>Kauakestva l\u00f5hnaelamuse saamiseks \u00fchendage sobiva l\u00f5hnakreemiga.<\/p>\n<p><strong>NB! Kosmeetika ostmisel palun valige tarneviisiks Smartpost!<\/strong><\/p>\n<p>&nbsp;<\/p>\n<p><span style=\"font-weight: 400;\">\ud83c\uddf7\ud83c\uddfa Victoria\u2019s Secret \u0421\u043f\u0440\u0435\u0439 \u0434\u043b\u044f \u0442\u0435\u043b\u0430 Love Spell Golden (250ml)<\/span><\/p>\n<p>\u0422\u0438\u043f: \u0444\u0440\u0443\u043a\u0442\u043e\u0432\u043e-\u0446\u0432\u0435\u0442\u043e\u0447\u043d\u044b\u0439 \u2022 \u041d\u043e\u0442\u044b: \u043c\u0435\u0434\u043e\u0432\u0430\u044f \u0432\u0430\u043d\u0438\u043b\u044c, \u0438\u0433\u0440\u0438\u0441\u0442\u044b\u0439 \u043d\u0435\u043a\u0442\u0430\u0440\u0438\u043d, \u0441\u043b\u0430\u0434\u043a\u0438\u0439 \u0442\u0430\u043c\u0430\u0440\u0438\u043d\u0434<\/p>\n<p>\u0421\u043e\u0447\u0435\u0442\u0430\u0439\u0442\u0435 \u0441 \u0441\u043e\u043e\u0442\u0432\u0435\u0442\u0441\u0442\u0432\u0443\u044e\u0449\u0438\u043c \u043b\u043e\u0441\u044c\u043e\u043d\u043e\u043c Fragrance Lotion \u0434\u043b\u044f \u0434\u043b\u0438\u0442\u0435\u043b\u044c\u043d\u043e\u0433\u043e \u043e\u0449\u0443\u0449\u0435\u043d\u0438\u044f \u0430\u0440\u043e\u043c\u0430\u0442\u0430.<\/p>\n<p><strong>NB! \u041f\u0440\u0438 \u043f\u043e\u043a\u0443\u043f\u043a\u0435 \u043a\u043e\u0441\u043c\u0435\u0442\u0438\u043a\u0438 \u0432\u044b\u0431\u0435\u0440\u0438\u0442\u0435 \u043f\u043e\u0436\u0430\u043b\u0443\u0439\u0441\u0442\u0430 Smartpost \u0434\u043e\u0441\u0442\u0430\u0432\u043a\u0443!<\/strong><\/p>\n<p>&nbsp;<\/p>\n<p><span style=\"font-weight: 400;\">\ud83c\uddfa\ud83c\uddf8 Victoria\u2019s Secret Love Spell Golden Fragrance Mist (250ml)<\/span><\/p>\n<p><span style=\"font-weight: 400;\">Type: Fruity Floral \u2022 Notes: honeyed vanilla, sparkling nectarine, sweet tamarind<\/span><\/p>\n<p>Pair with matching Fragrance Lotion for a long-lasting fragrance experience.<\/p>\n<p><strong>NB! When buying cosmetics, please choose a Smartpost delivery!<\/strong><\/p>\n","protected":false},"featured_media":8740,"template":"","meta":{"jetpack_publicize_message":"","jetpack_publicize_feature_enabled":true,"jetpack_social_post_already_shared":false,"jetpack_social_options":{"image_generator_settings":{"template":"highway","default_image_id":0,"font":"","enabled":false},"version":2}},"product_brand":[],"product_cat":[341],"product_tag":[],"class_list":{"0":"post-13202","1":"product","2":"type-product","3":"status-publish","4":"has-post-thumbnail","6":"product_cat-victorias-secret","7":"pa_lohn-velvet-petals","9":"first","10":"outofstock","11":"sale","12":"shipping-taxable","13":"purchasable","14":"product-type-simple"},"jetpack_publicize_connections":[],"jetpack_sharing_enabled":true,"jetpack_likes_enabled":true,"_links":{"self":[{"href":"https:\/\/superstore.ee\/index.php\/wp-json\/wp\/v2\/product\/13202","targetHints":{"allow":["GET"]}}],"collection":[{"href":"https:\/\/superstore.ee\/index.php\/wp-json\/wp\/v2\/product"}],"about":[{"href":"https:\/\/superstore.ee\/index.php\/wp-json\/wp\/v2\/types\/product"}],"wp:featuredmedia":[{"embeddable":true,"href":"https:\/\/superstore.ee\/index.php\/wp-json\/wp\/v2\/media\/8740"}],"wp:attachment":[{"href":"https:\/\/superstore.ee\/index.php\/wp-json\/wp\/v2\/media?parent=13202"}],"wp:term":[{"taxonomy":"product_brand","embeddable":true,"href":"https:\/\/superstore.ee\/index.php\/wp-json\/wp\/v2\/product_brand?post=13202"},{"taxonomy":"product_cat","embeddable":true,"href":"https:\/\/superstore.ee\/index.php\/wp-json\/wp\/v2\/product_cat?post=13202"},{"taxonomy":"product_tag","embeddable":true,"href":"https:\/\/superstore.ee\/index.php\/wp-json\/wp\/v2\/product_tag?post=13202"}],"curies":[{"name":"wp","href":"https:\/\/api.w.org\/{rel}","templated":true}]}}