{"id":13325,"date":"2023-11-17T17:40:19","date_gmt":"2023-11-17T15:40:19","guid":{"rendered":"https:\/\/superstore.ee\/?post_type=product&#038;p=13325"},"modified":"2023-12-07T09:38:44","modified_gmt":"2023-12-07T07:38:44","slug":"victorias-secret-pink-kehasprei-eeterlike-olidega-moodscentz-250ml-2-2","status":"publish","type":"product","link":"https:\/\/superstore.ee\/index.php\/toode\/victorias-secret-pink-kehasprei-eeterlike-olidega-moodscentz-250ml-2-2\/","title":{"rendered":"Victoria\u2019s Secret PINK kehasprei eeterlike \u00f5lidega Moodscentz\u2122 (250ml)"},"content":{"rendered":"","protected":false},"excerpt":{"rendered":"<p><span style=\"font-weight:400\">\ud83c\uddea\ud83c\uddeaVictoria\u2019s Secret PINK kehasprei eeterlike \u00f5lidega (250ml) Moodscentz\u2122 Mist<\/span><\/p>\n<p>See kollektsioon on <span style=\"font-weight:400\">eeterlike \u00f5lidega. Aroom t\u00f5stab tuju, annab j\u00f5udu ja enesekindlust<\/span>.<\/p>\n<p><strong>Invigorating<\/strong> \u2022 T\u00fc\u00fcp: V\u00e4rske \u2022 Stiil: Virgutav \u2022 Apelsini ja eukal\u00fcpti\u00f5li. Taastab energiat ja motiveerib.<\/p>\n<p><span style=\"font-weight:400\">\ud83c\uddf7\ud83c\uddfa Victoria\u2019s Secret PINK \u0441\u043f\u0440\u0435\u0439 \u0434\u043b\u044f \u0442\u0435\u043b\u0430 \u0441 \u044d\u0444\u0438\u0440\u043d\u044b\u043c\u0438 \u043c\u0430\u0441\u043b\u0430\u043c\u0438 (250ml) <\/span>\u042d\u0442\u0430 \u043a\u043e\u043b\u043b\u0435\u043a\u0446\u0438\u044f \u0441\u043f\u0440\u0435\u0435\u0432 \u043f\u043e\u0434\u043d\u0438\u043c\u0430\u0435\u0442 \u043d\u0430\u0441\u0442\u0440\u043e\u0435\u043d\u0438\u0435, \u043f\u0440\u0438\u0434\u0430\u0435\u0442 \u0441\u0438\u043b\u0443 \u0438 \u0443\u0432\u0435\u0440\u0435\u043d\u043d\u043e\u0441\u0442\u044c \u0432 \u0441\u0435\u0431\u0435.<\/p>\n<p><strong>Invigorating<\/strong> \u2022\u0422\u0438\u043f: \u0421\u0432\u0435\u0436\u0438\u0439 \u2022 \u0421\u0442\u0438\u043b\u044c: \u0411\u043e\u0434\u0440\u044f\u0449\u0438\u0439 \u2022 \u041c\u0430\u0441\u043b\u043e \u0430\u043f\u0435\u043b\u044c\u0441\u0438\u043d\u0430, \u044d\u0432\u043a\u0430\u043b\u0438\u043f\u0442\u0430. \u0412\u043e\u0441\u0441\u0442\u0430\u043d\u0430\u0432\u043b\u0438\u0432\u0430\u0435\u0442 \u044d\u043d\u0435\u0440\u0433\u0438\u044e \u0438 \u043c\u043e\u0442\u0438\u0432\u0438\u0440\u0443\u0435\u0442.<\/p>\n<p><span style=\"font-weight:400\">\ud83c\uddfa\ud83c\uddf8 Victoria\u2019s Secret PINK Moodscentz\u2122 Mist (250ml) <\/span>This collection of mists are with essential oils to evoke positive moods, give you good energy and confidence.<\/p>\n<p><strong>Invigorating<\/strong> \u2022Type: Fresh \u2022 Style: Invigorate \u2022 Orange Oil, Eucalyptus. A refreshing mist that restores energy and inspires motivation.<\/p>\n","protected":false},"featured_media":8725,"template":"","meta":{"jetpack_publicize_message":"","jetpack_publicize_feature_enabled":true,"jetpack_social_post_already_shared":false,"jetpack_social_options":{"image_generator_settings":{"template":"highway","default_image_id":0,"font":"","enabled":false},"version":2}},"product_brand":[],"product_cat":[341],"product_tag":[],"class_list":{"0":"post-13325","1":"product","2":"type-product","3":"status-publish","4":"has-post-thumbnail","6":"product_cat-victorias-secret","7":"pa_lohn-happy","8":"pa_lohn-invigorating","9":"pa_lohn-relaxing","11":"first","12":"outofstock","13":"sale","14":"shipping-taxable","15":"purchasable","16":"product-type-simple"},"jetpack_publicize_connections":[],"jetpack_sharing_enabled":true,"jetpack_likes_enabled":true,"_links":{"self":[{"href":"https:\/\/superstore.ee\/index.php\/wp-json\/wp\/v2\/product\/13325","targetHints":{"allow":["GET"]}}],"collection":[{"href":"https:\/\/superstore.ee\/index.php\/wp-json\/wp\/v2\/product"}],"about":[{"href":"https:\/\/superstore.ee\/index.php\/wp-json\/wp\/v2\/types\/product"}],"wp:featuredmedia":[{"embeddable":true,"href":"https:\/\/superstore.ee\/index.php\/wp-json\/wp\/v2\/media\/8725"}],"wp:attachment":[{"href":"https:\/\/superstore.ee\/index.php\/wp-json\/wp\/v2\/media?parent=13325"}],"wp:term":[{"taxonomy":"product_brand","embeddable":true,"href":"https:\/\/superstore.ee\/index.php\/wp-json\/wp\/v2\/product_brand?post=13325"},{"taxonomy":"product_cat","embeddable":true,"href":"https:\/\/superstore.ee\/index.php\/wp-json\/wp\/v2\/product_cat?post=13325"},{"taxonomy":"product_tag","embeddable":true,"href":"https:\/\/superstore.ee\/index.php\/wp-json\/wp\/v2\/product_tag?post=13325"}],"curies":[{"name":"wp","href":"https:\/\/api.w.org\/{rel}","templated":true}]}}