{"id":13400,"date":"2023-12-01T15:18:40","date_gmt":"2023-12-01T13:18:40","guid":{"rendered":"https:\/\/superstore.ee\/?post_type=product&#038;p=13400"},"modified":"2024-11-26T16:13:30","modified_gmt":"2024-11-26T13:13:30","slug":"puhastav-naokasn-kiko-milano-charming-escape-konjac-sponge","status":"publish","type":"product","link":"https:\/\/superstore.ee\/index.php\/toode\/puhastav-naokasn-kiko-milano-charming-escape-konjac-sponge\/","title":{"rendered":"Puhastav n\u00e4ok\u00e4sn KIKO Milano Charming Escape Konjac Sponge"},"content":{"rendered":"<blockquote>\n<p style=\"text-align: left\">\n<\/blockquote>\n","protected":false},"excerpt":{"rendered":"<p>\ud83c\uddea\ud83c\uddea Puhastav n\u00e4ok\u00e4sn KIKO Milano Charming Escape Konjac Sponge<\/p>\n<ul>\n<li>eemaldab \u00f5rnalt ja lihtsalt nahalt ebapuhtused, meigij\u00e4\u00e4gid<\/li>\n<li>saab kasutada igap\u00e4evaselt n\u00e4o puhastamiseks<\/li>\n<li>koorib \u00f5rnalt pehme tekstuuriga<\/li>\n<\/ul>\n<p>\ud83c\uddf7\ud83c\uddfa \u041e\u0447\u0438\u0449\u0430\u044e\u0449\u0430\u044f \u0438 \u043e\u0442\u0448\u0435\u043b\u0443\u0448\u0438\u0432\u0430\u044e\u0449\u0430\u044f \u0433\u0443\u0431\u043a\u0430 \u0434\u043b\u044f \u043b\u0438\u0446\u0430 KIKO Milano Charming Escape Konjac Sponge<\/p>\n<ul>\n<li>\u043c\u044f\u0433\u043a\u043e \u0438 \u043b\u0435\u0433\u043a\u043e \u0443\u0434\u0430\u043b\u044f\u0435\u0442 \u0437\u0430\u0433\u0440\u044f\u0437\u043d\u0435\u043d\u0438\u044f \u0441 \u043a\u043e\u0436\u0438, \u043e\u0441\u0442\u0430\u0442\u043a\u0438 \u043c\u0430\u043a\u0438\u044f\u0436\u0430<\/li>\n<li>\u043c\u043e\u0436\u043d\u043e \u0438\u0441\u043f\u043e\u043b\u044c\u0437\u043e\u0432\u0430\u0442\u044c \u0435\u0436\u0435\u0434\u043d\u0435\u0432\u043d\u043e\u00a0 \u0434\u043b\u044f \u043e\u0447\u0438\u0449\u0435\u043d\u0438\u044f \u043b\u0438\u0446\u0430<\/li>\n<li>\u043d\u0435\u0436\u043d\u043e \u043e\u0442\u0448\u0435\u043b\u0443\u0448\u0438\u0432\u0430\u0435\u0442 \u0431\u043b\u0430\u0433\u043e\u0434\u0430\u0440\u044f \u043c\u044f\u0433\u043a\u043e\u0439 \u0442\u0435\u043a\u0441\u0442\u0443\u0440\u0435<\/li>\n<\/ul>\n<p>\ud83c\uddfa\ud83c\uddf8 KIKO Milano Charming Escape Konjac Sponge. Cleansing and exfoliating konjac sponge.<\/p>\n<ul>\n<li>gently and easily removes pollution from the skin, remnants of makeup<\/li>\n<li>it is possible to use it daily for cleansing the face<\/li>\n<li>gently exfoliates thanks to the soft texture<\/li>\n<\/ul>\n","protected":false},"featured_media":17286,"template":"","meta":{"jetpack_publicize_message":"","jetpack_publicize_feature_enabled":true,"jetpack_social_post_already_shared":false,"jetpack_social_options":{"image_generator_settings":{"template":"highway","default_image_id":0,"font":"","enabled":false},"version":2}},"product_brand":[],"product_cat":[340,631],"product_tag":[],"class_list":{"0":"post-13400","1":"product","2":"type-product","3":"status-publish","4":"has-post-thumbnail","6":"product_cat-kiko-milano","7":"product_cat-sale","9":"first","10":"outofstock","11":"sale","12":"shipping-taxable","13":"purchasable","14":"product-type-simple"},"jetpack_publicize_connections":[],"jetpack_sharing_enabled":true,"jetpack_likes_enabled":true,"_links":{"self":[{"href":"https:\/\/superstore.ee\/index.php\/wp-json\/wp\/v2\/product\/13400","targetHints":{"allow":["GET"]}}],"collection":[{"href":"https:\/\/superstore.ee\/index.php\/wp-json\/wp\/v2\/product"}],"about":[{"href":"https:\/\/superstore.ee\/index.php\/wp-json\/wp\/v2\/types\/product"}],"wp:featuredmedia":[{"embeddable":true,"href":"https:\/\/superstore.ee\/index.php\/wp-json\/wp\/v2\/media\/17286"}],"wp:attachment":[{"href":"https:\/\/superstore.ee\/index.php\/wp-json\/wp\/v2\/media?parent=13400"}],"wp:term":[{"taxonomy":"product_brand","embeddable":true,"href":"https:\/\/superstore.ee\/index.php\/wp-json\/wp\/v2\/product_brand?post=13400"},{"taxonomy":"product_cat","embeddable":true,"href":"https:\/\/superstore.ee\/index.php\/wp-json\/wp\/v2\/product_cat?post=13400"},{"taxonomy":"product_tag","embeddable":true,"href":"https:\/\/superstore.ee\/index.php\/wp-json\/wp\/v2\/product_tag?post=13400"}],"curies":[{"name":"wp","href":"https:\/\/api.w.org\/{rel}","templated":true}]}}