{"id":13432,"date":"2023-12-02T11:51:37","date_gmt":"2023-12-02T09:51:37","guid":{"rendered":"https:\/\/superstore.ee\/?post_type=product&#038;p=13432"},"modified":"2024-06-09T12:58:04","modified_gmt":"2024-06-09T10:58:04","slug":"silmade-kinkekomplekt-kiko-milano-holiday-premiere-gorgeous-eyes-gift-set","status":"publish","type":"product","link":"https:\/\/superstore.ee\/index.php\/toode\/silmade-kinkekomplekt-kiko-milano-holiday-premiere-gorgeous-eyes-gift-set\/","title":{"rendered":"Silmade kinkekomplekt KIKO Milano\u00a0Holiday Premi\u00e8re Gorgeous Eyes Gift Set"},"content":{"rendered":"","protected":false},"excerpt":{"rendered":"<div class=\"ProductDetails__Name visible-md\">\n<div role=\"heading\" data-size=\"medium\">\n<div class=\"woocommerce-product-details__short-description\">\n<p>\ud83c\uddea\ud83c\uddea Silmade kinkekomplekt KIKO Milano<\/p>\n<p>Kingikomplekt silmailu jaoks, mis sobib ideaalselt pidulikuks hooajaks, sealhulgas kauap\u00fcsiv lauv\u00e4rvipulk, vol\u00fc\u00fcmi andev ripsmetu\u0161\u0161 ja silmapliiats stiilses kotikeses. Ideaalne silmade kuju m\u00e4\u00e4ratlemiseks ja nende elegantse ja l\u00e4bim\u00f5eldud v\u00e4limusega t\u00e4iustamiseks.<\/p>\n<p>Kinkekomplekt sisaldab:<\/p>\n<ul>\n<li>1 x Kosmeetikakott<\/li>\n<li>1 x Silmalainer <strong>Ultimate Pen Eyeliner 01<\/strong><br \/>\nKauakestev pliiats-silmapliiats kuni 10-tunnise p\u00fcsivusega. Intensiivselt pigmenteeritud ja s\u00e4rav tekstuur kleepub veatult laugudele, samal ajal kui pehme ja painduv ots j\u00e4rgib teie silma kuju, et luua puhas, t\u00e4pne ja kokkupandava paksusega joon.<\/li>\n<li>1 x P\u00fcsiv lauv\u00e4rvipulk <strong>Long Lasting Eyeshadow Stick 05<\/strong><br \/>\nKauakestev \u00fclekandekindel lauv\u00e4rvipulk kuni 24-tunnise p\u00fcsivusega. Selle kreemjat tekstuuri on \u00e4\u00e4rmiselt lihtne peale kanda ja segada.<\/li>\n<li>1 x Ripsmetu\u0161\u0161 <strong>Extra Sculpt Volume Mascara<\/strong><br \/>\nOmab vol\u00fc\u00fcmi suurendavat efekti \u00fclijulgete ripsmete jaoks. Spetsiaalse liivakellapintsliga on tihe ja kreemjas tekstuur kokkupandav ja kergesti pealekantav, j\u00e4tmata t\u00fckke.<\/li>\n<li>1 x <strong>meigi- ja tarvikute kott<\/strong><br \/>\nPraktiline ja elegantne, see on valmistatud kuldsest matelass\u00e9 efektiga kangast. T\u00f5mbluku ja n\u00f6\u00f6biga kinnis, disain kaunistatud reljeefse KK monogrammiga.<\/li>\n<\/ul>\n<\/div>\n<div class=\"woocommerce-product-details__short-description\">\n<p>\ud83c\uddf7\ud83c\uddfa \u041f\u043e\u0434\u0430\u0440\u043e\u0447\u043d\u044b\u0439 \u043d\u0430\u0431\u043e\u0440 \u0434\u043b\u044f \u0433\u043b\u0430\u0437 KIKO Milano<\/p>\n<p>\u041f\u043e\u0434\u0430\u0440\u043e\u0447\u043d\u044b\u0439 \u043d\u0430\u0431\u043e\u0440 \u0434\u043b\u044f \u0441\u043e\u0437\u0434\u0430\u043d\u0438\u044f \u0438\u0434\u0435\u0430\u043b\u044c\u043d\u043e\u0433\u043e \u043e\u0431\u0440\u0430\u0437\u0430 \u0434\u043b\u044f \u043f\u0440\u0430\u0437\u0434\u043d\u0438\u0447\u043d\u043e\u0433\u043e \u0441\u0435\u0437\u043e\u043d\u0430, \u0432\u043a\u043b\u044e\u0447\u0430\u044e\u0449\u0438\u0439 \u0441\u0442\u043e\u0439\u043a\u0438\u0435 \u0442\u0435\u043d\u0438 \u0434\u043b\u044f \u0432\u0435\u043a, \u0442\u0443\u0448\u044c \u0434\u043b\u044f \u043e\u0431\u044a\u0435\u043c\u0430 \u0438 \u043f\u043e\u0434\u0432\u043e\u0434\u043a\u0443 \u0434\u043b\u044f \u0433\u043b\u0430\u0437 \u0432 \u0441\u0442\u0438\u043b\u044c\u043d\u043e\u043c \u0444\u0443\u0442\u043b\u044f\u0440\u0435. \u0418\u0434\u0435\u0430\u043b\u044c\u043d\u043e \u043f\u043e\u0434\u0445\u043e\u0434\u0438\u0442 \u0434\u043b\u044f \u043f\u043e\u0434\u0447\u0435\u0440\u043a\u0438\u0432\u0430\u043d\u0438\u044f \u0444\u043e\u0440\u043c\u044b \u0433\u043b\u0430\u0437 \u0438 \u043f\u0440\u0438\u0434\u0430\u043d\u0438\u044f \u0438\u043c \u044d\u043b\u0435\u0433\u0430\u043d\u0442\u043d\u043e\u0433\u043e \u0438 \u0443\u0442\u043e\u043d\u0447\u0435\u043d\u043d\u043e\u0433\u043e \u043e\u0431\u0440\u0430\u0437\u0430.<\/p>\n<p>\u0412 \u043f\u043e\u0434\u0430\u0440\u043e\u0447\u043d\u044b\u0439 \u043d\u0430\u0431\u043e\u0440 \u0432\u0445\u043e\u0434\u044f\u0442:<\/p>\n<ul>\n<li>1 x \u041a\u043e\u0441\u043c\u0435\u0442\u0438\u0447\u043a\u0430<\/li>\n<li>1 x \u043f\u043e\u0434\u0432\u043e\u0434\u043a\u0430 \u0434\u043b\u044f \u0433\u043b\u0430\u0437 <strong>Ultimate Pen Eyeliner\u00a0 01<\/strong><br \/>\n\u0421\u0442\u043e\u0439\u043a\u0430\u044f \u043f\u043e\u0434\u0432\u043e\u0434\u043a\u0430-\u043a\u0430\u0440\u0430\u043d\u0434\u0430\u0448 \u0434\u043b\u044f \u0433\u043b\u0430\u0437 \u0441 \u0444\u0438\u043a\u0441\u0430\u0446\u0438\u0435\u0439 \u0434\u043e 10 \u0447\u0430\u0441\u043e\u0432 \u043d\u0430 \u0432\u043d\u0435\u0448\u043d\u0435\u0439 \u0441\u0442\u043e\u0440\u043e\u043d\u0435 \u0433\u043b\u0430\u0437\u0430. \u0418\u043d\u0442\u0435\u043d\u0441\u0438\u0432\u043d\u043e \u043f\u0438\u0433\u043c\u0435\u043d\u0442\u0438\u0440\u043e\u0432\u0430\u043d\u043d\u0430\u044f \u0438 \u044f\u0440\u043a\u0430\u044f \u0442\u0435\u043a\u0441\u0442\u0443\u0440\u0430 \u0431\u0435\u0437\u0443\u043f\u0440\u0435\u0447\u043d\u043e \u043f\u0440\u0438\u043b\u0435\u0433\u0430\u0435\u0442 \u043a \u0432\u0435\u043a\u0430\u043c, \u0430 \u043c\u044f\u0433\u043a\u0438\u0439 \u0438 \u0433\u0438\u0431\u043a\u0438\u0439 \u043a\u043e\u043d\u0447\u0438\u043a \u043f\u043e\u0432\u0442\u043e\u0440\u044f\u0435\u0442 \u0444\u043e\u0440\u043c\u0443 \u0432\u0430\u0448\u0435\u0433\u043e \u0433\u043b\u0430\u0437\u0430, \u0441\u043e\u0437\u0434\u0430\u0432\u0430\u044f \u0447\u0438\u0441\u0442\u0443\u044e, \u0442\u043e\u0447\u043d\u0443\u044e \u043b\u0438\u043d\u0438\u044e \u0441 \u0440\u0435\u0433\u0443\u043b\u0438\u0440\u0443\u0435\u043c\u043e\u0439 \u0442\u043e\u043b\u0449\u0438\u043d\u043e\u0439.<\/li>\n<li>1 \u0445 \u0441\u0442\u043e\u0439\u043a\u0438\u0435 \u0442\u0435\u043d\u0438 \u0434\u043b\u044f \u0432\u0435\u043a <strong>Long Lasting Eyeshadow Stick 05<\/strong><br \/>\n\u0421\u0442\u043e\u0439\u043a\u0438\u0435 \u0442\u0435\u043d\u0438 \u0434\u043b\u044f \u0432\u0435\u043a, \u0443\u0441\u0442\u043e\u0439\u0447\u0438\u0432\u044b\u0435 \u043a \u043f\u0435\u0440\u0435\u043d\u043e\u0441\u0443, \u0441 \u0444\u0438\u043a\u0441\u0430\u0446\u0438\u0435\u0439 \u0434\u043e 24 \u0447\u0430\u0441\u043e\u0432. \u0418\u0445 \u043a\u0440\u0435\u043c\u043e\u0432\u0430\u044f \u0442\u0435\u043a\u0441\u0442\u0443\u0440\u0430 \u0447\u0440\u0435\u0437\u0432\u044b\u0447\u0430\u0439\u043d\u043e \u043b\u0435\u0433\u043a\u043e \u043d\u0430\u043d\u043e\u0441\u0438\u0442\u0441\u044f \u0438 \u0440\u0430\u0441\u0442\u0443\u0448\u0435\u0432\u044b\u0432\u0430\u0435\u0442\u0441\u044f.<\/li>\n<li>1 \u0445 \u0442\u0443\u0448\u044c \u0434\u043b\u044f \u0440\u0435\u0441\u043d\u0438\u0446 <strong>Extra Sculpt Volume Mascara<\/strong><br \/>\n\u041e\u0431\u043b\u0430\u0434\u0430\u0435\u0442 \u044d\u0444\u0444\u0435\u043a\u0442\u043e\u043c \u0443\u0432\u0435\u043b\u0438\u0447\u0435\u043d\u0438\u044f \u043e\u0431\u044a\u0435\u043c\u0430, \u0434\u0435\u043b\u0430\u0435\u0442 \u0440\u0435\u0441\u043d\u0438\u0446\u044b \u043e\u0447\u0435\u043d\u044c \u0433\u0443\u0441\u0442\u044b\u043c\u0438. \u041a\u0438\u0441\u0442\u044c \u0432 \u0444\u043e\u0440\u043c\u0435 \u043f\u0435\u0441\u043e\u0447\u043d\u044b\u0445 \u0447\u0430\u0441\u043e\u0432 \u043f\u043e\u0437\u0432\u043e\u043b\u044f\u0435\u0442 \u0441\u043e\u0437\u0434\u0430\u0442\u044c \u043f\u043b\u043e\u0442\u043d\u0443\u044e \u043a\u0440\u0435\u043c\u043e\u0432\u0443\u044e \u0442\u0435\u043a\u0441\u0442\u0443\u0440\u0443, \u043a\u043e\u0442\u043e\u0440\u0443\u044e \u043b\u0435\u0433\u043a\u043e \u043d\u0430\u043d\u043e\u0441\u0438\u0442\u044c, \u043d\u0435 \u043e\u0441\u0442\u0430\u0432\u043b\u044f\u044f \u043a\u043e\u043c\u043e\u0447\u043a\u043e\u0432.<\/li>\n<li>1 \u0445 <strong>\u0441\u0443\u043c\u043a\u0430 \u0434\u043b\u044f \u043c\u0430\u043a\u0438\u044f\u0436\u0430 \u0438 \u0430\u043a\u0441\u0435\u0441\u0441\u0443\u0430\u0440\u043e\u0432<\/strong><br \/>\n\u041f\u0440\u0430\u043a\u0442\u0438\u0447\u043d\u0430\u044f \u0438 \u044d\u043b\u0435\u0433\u0430\u043d\u0442\u043d\u0430\u044f \u043c\u043e\u0434\u0435\u043b\u044c \u0438\u0437\u0433\u043e\u0442\u043e\u0432\u043b\u0435\u043d\u0430 \u0438\u0437 \u0442\u043a\u0430\u043d\u0438 \u0441 \u044d\u0444\u0444\u0435\u043a\u0442\u043e\u043c \u043c\u0430\u0442\u043b\u0430\u0441\u0441\u0435 \u0437\u043e\u043b\u043e\u0442\u043e\u0433\u043e \u0446\u0432\u0435\u0442\u0430. \u0417\u0430\u0441\u0442\u0435\u0433\u0438\u0432\u0430\u0435\u0442\u0441\u044f \u043d\u0430 \u043c\u043e\u043b\u043d\u0438\u044e \u0438 \u043f\u0443\u0433\u043e\u0432\u0438\u0446\u044b, \u0434\u0438\u0437\u0430\u0439\u043d \u0443\u043a\u0440\u0430\u0448\u0435\u043d \u0442\u0438\u0441\u043d\u0435\u043d\u043e\u0439 \u043c\u043e\u043d\u043e\u0433\u0440\u0430\u043c\u043c\u043e\u0439 KK.<\/li>\n<\/ul>\n<p>\ud83c\uddfa\ud83c\uddf8 KIKO Milano Holiday Premi\u00e8re Gorgeous Eyes Gift Set<\/p>\n<p>Gift set for a complete eye look perfect for the festive season, including a long-lasting eyeshadow stick, volumising mascara and eyeliner in a stylish pouch. Ideal for defining the shape of your eyes and enhancing them with an elegant and sophisticated look.<\/p>\n<p>The gift set contains:<\/p>\n<ul>\n<li>1 x Cosmetic Bag<\/li>\n<li>1 x <strong>Ultimate Pen Eyeliner 01<\/strong><br \/>\nLong-lasting pen eyeliner with up to 10-hour hold for the outer eye. Intensely pigmented and bright, the texture adheres flawlessly to the lids, whilst the soft and flexible tip follows the shape of your eye for a clean, precise line with buildable thickness.<\/li>\n<li>1 x <strong>Long Lasting Eyeshadow Stick 05<\/strong><br \/>\nA long-lasting transfer-proof eyeshadow stick with up to 24-hour hold. Its creamy, comfortable texture is extremely easy to apply and blend.<\/li>\n<li>1 x <strong>Extra Sculpt Volume Mascara<\/strong><br \/>\nHas a volume-enhancing effect for ultra-bold lashes. With the special hourglass brush, the dense and creamy texture is buildable and easy to apply, leaving no clumps.<\/li>\n<li>1 x <strong>Make-up and accessories pouch<\/strong><br \/>\nPractical and elegant, it\u2019s made from gold matelass\u00e9-effect fabric. Zip and button closure, design decorated with the embossed KK monogram.<\/li>\n<\/ul>\n<\/div>\n<\/div>\n<\/div>\n","protected":false},"featured_media":13695,"template":"","meta":{"jetpack_publicize_message":"","jetpack_publicize_feature_enabled":true,"jetpack_social_post_already_shared":false,"jetpack_social_options":{"image_generator_settings":{"template":"highway","default_image_id":0,"font":"","enabled":false},"version":2}},"product_brand":[],"product_cat":[340,342,631],"product_tag":[],"class_list":{"0":"post-13432","1":"product","2":"type-product","3":"status-publish","4":"has-post-thumbnail","6":"product_cat-kiko-milano","7":"product_cat-komplektid-victorias-secret","8":"product_cat-sale","10":"first","11":"outofstock","12":"sale","13":"shipping-taxable","14":"purchasable","15":"product-type-simple"},"jetpack_publicize_connections":[],"jetpack_sharing_enabled":true,"jetpack_likes_enabled":true,"_links":{"self":[{"href":"https:\/\/superstore.ee\/index.php\/wp-json\/wp\/v2\/product\/13432","targetHints":{"allow":["GET"]}}],"collection":[{"href":"https:\/\/superstore.ee\/index.php\/wp-json\/wp\/v2\/product"}],"about":[{"href":"https:\/\/superstore.ee\/index.php\/wp-json\/wp\/v2\/types\/product"}],"wp:featuredmedia":[{"embeddable":true,"href":"https:\/\/superstore.ee\/index.php\/wp-json\/wp\/v2\/media\/13695"}],"wp:attachment":[{"href":"https:\/\/superstore.ee\/index.php\/wp-json\/wp\/v2\/media?parent=13432"}],"wp:term":[{"taxonomy":"product_brand","embeddable":true,"href":"https:\/\/superstore.ee\/index.php\/wp-json\/wp\/v2\/product_brand?post=13432"},{"taxonomy":"product_cat","embeddable":true,"href":"https:\/\/superstore.ee\/index.php\/wp-json\/wp\/v2\/product_cat?post=13432"},{"taxonomy":"product_tag","embeddable":true,"href":"https:\/\/superstore.ee\/index.php\/wp-json\/wp\/v2\/product_tag?post=13432"}],"curies":[{"name":"wp","href":"https:\/\/api.w.org\/{rel}","templated":true}]}}