{"id":13439,"date":"2023-12-02T12:29:26","date_gmt":"2023-12-02T10:29:26","guid":{"rendered":"https:\/\/superstore.ee\/?post_type=product&#038;p=13439"},"modified":"2024-05-08T22:13:08","modified_gmt":"2024-05-08T20:13:08","slug":"meigikinkekomplekt-kiko-milano-holiday-premiere-total-look-makeup-gift-set","status":"publish","type":"product","link":"https:\/\/superstore.ee\/index.php\/toode\/meigikinkekomplekt-kiko-milano-holiday-premiere-total-look-makeup-gift-set\/","title":{"rendered":"Meigikinkekomplekt KIKO Milano Holiday Premi\u00e8re Total Look Makeup Gift Set"},"content":{"rendered":"","protected":false},"excerpt":{"rendered":"<div class=\"ProductDetails__Name visible-md\">\n<div role=\"heading\" data-size=\"medium\">\n<div class=\"woocommerce-product-details__short-description\">\n<p>\ud83c\uddea\ud83c\uddea Meigikinkekomplekt KIKO Milano<\/p>\n<p>Meigikinkekomplekt kaunis kinkekarbis metalse lauv\u00e4rvi, vol\u00fc\u00fcmi suurendava ripsmetu\u0161\u0161i ja \u00fclis\u00e4rava huulel\u00e4ikega. Ideaalne glamuurse ilme loomiseks. S\u00e4rav kingiidee oma armastatud \u00fcllatamiseks.<\/p>\n<p>Kinkekomplekt sisaldab:<\/p>\n<ul>\n<li>1 x Vesine lauv\u00e4rv <strong>Water Eyeshadow 200<\/strong><br \/>\nKoheselt v\u00e4rvi vabastav lauv\u00e4rv nii m\u00e4rjaks kui ka kuivaks kasutamiseks. Selle pehme ja kreemja koostisega saate luua mitmek\u00fclgse jumestuse elavate m\u00f5\u00f5tmete ja erakordse selgusega v\u00e4rvi jaoks.<\/li>\n<li>1 x Ripsmetu\u0161\u0161 <strong>Extra Sculpt Volume Mascara<\/strong><br \/>\nOmab vol\u00fc\u00fcmi suurendavat efekti \u00fclijulgete ripsmete jaoks. Spetsiaalse liivakellapintsliga on tihe ja kreemjas tekstuur kokkupandav ja kergesti pealekantav, j\u00e4tmata t\u00fckke.<\/li>\n<li>1 x 3D Huulel\u00e4ige <strong>3D Hydra Lipgloss 20<\/strong><br \/>\nNiisutav 3D-efektiga huulel\u00e4ige. Selle pehme ja sensuaalne tekstuur sulab huultele, j\u00e4ttes need siledaks ja s\u00e4ravaks.<\/li>\n<\/ul>\n<\/div>\n<div class=\"woocommerce-product-details__short-description\">\n<p>\ud83c\uddf7\ud83c\uddfa \u041f\u043e\u0434\u0430\u0440\u043e\u0447\u043d\u044b\u0439 \u043d\u0430\u0431\u043e\u0440 \u0434\u043b\u044f \u043c\u0430\u043a\u0438\u044f\u0436\u0430 KIKO Milano<\/p>\n<p>\u041f\u043e\u0434\u0430\u0440\u043e\u0447\u043d\u044b\u0439 \u043d\u0430\u0431\u043e\u0440 \u0434\u043b\u044f \u043c\u0430\u043a\u0438\u044f\u0436\u0430 \u0432 \u043a\u0440\u0430\u0441\u0438\u0432\u043e\u0439 \u043f\u043e\u0434\u0430\u0440\u043e\u0447\u043d\u043e\u0439 \u0443\u043f\u0430\u043a\u043e\u0432\u043a\u0435, \u0432\u043a\u043b\u044e\u0447\u0430\u044e\u0449\u0438\u0439 \u043c\u0435\u0442\u0430\u043b\u043b\u0438\u0447\u0435\u0441\u043a\u0438\u0435 \u0442\u0435\u043d\u0438 \u0434\u043b\u044f \u0432\u0435\u043a, \u0442\u0443\u0448\u044c \u0434\u043b\u044f \u043e\u0431\u044a\u0435\u043c\u0430 \u0440\u0435\u0441\u043d\u0438\u0446 \u0438 \u0441\u0443\u043f\u0435\u0440\u043c\u0435\u0440\u0446\u0430\u044e\u0449\u0438\u0439 \u0431\u043b\u0435\u0441\u043a \u0434\u043b\u044f \u0433\u0443\u0431. \u0418\u0434\u0435\u0430\u043b\u044c\u043d\u043e \u043f\u043e\u0434\u0445\u043e\u0434\u0438\u0442 \u0434\u043b\u044f \u0441\u043e\u0437\u0434\u0430\u043d\u0438\u044f \u0441\u0443\u043f\u0435\u0440 \u0433\u043b\u0430\u043c\u0443\u0440\u043d\u043e\u0433\u043e \u043e\u0431\u0440\u0430\u0437\u0430. \u042f\u0440\u043a\u0430\u044f \u0438\u0434\u0435\u044f \u043f\u043e\u0434\u0430\u0440\u043a\u0430, \u0447\u0442\u043e\u0431\u044b \u0443\u0434\u0438\u0432\u0438\u0442\u044c \u0442\u0435\u0445, \u043a\u043e\u0433\u043e \u0432\u044b \u043b\u044e\u0431\u0438\u0442\u0435.<\/p>\n<p>\u0412 \u043f\u043e\u0434\u0430\u0440\u043e\u0447\u043d\u044b\u0439 \u043d\u0430\u0431\u043e\u0440 \u0432\u0445\u043e\u0434\u044f\u0442:<\/p>\n<ul>\n<li>1 x \u0432\u043e\u0434\u043d\u044b\u0435 \u0442\u0435\u043d\u0438 \u0434\u043b\u044f \u0432\u0435\u043a <strong>Water Eyeshadow 200<\/strong><br \/>\n\u0422\u0435\u043d\u0438 \u0434\u043b\u044f \u0432\u0435\u043a \u0441 \u043c\u0433\u043d\u043e\u0432\u0435\u043d\u043d\u044b\u043c \u0432\u044b\u0441\u0432\u043e\u0431\u043e\u0436\u0434\u0435\u043d\u0438\u0435\u043c \u0446\u0432\u0435\u0442\u0430, \u043f\u043e\u0434\u0445\u043e\u0434\u044f\u0442 \u043a\u0430\u043a \u0434\u043b\u044f \u0432\u043b\u0430\u0436\u043d\u043e\u0433\u043e, \u0442\u0430\u043a \u0438 \u0434\u043b\u044f \u0441\u0443\u0445\u043e\u0433\u043e \u0438\u0441\u043f\u043e\u043b\u044c\u0437\u043e\u0432\u0430\u043d\u0438\u044f. \u0411\u043b\u0430\u0433\u043e\u0434\u0430\u0440\u044f \u043c\u044f\u0433\u043a\u043e\u0439 \u043a\u0440\u0435\u043c\u043e\u0432\u043e\u0439 \u0444\u043e\u0440\u043c\u0443\u043b\u0435 \u0432\u044b \u043c\u043e\u0436\u0435\u0442\u0435 \u0441\u043e\u0437\u0434\u0430\u0442\u044c \u0443\u043d\u0438\u0432\u0435\u0440\u0441\u0430\u043b\u044c\u043d\u044b\u0439 \u043c\u0430\u043a\u0438\u044f\u0436, \u043f\u043e\u043b\u0443\u0447\u0438\u0432 \u0446\u0432\u0435\u0442 \u0441 \u044f\u0440\u043a\u0438\u043c\u0438 \u043a\u043e\u043c\u043f\u043e\u043d\u0435\u043d\u0442\u0430\u043c\u0438 \u0438 \u043d\u0435\u043e\u0431\u044b\u0447\u0430\u0439\u043d\u043e\u0439 \u0447\u0435\u0442\u043a\u043e\u0441\u0442\u044c\u044e.<\/li>\n<li>1 \u0445 \u0442\u0443\u0448\u044c \u0434\u043b\u044f \u0440\u0435\u0441\u043d\u0438\u0446 <strong>Extra Sculpt Volume Mascara<\/strong><br \/>\n\u041e\u0431\u043b\u0430\u0434\u0430\u0435\u0442 \u044d\u0444\u0444\u0435\u043a\u0442\u043e\u043c \u0443\u0432\u0435\u043b\u0438\u0447\u0435\u043d\u0438\u044f \u043e\u0431\u044a\u0435\u043c\u0430, \u0434\u0435\u043b\u0430\u0435\u0442 \u0440\u0435\u0441\u043d\u0438\u0446\u044b \u043e\u0447\u0435\u043d\u044c \u0433\u0443\u0441\u0442\u044b\u043c\u0438. \u041a\u0438\u0441\u0442\u044c \u0432 \u0444\u043e\u0440\u043c\u0435 \u043f\u0435\u0441\u043e\u0447\u043d\u044b\u0445 \u0447\u0430\u0441\u043e\u0432 \u043f\u043e\u0437\u0432\u043e\u043b\u044f\u0435\u0442 \u0441\u043e\u0437\u0434\u0430\u0442\u044c \u043f\u043b\u043e\u0442\u043d\u0443\u044e \u043a\u0440\u0435\u043c\u043e\u0432\u0443\u044e \u0442\u0435\u043a\u0441\u0442\u0443\u0440\u0443, \u043a\u043e\u0442\u043e\u0440\u0443\u044e \u043b\u0435\u0433\u043a\u043e \u043d\u0430\u043d\u043e\u0441\u0438\u0442\u044c, \u043d\u0435 \u043e\u0441\u0442\u0430\u0432\u043b\u044f\u044f \u043a\u043e\u043c\u043e\u0447\u043a\u043e\u0432.<\/li>\n<li>1 \u0445 3D \u0431\u043b\u0435\u0441\u043a \u0434\u043b\u044f \u0433\u0443\u0431 <strong>3D Hydra Lipgloss 20<\/strong><br \/>\n\u0423\u0432\u043b\u0430\u0436\u043d\u044f\u044e\u0449\u0438\u0439 \u0431\u043b\u0435\u0441\u043a \u0434\u043b\u044f \u0433\u0443\u0431 \u0441 3D-\u044d\u0444\u0444\u0435\u043a\u0442\u043e\u043c. \u0415\u0433\u043e \u043c\u044f\u0433\u043a\u0430\u044f \u0438 \u0447\u0443\u0432\u0441\u0442\u0432\u0435\u043d\u043d\u0430\u044f \u0442\u0435\u043a\u0441\u0442\u0443\u0440\u0430 \u0442\u0430\u0435\u0442 \u043d\u0430 \u0433\u0443\u0431\u0430\u0445, \u0434\u0435\u043b\u0430\u044f \u0438\u0445 \u0433\u043b\u0430\u0434\u043a\u0438\u043c\u0438 \u0438 \u0441\u0438\u044f\u044e\u0449\u0438\u043c\u0438.<\/li>\n<\/ul>\n<p>\ud83c\uddfa\ud83c\uddf8 KIKO Milano Holiday Premi\u00e8re Total Look Makeup Gift Set<\/p>\n<p>Make-up gift set in a beautiful gift box with metallic eyeshadow, volume-enhancing mascara and super shimmery lip gloss. Ideal for creating a super glam look. A bright gift idea for surprising those you love.<\/p>\n<p>The gift set contains:<\/p>\n<ul>\n<li>1 x <strong>Water Eyeshadow 200<\/strong><br \/>\nEyeshadow with instant colour release for both wet and dry use. With its soft and creamy formula you can create multifaceted make-up, for a colour with lively dimensions and extraordinary clarity.<\/li>\n<li>1 x <strong>Extra Sculpt Volume Mascara<\/strong><br \/>\nHas a volume-enhancing effect for ultra-bold lashes. With the special hourglass brush, the dense and creamy texture is buildable and easy to apply, leaving no clumps.<\/li>\n<li>1 x <strong>3D Hydra Lipgloss 20<\/strong><br \/>\nHydrating 3D-effect lip gloss. Its soft and sensuous texture melts into the lips, leaving them smooth and radiant.<\/li>\n<\/ul>\n<\/div>\n<\/div>\n<\/div>\n","protected":false},"featured_media":13596,"template":"","meta":{"jetpack_publicize_message":"","jetpack_publicize_feature_enabled":true,"jetpack_social_post_already_shared":false,"jetpack_social_options":{"image_generator_settings":{"template":"highway","default_image_id":0,"font":"","enabled":false},"version":2}},"product_brand":[],"product_cat":[340,342],"product_tag":[],"class_list":{"0":"post-13439","1":"product","2":"type-product","3":"status-publish","4":"has-post-thumbnail","6":"product_cat-kiko-milano","7":"product_cat-komplektid-victorias-secret","9":"first","10":"outofstock","11":"sale","12":"shipping-taxable","13":"purchasable","14":"product-type-simple"},"jetpack_publicize_connections":[],"jetpack_sharing_enabled":true,"jetpack_likes_enabled":true,"_links":{"self":[{"href":"https:\/\/superstore.ee\/index.php\/wp-json\/wp\/v2\/product\/13439","targetHints":{"allow":["GET"]}}],"collection":[{"href":"https:\/\/superstore.ee\/index.php\/wp-json\/wp\/v2\/product"}],"about":[{"href":"https:\/\/superstore.ee\/index.php\/wp-json\/wp\/v2\/types\/product"}],"wp:featuredmedia":[{"embeddable":true,"href":"https:\/\/superstore.ee\/index.php\/wp-json\/wp\/v2\/media\/13596"}],"wp:attachment":[{"href":"https:\/\/superstore.ee\/index.php\/wp-json\/wp\/v2\/media?parent=13439"}],"wp:term":[{"taxonomy":"product_brand","embeddable":true,"href":"https:\/\/superstore.ee\/index.php\/wp-json\/wp\/v2\/product_brand?post=13439"},{"taxonomy":"product_cat","embeddable":true,"href":"https:\/\/superstore.ee\/index.php\/wp-json\/wp\/v2\/product_cat?post=13439"},{"taxonomy":"product_tag","embeddable":true,"href":"https:\/\/superstore.ee\/index.php\/wp-json\/wp\/v2\/product_tag?post=13439"}],"curies":[{"name":"wp","href":"https:\/\/api.w.org\/{rel}","templated":true}]}}