{"id":13468,"date":"2023-12-02T20:59:37","date_gmt":"2023-12-02T17:59:37","guid":{"rendered":"https:\/\/superstore.ee\/?post_type=product&#038;p=13468"},"modified":"2026-03-21T21:34:46","modified_gmt":"2026-03-21T19:34:46","slug":"voluumi-andev-huulelaige-hualuroonhappega-kiko-milano-lip-volume","status":"publish","type":"product","link":"https:\/\/superstore.ee\/index.php\/toode\/voluumi-andev-huulelaige-hualuroonhappega-kiko-milano-lip-volume\/","title":{"rendered":"KIKO Milano Lip Volume With Hyaluronic Acid (02 Transparent)"},"content":{"rendered":"","protected":false},"excerpt":{"rendered":"<div class=\"ProductDetails__Sub hidden-md\">\n<p data-start=\"285\" data-end=\"381\"><strong>Huulte vol\u00fc\u00fcmi suurendav ja niisutav l\u00e4ige<\/strong><\/p>\n<p class=\"\" data-start=\"383\" data-end=\"565\">Huuli niisutav ja siluv huulel\u00e4ige, mis annab neile t\u00e4idlasema, siledama ja s\u00e4ravama v\u00e4limuse juba esimesel kasutusel. Sobib igap\u00e4evaseks kandmiseks nii \u00fcksi kui ka huulepulga peale.<\/p>\n<p class=\"\" data-start=\"567\" data-end=\"722\">Koostis on rikastatud h\u00fcaluroonhappe ja seesamiseemne\u00f5liga, mis niisutavad ja hooldavad huuli, samal ajal kui peegell\u00e4ige t\u00f5stab esile nende loomuliku ilu.<\/p>\n<p class=\"\" data-start=\"724\" data-end=\"752\"><strong data-start=\"724\" data-end=\"750\">Aktiivsed koostisosad:<\/strong><\/p>\n<ul>\n<li data-start=\"755\" data-end=\"805\"><strong data-start=\"755\" data-end=\"772\">H\u00fcaluroonhape<\/strong> \u2013 s\u00fcgavniisutav ja siluv toime<\/li>\n<li data-start=\"808\" data-end=\"871\"><strong data-start=\"808\" data-end=\"828\">Seesamiseemne\u00f5li<\/strong> \u2013 pehmendab ja muudab huuled elastsemaks<\/li>\n<\/ul>\n<p class=\"\" data-start=\"873\" data-end=\"958\"><strong data-start=\"873\" data-end=\"887\">Tulemused:<\/strong> Siledamad, niisutatud ja visuaalselt t\u00e4idlasemad huuled kerge l\u00e4ikega.<\/p>\n<p class=\"\" data-start=\"1115\" data-end=\"1129\"><strong data-start=\"1115\" data-end=\"1127\">Eelised:<\/strong><\/p>\n<ul>\n<li data-start=\"1132\" data-end=\"1165\">T\u00e4idlasemad ja siledamad huuled<\/li>\n<li data-start=\"1168\" data-end=\"1197\">Niisutav ja hooldav koostis<\/li>\n<li data-start=\"1200\" data-end=\"1213\">Peegell\u00e4ige<\/li>\n<li data-start=\"1216\" data-end=\"1248\">Kerge ja mittekleepuv tekstuur<\/li>\n<li data-start=\"1251\" data-end=\"1280\">Dermatoloogiliselt testitud<\/li>\n<\/ul>\n<p class=\"\" data-start=\"1282\" data-end=\"1324\"><strong data-start=\"1282\" data-end=\"1291\">Maht:<\/strong> 6,5 ml<br data-start=\"1298\" data-end=\"1301\" \/><strong data-start=\"1301\" data-end=\"1316\">Tootjariik:<\/strong> Itaalia<\/p>\n<details>\n<summary>Details<\/summary>\n<div translate=\"no\">KIKO MILANO Lip Volume &#8211; Perfecting and volumising lip cream. Perfecting and volumising lip cream: nourishes and moisturises, revitalising the natural colour of the lips.<br \/>\nThe special formula, enriched with sesame seed oil and hyaluronic acid spheres, gives a volume-enhancing, shiny effect, moisturising and reshaping the lips.<br \/>\nThanks to the flocked applicator, the soft and enveloping texture melts onto the lips with extreme ease, enhancing them.Transparent &#8211; Revitalise the natural colour of the lips:6.5 ml \/ 0.220 fl.oz<br \/>\nMade in ItalyINGREDIENTS:<br \/>\nHYDROGENATED POLYDECENE, POLYBUTENE, HYDROGENATED STYRENE\/ISOPRENE COPOLYMER, CAPRYLIC\/CAPRIC TRIGLYCERIDE, ETHYLHEXYL PALMITATE, BIS-BEHENYL\/ISOSTEARYL\/PHYTOSTERYL DIMER DILINOLEYL DIMER DILINOLEATE, DIPENTAERYTHRITYL TETRAHYDROXYSTEARATE\/TETRAISOSTEARATE, DIMETHYL ISOSORBIDE, MENTHONE GLYCERIN ACETAL, AROMA (FLAVOR), PENTAERYTHRITYL TETRA-DI-T-BUTYL HYDROXYHYDROCINNAMATE, TOCOPHEROL, SESAMUM INDICUM SEED EXTRACT (SESAMUM INDICUM (SESAME) SEED EXTRACT), SILICA DIMETHYL SILYLATE, BUTYLENE GLYCOL, CAPRYLYL GLYCOL, PHENOXYETHANOL, SODIUM HYALURONATE, HEXYLENE GLYCOL. +\/- (MAY CONTAIN): CI 77891 (TITANIUM DIOXIDE), CI 42090 (BLUE 1 LAKE), CI 77491 &#8211; CI 77492 &#8211; CI 77499 (IRON OXIDES), CI 15850 (RED 7 LAKE), CI 45410 (RED 28 LAKE).<\/div>\n<p>KIKO Milano \u043a\u0440\u0435\u043c-\u0431\u043b\u0435\u0441\u043a \u0434\u043b\u044f \u0443\u0432\u0435\u043b\u0438\u0447\u0435\u043d\u0438\u044f \u0433\u0443\u0431. \u041e\u0431\u043e\u0433\u0430\u0449\u0435\u043d \u043a\u0443\u043d\u0436\u0443\u0442\u043d\u044b\u043c \u043c\u0430\u0441\u043b\u043e\u043c \u0438 \u0433\u0438\u0430\u043b\u0443\u0440\u043e\u043d\u043e\u0432\u043e\u0439 \u043a\u0438\u0441\u043b\u043e\u0442\u043e\u0439, \u0447\u0442\u043e \u043f\u0440\u0438\u0434\u0430\u0435\u0442 \u043e\u0431\u044a\u0435\u043c \u0433\u0443\u0431\u0430\u043c, \u043f\u0438\u0442\u0430\u0435\u0442 \u0438 \u0443\u0432\u043b\u0430\u0436\u043d\u044f\u0435\u0442.<\/p>\n<\/details>\n<\/div>\n","protected":false},"featured_media":9746,"template":"","meta":{"jetpack_publicize_message":"","jetpack_publicize_feature_enabled":true,"jetpack_social_post_already_shared":false,"jetpack_social_options":{"image_generator_settings":{"template":"highway","default_image_id":0,"font":"","enabled":false},"version":2}},"product_brand":[],"product_cat":[911,969,988,986,973,340,964],"product_tag":[],"class_list":{"0":"post-13468","1":"product","2":"type-product","3":"status-publish","4":"has-post-thumbnail","6":"product_cat-huuled","7":"product_cat-lip-care","8":"product_cat-lip-gloss","9":"product_cat-kiko-lips","10":"product_cat-makeup","11":"product_cat-kiko-milano","12":"product_cat-face-care","13":"pa_varv-01-tutu-rose","14":"pa_varv-transparent","15":"pa_varv-tutu-rose-11-05-taas-saadaval","17":"first","18":"instock","19":"sale","20":"shipping-taxable","21":"purchasable","22":"product-type-simple"},"jetpack_publicize_connections":[],"jetpack_sharing_enabled":true,"jetpack_likes_enabled":true,"_links":{"self":[{"href":"https:\/\/superstore.ee\/index.php\/wp-json\/wp\/v2\/product\/13468","targetHints":{"allow":["GET"]}}],"collection":[{"href":"https:\/\/superstore.ee\/index.php\/wp-json\/wp\/v2\/product"}],"about":[{"href":"https:\/\/superstore.ee\/index.php\/wp-json\/wp\/v2\/types\/product"}],"wp:featuredmedia":[{"embeddable":true,"href":"https:\/\/superstore.ee\/index.php\/wp-json\/wp\/v2\/media\/9746"}],"wp:attachment":[{"href":"https:\/\/superstore.ee\/index.php\/wp-json\/wp\/v2\/media?parent=13468"}],"wp:term":[{"taxonomy":"product_brand","embeddable":true,"href":"https:\/\/superstore.ee\/index.php\/wp-json\/wp\/v2\/product_brand?post=13468"},{"taxonomy":"product_cat","embeddable":true,"href":"https:\/\/superstore.ee\/index.php\/wp-json\/wp\/v2\/product_cat?post=13468"},{"taxonomy":"product_tag","embeddable":true,"href":"https:\/\/superstore.ee\/index.php\/wp-json\/wp\/v2\/product_tag?post=13468"}],"curies":[{"name":"wp","href":"https:\/\/api.w.org\/{rel}","templated":true}]}}